{"id":689637,"date":"2025-08-27T13:47:53","date_gmt":"2025-08-27T10:47:53","guid":{"rendered":"https:\/\/roveyayinevi.com.tr\/index.php\/urun\/eski-caglar\/"},"modified":"2026-04-16T01:59:20","modified_gmt":"2026-04-15T22:59:20","slug":"eski-caglar","status":"publish","type":"product","link":"https:\/\/roveyayinevi.com.tr\/index.php\/urun\/eski-caglar\/","title":{"rendered":"Eski \u00c7a\u011flar"},"content":{"rendered":"<p>D\u00fcnyay\u0131 binlerce sene \u00f6nceki haliyle ke\u015ffedin. \u00c7in Seddi\u2019ni yapanlarla tan\u0131\u015f\u0131n ve firavunlar\u0131n nas\u0131l mumyaland\u0131\u011f\u0131n\u0131 \u00f6\u011frenin. Roma ordusu ile birlikte ad\u0131m ad\u0131m ilerleyin ve Babil\u2019in asma bah\u00e7elerinde dola\u015f\u0131n. Hatta daha da gerilere uzan\u0131p, ma\u011faralardaki ilk duvar resimlerinin nas\u0131l yap\u0131ld\u0131\u011f\u0131n\u0131 seyredin. Bu kitap sizi tarihte unutamayaca\u011f\u0131n\u0131z bir yolculu\u011fa \u00e7\u0131karacak. <\/p>\n","protected":false},"excerpt":{"rendered":"<p>D\u00fcnyay\u0131 binlerce sene \u00f6nceki haliyle ke\u015ffedin. \u00c7in Seddi\u2019ni yapanlarla tan\u0131\u015f\u0131n ve firavunlar\u0131n nas\u0131l mumyaland\u0131\u011f\u0131n\u0131 \u00f6\u011frenin. Roma ordusu ile birlikte ad\u0131m ad\u0131m ilerleyin ve Babil\u2019in asma bah\u00e7elerinde<span class=\"excerpt-hellip\"> [\u2026]<\/span><\/p>\n","protected":false},"featured_media":0,"template":"","meta":{"_monsterinsights_skip_tracking":false,"_monsterinsights_sitenote_active":false,"_monsterinsights_sitenote_note":"","_monsterinsights_sitenote_category":0},"product_brand":[],"product_cat":[12274],"product_tag":[],"class_list":{"0":"post-689637","1":"product","2":"type-product","3":"status-publish","5":"product_cat-cocuk-ve-genclik-kitaplari","6":"pa_cilt-ciltsiz","7":"pa_tur-kitap","8":"pa_yayinevi-is-bankasi-kultur-yayinlari","9":"pa_yazar-kolektif","11":"first","12":"instock","13":"sale","14":"shipping-taxable","15":"purchasable","16":"product-type-simple"},"_links":{"self":[{"href":"https:\/\/roveyayinevi.com.tr\/index.php\/wp-json\/wp\/v2\/product\/689637","targetHints":{"allow":["GET"]}}],"collection":[{"href":"https:\/\/roveyayinevi.com.tr\/index.php\/wp-json\/wp\/v2\/product"}],"about":[{"href":"https:\/\/roveyayinevi.com.tr\/index.php\/wp-json\/wp\/v2\/types\/product"}],"wp:attachment":[{"href":"https:\/\/roveyayinevi.com.tr\/index.php\/wp-json\/wp\/v2\/media?parent=689637"}],"wp:term":[{"taxonomy":"product_brand","embeddable":true,"href":"https:\/\/roveyayinevi.com.tr\/index.php\/wp-json\/wp\/v2\/product_brand?post=689637"},{"taxonomy":"product_cat","embeddable":true,"href":"https:\/\/roveyayinevi.com.tr\/index.php\/wp-json\/wp\/v2\/product_cat?post=689637"},{"taxonomy":"product_tag","embeddable":true,"href":"https:\/\/roveyayinevi.com.tr\/index.php\/wp-json\/wp\/v2\/product_tag?post=689637"}],"curies":[{"name":"wp","href":"https:\/\/api.w.org\/{rel}","templated":true}]}}