{"id":689635,"date":"2025-08-27T13:12:16","date_gmt":"2025-08-27T10:12:16","guid":{"rendered":"https:\/\/roveyayinevi.com.tr\/index.php\/urun\/evlenme-kumarbazlar\/"},"modified":"2026-04-16T01:59:20","modified_gmt":"2026-04-15T22:59:20","slug":"evlenme-kumarbazlar","status":"publish","type":"product","link":"https:\/\/roveyayinevi.com.tr\/index.php\/urun\/evlenme-kumarbazlar\/","title":{"rendered":"Evlenme &#8211; Kumarbazlar"},"content":{"rendered":"<p>Nikolay Vasilyevi\u00e7 Gogol (1809-1852): Ukraynada, orta halli toprak sahibi bir ailede d\u00fcnyaya geldi. \u00c7ocuklu\u011funu etkileyen k\u00f6y ya\u015fam\u0131 ve Kazak gelenekleri eserlerine yans\u0131d\u0131, Ukrayna halk k\u00fclt\u00fcr\u00fcn\u00fcn \u00f6\u011feleriyle i\u015flenmi\u015f \u00f6yk\u00fcler yazd\u0131. Mizah anlay\u0131\u015f\u0131, ger\u00e7ek\u00e7i tutumu ve canl\u0131 anlat\u0131m\u0131yla Rus edebiyat\u0131nda \u00f6nemli bir yenili\u011fin \u00f6nc\u00fcs\u00fc oldu. Dikanka Yak\u0131nlar\u0131nda Bir \u00c7iftlikte Ak\u015fam Toplant\u0131lar\u0131, Petersburg \u00d6yk\u00fcleri ve Mirgorod \u00d6yk\u00fclerinde mizah\u0131n yan\u0131 s\u0131ra ya\u015fam kar\u015f\u0131s\u0131nda karamsarl\u0131k ve d\u00fcnyan\u0131n k\u00f6t\u00fcl\u00fc\u011f\u00fc \u00fczerine d\u00fc\u015f\u00fcncelerini ortaya koydu. \u00d6l\u00fc Canlar feodal toprak m\u00fclkiyeti ve serfli\u011fi ele alan bir ba\u015fyap\u0131tt\u0131r. Gogol, en be\u011fenilen komedilerinden biri olan Evlenmede \u00e7\u00f6p\u00e7atanl\u0131k gelene\u011fini ve damat adaylar\u0131n\u0131n \u015fahs\u0131nda toplumun hemen her s\u0131n\u0131f\u0131n\u0131 alaya al\u0131r. Kumarbazlarda ise usta kumarbazlar\u0131n zek\u00e2 ve ustal\u0131k dolu entrikalar\u0131n\u0131 kusursuz bir kurgu ve keyifli bir dille aktar\u0131r. Koray Karasulu (1975): \u0130.\u00dc. Rus Dili ve Edebiyat\u0131 b\u00f6l\u00fcm\u00fcn\u00fc bitirdi. Rus edebiyat\u0131n\u0131n en b\u00fcy\u00fck yazarlar\u0131ndan Pu\u015fkin, Dostoyevski, Tolstoy, Gogol, G\u0131rki&#8217;nin bir\u00e7ok eserini T\u00fcrk\u00e7eye \u00e7evirdi. Pek \u00e7ok Rus klasi\u011finin redakt\u00f6rl\u00fc\u011f\u00fcn\u00fc yapt\u0131. Gogol&#8217;dan yapt\u0131\u011f\u0131 Evlenme ve M\u00fcfetti\u015f \u00e7evirileri Devlet Tiyatrolar\u0131 taraf\u0131ndan sahnelendi. \ufffcTan\u0131t\u0131m Metni<\/p>\n","protected":false},"excerpt":{"rendered":"<p>Nikolay Vasilyevi\u00e7 Gogol (1809-1852): Ukraynada, orta halli toprak sahibi bir ailede d\u00fcnyaya geldi. \u00c7ocuklu\u011funu etkileyen k\u00f6y ya\u015fam\u0131 ve Kazak gelenekleri eserlerine yans\u0131d\u0131, Ukrayna halk k\u00fclt\u00fcr\u00fcn\u00fcn \u00f6\u011feleriyle<span class=\"excerpt-hellip\"> [\u2026]<\/span><\/p>\n","protected":false},"featured_media":0,"template":"","meta":{"_monsterinsights_skip_tracking":false,"_monsterinsights_sitenote_active":false,"_monsterinsights_sitenote_note":"","_monsterinsights_sitenote_category":0},"product_brand":[],"product_cat":[12291,13570],"product_tag":[],"class_list":{"0":"post-689635","1":"product","2":"type-product","3":"status-publish","5":"product_cat-edebiyat","6":"product_cat-rus-edebiyati","7":"pa_cilt-ciltsiz","8":"pa_tur-kitap","9":"pa_yayinevi-is-bankasi-kultur-yayinlari","10":"pa_yazar-nikolay-vasilyevic-gogol","12":"first","13":"instock","14":"sale","15":"shipping-taxable","16":"purchasable","17":"product-type-simple"},"_links":{"self":[{"href":"https:\/\/roveyayinevi.com.tr\/index.php\/wp-json\/wp\/v2\/product\/689635","targetHints":{"allow":["GET"]}}],"collection":[{"href":"https:\/\/roveyayinevi.com.tr\/index.php\/wp-json\/wp\/v2\/product"}],"about":[{"href":"https:\/\/roveyayinevi.com.tr\/index.php\/wp-json\/wp\/v2\/types\/product"}],"wp:attachment":[{"href":"https:\/\/roveyayinevi.com.tr\/index.php\/wp-json\/wp\/v2\/media?parent=689635"}],"wp:term":[{"taxonomy":"product_brand","embeddable":true,"href":"https:\/\/roveyayinevi.com.tr\/index.php\/wp-json\/wp\/v2\/product_brand?post=689635"},{"taxonomy":"product_cat","embeddable":true,"href":"https:\/\/roveyayinevi.com.tr\/index.php\/wp-json\/wp\/v2\/product_cat?post=689635"},{"taxonomy":"product_tag","embeddable":true,"href":"https:\/\/roveyayinevi.com.tr\/index.php\/wp-json\/wp\/v2\/product_tag?post=689635"}],"curies":[{"name":"wp","href":"https:\/\/api.w.org\/{rel}","templated":true}]}}