{"id":689630,"date":"2025-08-27T13:12:15","date_gmt":"2025-08-27T10:12:15","guid":{"rendered":"https:\/\/roveyayinevi.com.tr\/index.php\/urun\/gezegenimiz-yerkure\/"},"modified":"2026-04-16T01:59:20","modified_gmt":"2026-04-15T22:59:20","slug":"gezegenimiz-yerkure","status":"publish","type":"product","link":"https:\/\/roveyayinevi.com.tr\/index.php\/urun\/gezegenimiz-yerkure\/","title":{"rendered":"Gezegenimiz Yerk\u00fcre"},"content":{"rendered":"<p>Yerk\u00fcre kaya\u00e7lardan olu\u015fan ve kendi etraf\u0131nda d\u00f6nen, dev bir toptur. G\u00fcne\u015f&#8217;in \u00e7evresinde d\u00f6nen dokuz gezegenden biridir. \u00dczerinde ya\u015fam oldu\u011funu bildi\u011fimiz tek gezegendir. Y\u00fczeyinin \u00fc\u00e7te ikisinden fazlas\u0131 okyanuslarla, geri kalan\u0131 da k\u0131ta (anakara) ad\u0131 verilen kara par\u00e7alar\u0131yla kapl\u0131d\u0131r. Atmosfer ad\u0131 verilen bir hava katman\u0131 D\u00fcnya&#8217;y\u0131 \u00e7evreler. <\/p>\n","protected":false},"excerpt":{"rendered":"<p>Yerk\u00fcre kaya\u00e7lardan olu\u015fan ve kendi etraf\u0131nda d\u00f6nen, dev bir toptur. G\u00fcne\u015f&#8217;in \u00e7evresinde d\u00f6nen dokuz gezegenden biridir. \u00dczerinde ya\u015fam oldu\u011funu bildi\u011fimiz tek gezegendir. Y\u00fczeyinin \u00fc\u00e7te ikisinden fazlas\u0131<span class=\"excerpt-hellip\"> [\u2026]<\/span><\/p>\n","protected":false},"featured_media":0,"template":"","meta":{"_monsterinsights_skip_tracking":false,"_monsterinsights_sitenote_active":false,"_monsterinsights_sitenote_note":"","_monsterinsights_sitenote_category":0},"product_brand":[],"product_cat":[12274,12284],"product_tag":[],"class_list":{"0":"post-689630","1":"product","2":"type-product","3":"status-publish","5":"product_cat-cocuk-ve-genclik-kitaplari","6":"product_cat-hikayeler","7":"pa_cilt-ciltsiz","8":"pa_tur-kitap","9":"pa_yayinevi-is-bankasi-kultur-yayinlari","10":"pa_yazar-nicholas-harris","12":"first","13":"instock","14":"sale","15":"shipping-taxable","16":"purchasable","17":"product-type-simple"},"_links":{"self":[{"href":"https:\/\/roveyayinevi.com.tr\/index.php\/wp-json\/wp\/v2\/product\/689630","targetHints":{"allow":["GET"]}}],"collection":[{"href":"https:\/\/roveyayinevi.com.tr\/index.php\/wp-json\/wp\/v2\/product"}],"about":[{"href":"https:\/\/roveyayinevi.com.tr\/index.php\/wp-json\/wp\/v2\/types\/product"}],"wp:attachment":[{"href":"https:\/\/roveyayinevi.com.tr\/index.php\/wp-json\/wp\/v2\/media?parent=689630"}],"wp:term":[{"taxonomy":"product_brand","embeddable":true,"href":"https:\/\/roveyayinevi.com.tr\/index.php\/wp-json\/wp\/v2\/product_brand?post=689630"},{"taxonomy":"product_cat","embeddable":true,"href":"https:\/\/roveyayinevi.com.tr\/index.php\/wp-json\/wp\/v2\/product_cat?post=689630"},{"taxonomy":"product_tag","embeddable":true,"href":"https:\/\/roveyayinevi.com.tr\/index.php\/wp-json\/wp\/v2\/product_tag?post=689630"}],"curies":[{"name":"wp","href":"https:\/\/api.w.org\/{rel}","templated":true}]}}