{"id":689627,"date":"2025-08-27T13:12:14","date_gmt":"2025-08-27T10:12:14","guid":{"rendered":"https:\/\/roveyayinevi.com.tr\/index.php\/urun\/emile-ya-da-egitim-uzerine\/"},"modified":"2026-04-16T01:59:20","modified_gmt":"2026-04-15T22:59:20","slug":"emile-ya-da-egitim-uzerine","status":"publish","type":"product","link":"https:\/\/roveyayinevi.com.tr\/index.php\/urun\/emile-ya-da-egitim-uzerine\/","title":{"rendered":"Emile ya da E\u011fitim \u00dczerine"},"content":{"rendered":"<p>Jean-Jacques Rousseau (1712-1778): Ayd\u0131nlanma d\u00f6neminin en \u00f6nemli romantik d\u00fc\u015f\u00fcn\u00fcr\u00fcd\u00fcr. 1750&#8217;de yazd\u0131\u011f\u0131 Bilimler ve Sanatlar \u00dczerine S\u00f6ylev adl\u0131 kitap\u00e7\u0131\u011f\u0131 Dijon Akademisi taraf\u0131ndan \u00f6d\u00fcllendirildi. Be\u015f y\u0131l sonra yazd\u0131\u011f\u0131 \u0130nsan aras\u0131ndaki E\u015fitsizli\u011fin Kayna\u011f\u0131 ile yine dikkatleri \u00fczerine \u00e7ekti. Toplum S\u00f6zle\u015fmesi yay\u0131nland\u0131\u011f\u0131 g\u00fcnden bu yana toplumsal ya\u015fama dair temel eserlerden biri say\u0131lmaktad\u0131r. Rousseau, ana babalar\u0131n \u00e7ocuklara kar\u015f\u0131 olan g\u00f6revlerini anlatt\u0131\u011f\u0131 Emile&#8217;de sadece \u00e7ocuk e\u011fitimini ele almakla kalmam\u0131\u015f, ya\u015fad\u0131\u011f\u0131 d\u00f6nemin sosyal, siyasal ve dinsel kurumlar\u0131n\u0131n da \u00e7arp\u0131c\u0131 bir ele\u015ftirisini yapm\u0131\u015ft\u0131r. Ya\u015far Avun\u00e7 (1927): \u0130.\u00dc. Edebiyat Fak\u00fcltesi Frnas\u0131z ve Roman Filolojisi b\u00f6l\u00fcm\u00fcn\u00fc bitirdi. 1952-1954 y\u0131llar\u0131 aras\u0131nda Sarre (Saarland) \u00dcniversitesi Avrupa Enstit\u00fcs\u00fc&#8217;nde e\u011fitim g\u00f6rd\u00fc. Bankac\u0131l\u0131k yapt\u0131\u011f\u0131 s\u0131rada \u015fube m\u00fcd\u00fcrl\u00fc\u011f\u00fcnden y\u00f6netim kurulu \u00fcyeli\u011fine kadar \u00e7e\u015fitli kademelerde g\u00f6rev ald\u0131. Bir s\u00fcre T\u00fcrk Frans\u0131z K\u00fclt\u00fcr Derne\u011fi ba\u015fkanl\u0131\u011f\u0131n\u0131 y\u00fcr\u00fctt\u00fc. Aras\u0131nda H. Bergson, M. Tournier, H. de Balzac, J. Genet, A. de Saint-Exupery, J.J. Rousseau&#8217;nun da bulundu\u011fu pek \u00e7ok Frans\u0131z yazar ve d\u00fc\u015f\u00fcn\u00fcrden otuzun \u00fcst\u00fcnde eseri T\u00fcrk\u00e7eye \u00e7evirdi. \u00c7eviri Derne\u011fi 2008 Onur \u00d6d\u00fcl\u00fc&#8217;n\u00fc kazand\u0131. \ufffcTan\u0131t\u0131m Metni<\/p>\n","protected":false},"excerpt":{"rendered":"<p>Jean-Jacques Rousseau (1712-1778): Ayd\u0131nlanma d\u00f6neminin en \u00f6nemli romantik d\u00fc\u015f\u00fcn\u00fcr\u00fcd\u00fcr. 1750&#8217;de yazd\u0131\u011f\u0131 Bilimler ve Sanatlar \u00dczerine S\u00f6ylev adl\u0131 kitap\u00e7\u0131\u011f\u0131 Dijon Akademisi taraf\u0131ndan \u00f6d\u00fcllendirildi. Be\u015f y\u0131l sonra yazd\u0131\u011f\u0131<span class=\"excerpt-hellip\"> [\u2026]<\/span><\/p>\n","protected":false},"featured_media":0,"template":"","meta":{"_monsterinsights_skip_tracking":false,"_monsterinsights_sitenote_active":false,"_monsterinsights_sitenote_note":"","_monsterinsights_sitenote_category":0},"product_brand":[],"product_cat":[12291,13376],"product_tag":[],"class_list":{"0":"post-689627","1":"product","2":"type-product","3":"status-publish","5":"product_cat-edebiyat","6":"product_cat-fransiz-edebiyati","7":"pa_cilt-ciltsiz","8":"pa_tur-kitap","9":"pa_yayinevi-is-bankasi-kultur-yayinlari","10":"pa_yazar-jean-jacques-rousseau","12":"first","13":"instock","14":"sale","15":"shipping-taxable","16":"purchasable","17":"product-type-simple"},"_links":{"self":[{"href":"https:\/\/roveyayinevi.com.tr\/index.php\/wp-json\/wp\/v2\/product\/689627","targetHints":{"allow":["GET"]}}],"collection":[{"href":"https:\/\/roveyayinevi.com.tr\/index.php\/wp-json\/wp\/v2\/product"}],"about":[{"href":"https:\/\/roveyayinevi.com.tr\/index.php\/wp-json\/wp\/v2\/types\/product"}],"wp:attachment":[{"href":"https:\/\/roveyayinevi.com.tr\/index.php\/wp-json\/wp\/v2\/media?parent=689627"}],"wp:term":[{"taxonomy":"product_brand","embeddable":true,"href":"https:\/\/roveyayinevi.com.tr\/index.php\/wp-json\/wp\/v2\/product_brand?post=689627"},{"taxonomy":"product_cat","embeddable":true,"href":"https:\/\/roveyayinevi.com.tr\/index.php\/wp-json\/wp\/v2\/product_cat?post=689627"},{"taxonomy":"product_tag","embeddable":true,"href":"https:\/\/roveyayinevi.com.tr\/index.php\/wp-json\/wp\/v2\/product_tag?post=689627"}],"curies":[{"name":"wp","href":"https:\/\/api.w.org\/{rel}","templated":true}]}}