{"id":689626,"date":"2025-08-27T13:12:14","date_gmt":"2025-08-27T10:12:14","guid":{"rendered":"https:\/\/roveyayinevi.com.tr\/index.php\/urun\/elif-okula-basliyor-ilk-okuma-kitabim\/"},"modified":"2026-04-16T01:59:20","modified_gmt":"2026-04-15T22:59:20","slug":"elif-okula-basliyor-ilk-okuma-kitabim","status":"publish","type":"product","link":"https:\/\/roveyayinevi.com.tr\/index.php\/urun\/elif-okula-basliyor-ilk-okuma-kitabim\/","title":{"rendered":"Elif Okula Ba\u015fl\u0131yor &#8211; \u0130lk Okuma Kitab\u0131m"},"content":{"rendered":"<p>Yedi ya\u015f\u0131na basan Elif art\u0131k anaokulu yerine okula gidecek. Okuma yazmay\u0131, hesap yapmay\u0131 ve ba\u015fka bir\u00e7ok \u015feyi \u00f6\u011frenip, yeni arkada\u015flar edinecek. Okula gitmek \u00e7ok e\u011flenceli g\u00f6r\u00fcnse de, Elif birazc\u0131k korkuyor. Ancak kay\u0131t olmaya gitti\u011finde, okulun asl\u0131nda g\u00f6r\u00fcnd\u00fc\u011f\u00fcnden \u00e7ok daha e\u011flenceli oldu\u011funu ke\u015ffediyor. Elif\u2019in bu heyecanl\u0131 maceras\u0131na siz de kat\u0131l\u0131n. \ufffcTan\u0131t\u0131m Metni<\/p>\n","protected":false},"excerpt":{"rendered":"<p>Yedi ya\u015f\u0131na basan Elif art\u0131k anaokulu yerine okula gidecek. Okuma yazmay\u0131, hesap yapmay\u0131 ve ba\u015fka bir\u00e7ok \u015feyi \u00f6\u011frenip, yeni arkada\u015flar edinecek. Okula gitmek \u00e7ok e\u011flenceli g\u00f6r\u00fcnse<span class=\"excerpt-hellip\"> [\u2026]<\/span><\/p>\n","protected":false},"featured_media":0,"template":"","meta":{"_monsterinsights_skip_tracking":false,"_monsterinsights_sitenote_active":false,"_monsterinsights_sitenote_note":"","_monsterinsights_sitenote_category":0},"product_brand":[],"product_cat":[12274,12284],"product_tag":[],"class_list":{"0":"post-689626","1":"product","2":"type-product","3":"status-publish","5":"product_cat-cocuk-ve-genclik-kitaplari","6":"product_cat-hikayeler","7":"pa_cilt-ciltsiz","8":"pa_tur-kitap","9":"pa_yayinevi-is-bankasi-kultur-yayinlari","10":"pa_yazar-liane-schneider","12":"first","13":"instock","14":"sale","15":"shipping-taxable","16":"purchasable","17":"product-type-simple"},"_links":{"self":[{"href":"https:\/\/roveyayinevi.com.tr\/index.php\/wp-json\/wp\/v2\/product\/689626","targetHints":{"allow":["GET"]}}],"collection":[{"href":"https:\/\/roveyayinevi.com.tr\/index.php\/wp-json\/wp\/v2\/product"}],"about":[{"href":"https:\/\/roveyayinevi.com.tr\/index.php\/wp-json\/wp\/v2\/types\/product"}],"wp:attachment":[{"href":"https:\/\/roveyayinevi.com.tr\/index.php\/wp-json\/wp\/v2\/media?parent=689626"}],"wp:term":[{"taxonomy":"product_brand","embeddable":true,"href":"https:\/\/roveyayinevi.com.tr\/index.php\/wp-json\/wp\/v2\/product_brand?post=689626"},{"taxonomy":"product_cat","embeddable":true,"href":"https:\/\/roveyayinevi.com.tr\/index.php\/wp-json\/wp\/v2\/product_cat?post=689626"},{"taxonomy":"product_tag","embeddable":true,"href":"https:\/\/roveyayinevi.com.tr\/index.php\/wp-json\/wp\/v2\/product_tag?post=689626"}],"curies":[{"name":"wp","href":"https:\/\/api.w.org\/{rel}","templated":true}]}}