{"id":689625,"date":"2025-08-27T13:12:14","date_gmt":"2025-08-27T10:12:14","guid":{"rendered":"https:\/\/roveyayinevi.com.tr\/index.php\/urun\/amber-kani-amber-yilliklari-7\/"},"modified":"2026-04-16T01:59:20","modified_gmt":"2026-04-15T22:59:20","slug":"amber-kani-amber-yilliklari-7","status":"publish","type":"product","link":"https:\/\/roveyayinevi.com.tr\/index.php\/urun\/amber-kani-amber-yilliklari-7\/","title":{"rendered":"Amber Kan\u0131 \/ Amber Y\u0131ll\u0131klar\u0131 7"},"content":{"rendered":"<p>Amber Lordu Merlin\u2019in kristal ma\u011farada ge\u00e7irdi\u011fi tutsakl\u0131k hayat\u0131 sonunda bitmi\u015ftir. Ama \u00f6zg\u00fcrl\u00fc\u011f\u00fcn\u00fc kazanmak onun i\u00e7in yeterli de\u011fildir. Kafas\u0131nda pek \u00e7ok soru fakat \u00e7ok az cevap vard\u0131r: Kristal ma\u011faray\u0131 olu\u015fturan mavi ta\u015flar\u0131n nas\u0131l bir g\u00fcc\u00fc bulunmaktad\u0131r, bu g\u00fcc\u00fc kim elinde tutmaktad\u0131r? Ba\u015f\u0131ndan a\u015fa\u011f\u0131 \u00e7i\u00e7ekler ya\u011fd\u0131ran kimdir, amac\u0131 nedir? Onu korumak i\u00e7in beden de\u011fi\u015ftirerek takip eden varl\u0131k kim taraf\u0131ndan g\u00f6nderilmi\u015ftir? Cevab\u0131n\u0131 arad\u0131\u011f\u0131 sorular gibi, pe\u015fine d\u00fc\u015fen ac\u0131mas\u0131z d\u00fc\u015fmandan da kurtulu\u015fu yoktur. Halas\u0131 Fiona\u2019ya s\u0131\u011f\u0131nan Merle, San Francisco b\u00f6lgesinden daha fazlas\u0131n\u0131 tehdit eden girift bir intikam ve \u00f6l\u00fcm a\u011f\u0131nda m\u00fccadele vermek zorundad\u0131r. Zira kraliyet ailesini yok etmeye \u00e7al\u0131\u015fan g\u00fc\u00e7ler, hi\u00e7 beklenmedik yerlerde, \u00f6zellikle de Amber\u2019in kalbinde sald\u0131r\u0131ya ge\u00e7ecek b\u00fcy\u00fcleri serbest b\u0131rakm\u0131\u015ft\u0131r. Amber Y\u0131ll\u0131klar\u0131\u2019n\u0131n yedinci kitab\u0131 Amber Kan\u0131\u2019nda Merlin ge\u00e7mi\u015f s\u0131rlar\u0131n a\u011f\u0131na giderek daha fazla dolan\u0131yor.  \u201cCapcanl\u0131 \u00e7a\u011fr\u0131\u015f\u0131mlarla dolu ve \u00f6zg\u00fcn.\u201d \u2014George R. R. Martin  <\/p>\n","protected":false},"excerpt":{"rendered":"<p>Amber Lordu Merlin\u2019in kristal ma\u011farada ge\u00e7irdi\u011fi tutsakl\u0131k hayat\u0131 sonunda bitmi\u015ftir. Ama \u00f6zg\u00fcrl\u00fc\u011f\u00fcn\u00fc kazanmak onun i\u00e7in yeterli de\u011fildir. Kafas\u0131nda pek \u00e7ok soru fakat \u00e7ok az cevap vard\u0131r:<span class=\"excerpt-hellip\"> [\u2026]<\/span><\/p>\n","protected":false},"featured_media":0,"template":"","meta":{"_monsterinsights_skip_tracking":false,"_monsterinsights_sitenote_active":false,"_monsterinsights_sitenote_note":"","_monsterinsights_sitenote_category":0},"product_brand":[],"product_cat":[12291,14777],"product_tag":[],"class_list":{"0":"post-689625","1":"product","2":"type-product","3":"status-publish","5":"product_cat-edebiyat","6":"product_cat-fantastik","7":"pa_cilt-ciltsiz","8":"pa_tur-kitap","9":"pa_yayinevi-ithaki-yayinlari","10":"pa_yazar-roger-zelazny","12":"first","13":"instock","14":"sale","15":"shipping-taxable","16":"purchasable","17":"product-type-simple"},"_links":{"self":[{"href":"https:\/\/roveyayinevi.com.tr\/index.php\/wp-json\/wp\/v2\/product\/689625","targetHints":{"allow":["GET"]}}],"collection":[{"href":"https:\/\/roveyayinevi.com.tr\/index.php\/wp-json\/wp\/v2\/product"}],"about":[{"href":"https:\/\/roveyayinevi.com.tr\/index.php\/wp-json\/wp\/v2\/types\/product"}],"wp:attachment":[{"href":"https:\/\/roveyayinevi.com.tr\/index.php\/wp-json\/wp\/v2\/media?parent=689625"}],"wp:term":[{"taxonomy":"product_brand","embeddable":true,"href":"https:\/\/roveyayinevi.com.tr\/index.php\/wp-json\/wp\/v2\/product_brand?post=689625"},{"taxonomy":"product_cat","embeddable":true,"href":"https:\/\/roveyayinevi.com.tr\/index.php\/wp-json\/wp\/v2\/product_cat?post=689625"},{"taxonomy":"product_tag","embeddable":true,"href":"https:\/\/roveyayinevi.com.tr\/index.php\/wp-json\/wp\/v2\/product_tag?post=689625"}],"curies":[{"name":"wp","href":"https:\/\/api.w.org\/{rel}","templated":true}]}}