{"id":689623,"date":"2025-08-27T13:12:14","date_gmt":"2025-08-27T10:12:14","guid":{"rendered":"https:\/\/roveyayinevi.com.tr\/index.php\/urun\/selahaddin-eyyubinin-golgesinde\/"},"modified":"2026-01-20T02:00:16","modified_gmt":"2026-01-19T23:00:16","slug":"selahaddin-eyyubinin-golgesinde","status":"publish","type":"product","link":"https:\/\/roveyayinevi.com.tr\/index.php\/urun\/selahaddin-eyyubinin-golgesinde\/","title":{"rendered":"Selahaddin Eyy\u00fcbi&#8217;nin G\u00f6lgesinde"},"content":{"rendered":"<p>&#8230;Selahaddin yirmi ya\u015f\u0131na kadar zaman\u0131n\u0131n \u00e7o\u011funu cirit oynayarak, Kur\u2019an ve \u015fiir \u00e7al\u0131\u015farak ge\u00e7irdi&#8230;1169 y\u0131l\u0131nda M\u0131s\u0131r\u2019\u0131n mutlak hakimi haline geldi. 1171\u2019de S\u00fcnni ve \u015eii M\u00fcsl\u00fcmanlar\u0131 birle\u015ftirdi&#8230; Frenkleri Kud\u00fcs\u2019te kalmaya ve daha \u00f6nce s\u00fcr\u00fclen Yahudileri geri d\u00f6nmeye davet etti\u011fi s\u00f6yleniyor. \u00c7\u0131lg\u0131n\u0131n biri mi, bilmiyoruz&#8230; Selahaddin\u2019in okuma-yazma bilmedi\u011fini \u00f6ne s\u00fcren Papa Hazretleri yan\u0131lmaktad\u0131r. Kendisinin bir\u00e7ok dilde okuyup yazabildi\u011fi tecr\u00fcbelerimizle sabittir&#8230;  \u015e\u00f6valye James Sheringham, William Davenport ve Toronlu Kont Henry taraf\u0131ndan Kral Richard\u2019a sunulan rapordan. <\/p>\n","protected":false},"excerpt":{"rendered":"<p>&#8230;Selahaddin yirmi ya\u015f\u0131na kadar zaman\u0131n\u0131n \u00e7o\u011funu cirit oynayarak, Kur\u2019an ve \u015fiir \u00e7al\u0131\u015farak ge\u00e7irdi&#8230;1169 y\u0131l\u0131nda M\u0131s\u0131r\u2019\u0131n mutlak hakimi haline geldi. 1171\u2019de S\u00fcnni ve \u015eii M\u00fcsl\u00fcmanlar\u0131 birle\u015ftirdi&#8230; Frenkleri<span class=\"excerpt-hellip\"> [\u2026]<\/span><\/p>\n","protected":false},"featured_media":0,"template":"","meta":{"_monsterinsights_skip_tracking":false,"_monsterinsights_sitenote_active":false,"_monsterinsights_sitenote_note":"","_monsterinsights_sitenote_category":0},"product_brand":[],"product_cat":[12291,12745],"product_tag":[],"class_list":{"0":"post-689623","1":"product","2":"type-product","3":"status-publish","5":"product_cat-edebiyat","6":"product_cat-tarihi-roman","7":"pa_tur-kitap","8":"pa_yayinevi-ithaki-yayinlari","9":"pa_yazar-thorvald-steen","11":"first","12":"instock","13":"sale","14":"shipping-taxable","15":"purchasable","16":"product-type-simple"},"_links":{"self":[{"href":"https:\/\/roveyayinevi.com.tr\/index.php\/wp-json\/wp\/v2\/product\/689623","targetHints":{"allow":["GET"]}}],"collection":[{"href":"https:\/\/roveyayinevi.com.tr\/index.php\/wp-json\/wp\/v2\/product"}],"about":[{"href":"https:\/\/roveyayinevi.com.tr\/index.php\/wp-json\/wp\/v2\/types\/product"}],"wp:attachment":[{"href":"https:\/\/roveyayinevi.com.tr\/index.php\/wp-json\/wp\/v2\/media?parent=689623"}],"wp:term":[{"taxonomy":"product_brand","embeddable":true,"href":"https:\/\/roveyayinevi.com.tr\/index.php\/wp-json\/wp\/v2\/product_brand?post=689623"},{"taxonomy":"product_cat","embeddable":true,"href":"https:\/\/roveyayinevi.com.tr\/index.php\/wp-json\/wp\/v2\/product_cat?post=689623"},{"taxonomy":"product_tag","embeddable":true,"href":"https:\/\/roveyayinevi.com.tr\/index.php\/wp-json\/wp\/v2\/product_tag?post=689623"}],"curies":[{"name":"wp","href":"https:\/\/api.w.org\/{rel}","templated":true}]}}