{"id":689622,"date":"2025-08-27T13:12:13","date_gmt":"2025-08-27T10:12:13","guid":{"rendered":"https:\/\/roveyayinevi.com.tr\/index.php\/urun\/resimli-adam\/"},"modified":"2026-04-16T01:59:20","modified_gmt":"2026-04-15T22:59:20","slug":"resimli-adam","status":"publish","type":"product","link":"https:\/\/roveyayinevi.com.tr\/index.php\/urun\/resimli-adam\/","title":{"rendered":"Resimli Adam"},"content":{"rendered":"<p>Ray Bradbury sadece bilimkurgunun de\u011fil fantastik edebiyat\u0131n ve korkunun da yirminci y\u00fczy\u0131ldaki ustalar\u0131ndan biri. Bilimkurgunun \u201ciyi edebiyat\u201d da olabilece\u011fini kan\u0131tlayan belki de ilk yazar. T\u00fcm yeteneklerini sergiledi\u011fi ve \u00e7er\u00e7eve \u00f6yk\u00fc format\u0131nda yazd\u0131\u011f\u0131 Resimli Adam ise modern bireyin psikolojisine ve teknolojik ilerlemenin karanl\u0131k yan\u0131na \u0131\u015f\u0131k tutan e\u015fsiz bir \u00f6yk\u00fc derlemesi. <\/p>\n","protected":false},"excerpt":{"rendered":"<p>Ray Bradbury sadece bilimkurgunun de\u011fil fantastik edebiyat\u0131n ve korkunun da yirminci y\u00fczy\u0131ldaki ustalar\u0131ndan biri. Bilimkurgunun \u201ciyi edebiyat\u201d da olabilece\u011fini kan\u0131tlayan belki de ilk yazar. T\u00fcm yeteneklerini<span class=\"excerpt-hellip\"> [\u2026]<\/span><\/p>\n","protected":false},"featured_media":0,"template":"","meta":{"_monsterinsights_skip_tracking":false,"_monsterinsights_sitenote_active":false,"_monsterinsights_sitenote_note":"","_monsterinsights_sitenote_category":0},"product_brand":[],"product_cat":[12540,12291],"product_tag":[],"class_list":{"0":"post-689622","1":"product","2":"type-product","3":"status-publish","5":"product_cat-bilim-kurgu","6":"product_cat-edebiyat","7":"pa_cilt-ciltsiz","8":"pa_tur-kitap","9":"pa_yayinevi-ithaki-yayinlari","10":"pa_yazar-ray-bradbury","12":"first","13":"instock","14":"sale","15":"shipping-taxable","16":"purchasable","17":"product-type-simple"},"_links":{"self":[{"href":"https:\/\/roveyayinevi.com.tr\/index.php\/wp-json\/wp\/v2\/product\/689622","targetHints":{"allow":["GET"]}}],"collection":[{"href":"https:\/\/roveyayinevi.com.tr\/index.php\/wp-json\/wp\/v2\/product"}],"about":[{"href":"https:\/\/roveyayinevi.com.tr\/index.php\/wp-json\/wp\/v2\/types\/product"}],"wp:attachment":[{"href":"https:\/\/roveyayinevi.com.tr\/index.php\/wp-json\/wp\/v2\/media?parent=689622"}],"wp:term":[{"taxonomy":"product_brand","embeddable":true,"href":"https:\/\/roveyayinevi.com.tr\/index.php\/wp-json\/wp\/v2\/product_brand?post=689622"},{"taxonomy":"product_cat","embeddable":true,"href":"https:\/\/roveyayinevi.com.tr\/index.php\/wp-json\/wp\/v2\/product_cat?post=689622"},{"taxonomy":"product_tag","embeddable":true,"href":"https:\/\/roveyayinevi.com.tr\/index.php\/wp-json\/wp\/v2\/product_tag?post=689622"}],"curies":[{"name":"wp","href":"https:\/\/api.w.org\/{rel}","templated":true}]}}