{"id":689621,"date":"2025-08-27T13:12:13","date_gmt":"2025-08-27T10:12:13","guid":{"rendered":"https:\/\/roveyayinevi.com.tr\/index.php\/urun\/yeraltindan-notlar\/"},"modified":"2026-04-16T01:59:20","modified_gmt":"2026-04-15T22:59:20","slug":"yeraltindan-notlar","status":"publish","type":"product","link":"https:\/\/roveyayinevi.com.tr\/index.php\/urun\/yeraltindan-notlar\/","title":{"rendered":"Yeralt\u0131ndan Notlar"},"content":{"rendered":"<p>Dostoyevski (1821- 1888), sadece Rus de\u011fil, d\u00fcnya edebiyat\u0131n\u0131n da temel isimlerinden biri. Yazd\u0131\u011f\u0131 romanlar\u0131n neredeyse hepsi klasikler aras\u0131na girmi\u015f olan bu \u00fcnl\u00fc yazar, insan\u0131n i\u00e7 d\u00fcnyas\u0131n\u0131 \u00e7ok iyi yorumlad\u0131\u011f\u0131, psikolojik y\u00f6n\u00fc a\u011f\u0131r eserleriyle dikkat \u00e7eker. Rus toplumunu en ince ayr\u0131nt\u0131s\u0131na kadar incelerken evrensel bir bak\u0131\u015f a\u00e7\u0131s\u0131 getiren Dostoyevski, &#8220;Yeralt\u0131ndan Notlar&#8221; da insan\u0131n i\u00e7 d\u00fcnyas\u0131ndan d\u0131\u015far\u0131y\u0131 g\u00f6zlemlemeyi yazar. Bireysel ve ruhsal d\u00fcnyadaki geli\u015fmeleri ve de\u011fi\u015fmeleri d\u0131\u015f \u015fartlar g\u00f6z \u00f6n\u00fcne al\u0131nmadan sadece birey ger\u00e7e\u011finden yola \u00e7\u0131karak \u00e7\u00f6zmeye \u00e7al\u0131\u015f\u0131r. Dostoyevski\u2019yi anlamak i\u00e7in anahtar bir eser olan &#8220;Yeralt\u0131ndan Notlar&#8221;a asl\u0131nda insan\u0131n kendi i\u00e7indeki yolculu\u011fu da denilebilir.<\/p>\n","protected":false},"excerpt":{"rendered":"<p>Dostoyevski (1821- 1888), sadece Rus de\u011fil, d\u00fcnya edebiyat\u0131n\u0131n da temel isimlerinden biri. Yazd\u0131\u011f\u0131 romanlar\u0131n neredeyse hepsi klasikler aras\u0131na girmi\u015f olan bu \u00fcnl\u00fc yazar, insan\u0131n i\u00e7 d\u00fcnyas\u0131n\u0131<span class=\"excerpt-hellip\"> [\u2026]<\/span><\/p>\n","protected":false},"featured_media":0,"template":"","meta":{"_monsterinsights_skip_tracking":false,"_monsterinsights_sitenote_active":false,"_monsterinsights_sitenote_note":"","_monsterinsights_sitenote_category":0},"product_brand":[],"product_cat":[12291,13570],"product_tag":[],"class_list":{"0":"post-689621","1":"product","2":"type-product","3":"status-publish","5":"product_cat-edebiyat","6":"product_cat-rus-edebiyati","7":"pa_cilt-ciltsiz","8":"pa_tur-kitap","9":"pa_yayinevi-iskele-yayincilik","10":"pa_yazar-fyodor-mihaylovic-dostoyevski","12":"first","13":"instock","14":"sale","15":"shipping-taxable","16":"purchasable","17":"product-type-simple"},"_links":{"self":[{"href":"https:\/\/roveyayinevi.com.tr\/index.php\/wp-json\/wp\/v2\/product\/689621","targetHints":{"allow":["GET"]}}],"collection":[{"href":"https:\/\/roveyayinevi.com.tr\/index.php\/wp-json\/wp\/v2\/product"}],"about":[{"href":"https:\/\/roveyayinevi.com.tr\/index.php\/wp-json\/wp\/v2\/types\/product"}],"wp:attachment":[{"href":"https:\/\/roveyayinevi.com.tr\/index.php\/wp-json\/wp\/v2\/media?parent=689621"}],"wp:term":[{"taxonomy":"product_brand","embeddable":true,"href":"https:\/\/roveyayinevi.com.tr\/index.php\/wp-json\/wp\/v2\/product_brand?post=689621"},{"taxonomy":"product_cat","embeddable":true,"href":"https:\/\/roveyayinevi.com.tr\/index.php\/wp-json\/wp\/v2\/product_cat?post=689621"},{"taxonomy":"product_tag","embeddable":true,"href":"https:\/\/roveyayinevi.com.tr\/index.php\/wp-json\/wp\/v2\/product_tag?post=689621"}],"curies":[{"name":"wp","href":"https:\/\/api.w.org\/{rel}","templated":true}]}}