{"id":689616,"date":"2025-08-27T13:12:12","date_gmt":"2025-08-27T10:12:12","guid":{"rendered":"https:\/\/roveyayinevi.com.tr\/index.php\/urun\/vahsetin-cagrisi\/"},"modified":"2026-04-16T01:59:20","modified_gmt":"2026-04-15T22:59:20","slug":"vahsetin-cagrisi","status":"publish","type":"product","link":"https:\/\/roveyayinevi.com.tr\/index.php\/urun\/vahsetin-cagrisi\/","title":{"rendered":"Vah\u015fetin \u00c7a\u011fr\u0131s\u0131"},"content":{"rendered":"<p>&#8220;Vah\u015fetin \u00c7a\u011fr\u0131s\u0131&#8221;, hi\u00e7 ku\u015fkusuz Jack London\u2019 un ba\u015fyap\u0131tlar\u0131 aras\u0131ndad\u0131r. Gen\u00e7 bir yazarken, zengin olma hayaliyle Alaska\u2019 da alt\u0131n arama ser\u00fcvenine kat\u0131lan Jack London, hi\u00e7 alt\u0131n \u00e7\u0131karamamas\u0131na ra\u011fmen do\u011fa ve insan \u00fczerine b\u00fcy\u00fck bir bilgi birikimiyle geri d\u00f6nd\u00fc. Alaska\u2019daki g\u00f6zlemleriyle, yakla\u015f\u0131k bir ay gibi k\u0131sa bir zamanda &#8220;Vah\u015fetin \u00c7a\u011fr\u0131s\u0131&#8221;n\u0131 yazd\u0131. Eserde, dondurucu so\u011fuklar\u0131n hakim oldu\u011fu diyarlar\u0131n, vah\u015fi \u0131ss\u0131zl\u0131\u011f\u0131 i\u00e7inde hayatta kalma m\u00fccadelesi veren &#8220;g\u00fc\u00e7l\u00fc&#8221; k\u0131zak k\u00f6pe\u011fi Buck\u2019\u0131n efsanele\u015fen ser\u00fcvenini Jack London\u2019un o renkli ve s\u00fcr\u00fckleyici kalemimde okuyacaks\u0131n\u0131z&#8230;<\/p>\n","protected":false},"excerpt":{"rendered":"<p>&#8220;Vah\u015fetin \u00c7a\u011fr\u0131s\u0131&#8221;, hi\u00e7 ku\u015fkusuz Jack London\u2019 un ba\u015fyap\u0131tlar\u0131 aras\u0131ndad\u0131r. Gen\u00e7 bir yazarken, zengin olma hayaliyle Alaska\u2019 da alt\u0131n arama ser\u00fcvenine kat\u0131lan Jack London, hi\u00e7 alt\u0131n \u00e7\u0131karamamas\u0131na<span class=\"excerpt-hellip\"> [\u2026]<\/span><\/p>\n","protected":false},"featured_media":0,"template":"","meta":{"_monsterinsights_skip_tracking":false,"_monsterinsights_sitenote_active":false,"_monsterinsights_sitenote_note":"","_monsterinsights_sitenote_category":0},"product_brand":[],"product_cat":[12891,12291],"product_tag":[],"class_list":{"0":"post-689616","1":"product","2":"type-product","3":"status-publish","5":"product_cat-amerikan-edebiyati","6":"product_cat-edebiyat","7":"pa_cilt-ciltsiz","8":"pa_tur-kitap","9":"pa_yayinevi-iskele-yayincilik","10":"pa_yazar-jack-london","12":"first","13":"instock","14":"sale","15":"shipping-taxable","16":"purchasable","17":"product-type-simple"},"_links":{"self":[{"href":"https:\/\/roveyayinevi.com.tr\/index.php\/wp-json\/wp\/v2\/product\/689616","targetHints":{"allow":["GET"]}}],"collection":[{"href":"https:\/\/roveyayinevi.com.tr\/index.php\/wp-json\/wp\/v2\/product"}],"about":[{"href":"https:\/\/roveyayinevi.com.tr\/index.php\/wp-json\/wp\/v2\/types\/product"}],"wp:attachment":[{"href":"https:\/\/roveyayinevi.com.tr\/index.php\/wp-json\/wp\/v2\/media?parent=689616"}],"wp:term":[{"taxonomy":"product_brand","embeddable":true,"href":"https:\/\/roveyayinevi.com.tr\/index.php\/wp-json\/wp\/v2\/product_brand?post=689616"},{"taxonomy":"product_cat","embeddable":true,"href":"https:\/\/roveyayinevi.com.tr\/index.php\/wp-json\/wp\/v2\/product_cat?post=689616"},{"taxonomy":"product_tag","embeddable":true,"href":"https:\/\/roveyayinevi.com.tr\/index.php\/wp-json\/wp\/v2\/product_tag?post=689616"}],"curies":[{"name":"wp","href":"https:\/\/api.w.org\/{rel}","templated":true}]}}