{"id":689615,"date":"2025-08-27T13:12:12","date_gmt":"2025-08-27T10:12:12","guid":{"rendered":"https:\/\/roveyayinevi.com.tr\/index.php\/urun\/vadideki-zambak\/"},"modified":"2026-04-16T01:59:20","modified_gmt":"2026-04-15T22:59:20","slug":"vadideki-zambak","status":"publish","type":"product","link":"https:\/\/roveyayinevi.com.tr\/index.php\/urun\/vadideki-zambak\/","title":{"rendered":"Vadideki Zambak"},"content":{"rendered":"<p>&#8220;Vadideki Zambak&#8221;, ger\u00e7ek\u00e7i roman\u0131n \u00f6nc\u00fcs\u00fc olan Honore de Balzac\u2019\u0131n en pop\u00fcler roman\u0131d\u0131r. Baz\u0131 eserleri dikkatle okundu\u011funda, ya\u015fan\u0131lan zamana g\u00f6re e\u015fsiz bir toplum bilimini ince bir sadelikle anlatmaktad\u0131r. Romantizm\u2019in en g\u00fc\u00e7l\u00fc yazarlar\u0131ndan biri olan Frans\u0131z yazar, bu romanda bir g\u00f6n\u00fcl ili\u015fkisinin insan hayat\u0131nda kapanmaz yaralara neden olabilece\u011fini, ayr\u0131l\u0131k ve kavu\u015fmalarla g\u00fc\u00e7lenen bir a\u015fk\u0131n insanlar\u0131 de\u011fi\u015fik boyutlara s\u00fcr\u00fckledi\u011fini anlatmaktad\u0131r. A\u015fk\u0131n zaman ve mekan tan\u0131mad\u0131\u011f\u0131n\u0131, mutluluktan h\u00fczne d\u00f6n\u00fc\u015ft\u00fc\u011f\u00fcn\u00fc ve a\u015fk\u0131n ger\u00e7ek g\u00fcc\u00fcn\u00fc bu roman\u0131 okudu\u011funuzda daha iyi anlayacaks\u0131n\u0131z&#8230;<\/p>\n","protected":false},"excerpt":{"rendered":"<p>&#8220;Vadideki Zambak&#8221;, ger\u00e7ek\u00e7i roman\u0131n \u00f6nc\u00fcs\u00fc olan Honore de Balzac\u2019\u0131n en pop\u00fcler roman\u0131d\u0131r. Baz\u0131 eserleri dikkatle okundu\u011funda, ya\u015fan\u0131lan zamana g\u00f6re e\u015fsiz bir toplum bilimini ince bir sadelikle<span class=\"excerpt-hellip\"> [\u2026]<\/span><\/p>\n","protected":false},"featured_media":0,"template":"","meta":{"_monsterinsights_skip_tracking":false,"_monsterinsights_sitenote_active":false,"_monsterinsights_sitenote_note":"","_monsterinsights_sitenote_category":0},"product_brand":[],"product_cat":[12291,13376],"product_tag":[],"class_list":{"0":"post-689615","1":"product","2":"type-product","3":"status-publish","5":"product_cat-edebiyat","6":"product_cat-fransiz-edebiyati","7":"pa_cilt-ciltsiz","8":"pa_tur-kitap","9":"pa_yayinevi-iskele-yayincilik","10":"pa_yazar-honore-de-balzac","12":"first","13":"instock","14":"sale","15":"shipping-taxable","16":"purchasable","17":"product-type-simple"},"_links":{"self":[{"href":"https:\/\/roveyayinevi.com.tr\/index.php\/wp-json\/wp\/v2\/product\/689615","targetHints":{"allow":["GET"]}}],"collection":[{"href":"https:\/\/roveyayinevi.com.tr\/index.php\/wp-json\/wp\/v2\/product"}],"about":[{"href":"https:\/\/roveyayinevi.com.tr\/index.php\/wp-json\/wp\/v2\/types\/product"}],"wp:attachment":[{"href":"https:\/\/roveyayinevi.com.tr\/index.php\/wp-json\/wp\/v2\/media?parent=689615"}],"wp:term":[{"taxonomy":"product_brand","embeddable":true,"href":"https:\/\/roveyayinevi.com.tr\/index.php\/wp-json\/wp\/v2\/product_brand?post=689615"},{"taxonomy":"product_cat","embeddable":true,"href":"https:\/\/roveyayinevi.com.tr\/index.php\/wp-json\/wp\/v2\/product_cat?post=689615"},{"taxonomy":"product_tag","embeddable":true,"href":"https:\/\/roveyayinevi.com.tr\/index.php\/wp-json\/wp\/v2\/product_tag?post=689615"}],"curies":[{"name":"wp","href":"https:\/\/api.w.org\/{rel}","templated":true}]}}