{"id":689607,"date":"2025-08-27T13:12:11","date_gmt":"2025-08-27T10:12:11","guid":{"rendered":"https:\/\/roveyayinevi.com.tr\/index.php\/urun\/olu-canlar\/"},"modified":"2026-04-16T01:59:19","modified_gmt":"2026-04-15T22:59:19","slug":"olu-canlar","status":"publish","type":"product","link":"https:\/\/roveyayinevi.com.tr\/index.php\/urun\/olu-canlar\/","title":{"rendered":"\u00d6l\u00fc Canlar"},"content":{"rendered":"<p>Nikolay Vasilyevi\u00e7 Gogol\u2019\u00fcn (1809- 1852) eseri \u00d6l\u00fc Canlar , 19. y\u00fczy\u0131l\u0131n b\u00fcy\u00fck romanlar\u0131ndan biridir. Rus edebiyat\u0131nda Romantizmim bilinen kurallar\u0131n\u0131 b\u0131rak\u0131p, konular\u0131n\u0131 g\u00fcnl\u00fck ya\u015fam\u0131n i\u00e7inden ba\u015flayan ilk yazar Gogol\u2019 d\u00fcr. Gogol, eserinde bir Rusya ta\u015fra kasabas\u0131ndaki ya\u015fant\u0131y\u0131 ince bir ironiyle yans\u0131t\u0131l\u0131rken y\u00f6neticilere getirdi\u011fi ele\u015ftirileri de ele\u015ftirilerine de roman\u0131n\u0131n i\u00e7ine ustaca yaymay\u0131 bilir. \u00d6l\u00fc Canlar , bu y\u00fczden yay\u0131mland\u0131\u011f\u0131 y\u0131llarda b\u00fct\u00fcn ele\u015ftirmenleri kar\u015f\u0131s\u0131na alan ve Gogol\u2019\u00fcn i\u011fren\u00e7 bir ger\u00e7ek\u00e7ilikle su\u00e7lanmas\u0131na neden olan \u00f6nemli bir eserdir. Gogol bu roman\u0131 Pu\u015fkin\u2019in ona \u00f6n bilgiler vermesi \u00fczerine yazm\u0131\u015ft\u0131r. Bir epik roman yazma amac\u0131yla ba\u015flad\u0131\u011f\u0131 eserini Dante\u2019nin \u0130lahi Komedya s\u0131na benzeten Gogol, sa\u011fl\u0131\u011f\u0131nda yay\u0131mlayabildi\u011fi ilk b\u00f6l\u00fcm\u00fcyle d\u00fcnya edebiyat\u0131na bir ba\u015fyap\u0131t b\u0131rakm\u0131\u015ft\u0131r. \u00d6l\u00fc Canlar , kahraman\u0131 \u00c7i\u00e7ikov\u2019un d*land\u0131r\u0131c\u0131 ki\u015fili\u011fi ile ve onun ili\u015fki kurdu\u011fu toprak sahibi ve b\u00fcrokrat \u00e7evresiyle olan ili\u015fkilerini anlat\u0131r. Gogol, eseri hakk\u0131nda, Kalemimden \u00f6yle canavarlar f\u0131rl\u0131yor ki ben de \u015fa\u015f\u0131yorum. Bunu kim g\u00f6rse korkudan titrer demi\u015ftir. <\/p>\n","protected":false},"excerpt":{"rendered":"<p>Nikolay Vasilyevi\u00e7 Gogol\u2019\u00fcn (1809- 1852) eseri \u00d6l\u00fc Canlar , 19. y\u00fczy\u0131l\u0131n b\u00fcy\u00fck romanlar\u0131ndan biridir. Rus edebiyat\u0131nda Romantizmim bilinen kurallar\u0131n\u0131 b\u0131rak\u0131p, konular\u0131n\u0131 g\u00fcnl\u00fck ya\u015fam\u0131n i\u00e7inden ba\u015flayan ilk<span class=\"excerpt-hellip\"> [\u2026]<\/span><\/p>\n","protected":false},"featured_media":0,"template":"","meta":{"_monsterinsights_skip_tracking":false,"_monsterinsights_sitenote_active":false,"_monsterinsights_sitenote_note":"","_monsterinsights_sitenote_category":0},"product_brand":[],"product_cat":[12291,13570],"product_tag":[],"class_list":{"0":"post-689607","1":"product","2":"type-product","3":"status-publish","5":"product_cat-edebiyat","6":"product_cat-rus-edebiyati","7":"pa_cilt-ciltsiz","8":"pa_tur-kitap","9":"pa_yayinevi-iskele-yayincilik","10":"pa_yazar-nikolay-vasilyevic-gogol","12":"first","13":"instock","14":"sale","15":"shipping-taxable","16":"purchasable","17":"product-type-simple"},"_links":{"self":[{"href":"https:\/\/roveyayinevi.com.tr\/index.php\/wp-json\/wp\/v2\/product\/689607","targetHints":{"allow":["GET"]}}],"collection":[{"href":"https:\/\/roveyayinevi.com.tr\/index.php\/wp-json\/wp\/v2\/product"}],"about":[{"href":"https:\/\/roveyayinevi.com.tr\/index.php\/wp-json\/wp\/v2\/types\/product"}],"wp:attachment":[{"href":"https:\/\/roveyayinevi.com.tr\/index.php\/wp-json\/wp\/v2\/media?parent=689607"}],"wp:term":[{"taxonomy":"product_brand","embeddable":true,"href":"https:\/\/roveyayinevi.com.tr\/index.php\/wp-json\/wp\/v2\/product_brand?post=689607"},{"taxonomy":"product_cat","embeddable":true,"href":"https:\/\/roveyayinevi.com.tr\/index.php\/wp-json\/wp\/v2\/product_cat?post=689607"},{"taxonomy":"product_tag","embeddable":true,"href":"https:\/\/roveyayinevi.com.tr\/index.php\/wp-json\/wp\/v2\/product_tag?post=689607"}],"curies":[{"name":"wp","href":"https:\/\/api.w.org\/{rel}","templated":true}]}}