{"id":689606,"date":"2025-08-27T13:12:10","date_gmt":"2025-08-27T10:12:10","guid":{"rendered":"https:\/\/roveyayinevi.com.tr\/index.php\/urun\/insanin-en-guzel-tarihi\/"},"modified":"2026-04-16T01:59:19","modified_gmt":"2026-04-15T22:59:19","slug":"insanin-en-guzel-tarihi","status":"publish","type":"product","link":"https:\/\/roveyayinevi.com.tr\/index.php\/urun\/insanin-en-guzel-tarihi\/","title":{"rendered":"\u0130nsan\u0131n En G\u00fczel Tarihi"},"content":{"rendered":"<p>Biz kimiz? Nereden geldik, nereye gidiyoruz? D\u00fcnyay\u0131 bir u\u00e7tan di\u011fer uca ne zaman dola\u015fmaya ba\u015flad\u0131k? Akl\u0131m\u0131z ne zaman devreye girdi? Din kavram\u0131na ne zaman sahip olduk? Hayalg\u00fcc\u00fcm\u00fcz d\u00fcnden bug\u00fcne nas\u0131l bir de\u011fi\u015fim ge\u00e7irdi? E\u015f, aile, toplum nas\u0131l do\u011fdu? Ya sanat ve a\u015fk?.. \u0130nsan\u0131n En G\u00fczel Tarihi\u2019nnde, Fransa\u2019n\u0131n kendi alan\u0131nda uzman \u00fc\u00e7 bilimadam\u0131 bu ve benzeri sorular\u0131 yan\u0131tl\u0131yor, insana \u00f6zg\u00fc \u00fc\u00e7 perdelik komedinin \u00fc\u00e7 ke\u015fifle ortaya \u00e7\u0131kt\u0131\u011f\u0131n\u0131 s\u00f6yl\u00fcyorlar: Topra\u011f\u0131n, hayalg\u00fcc\u00fcn\u00fcn ve g\u00fcc\u00fcn ke\u015ffi. Bunlar, bir bak\u0131ma insan\u0131n kendini do\u011fadan ayr\u0131mas\u0131, onu s\u00f6m\u00fcrgele\u015ftirmesi ve sonra da kendi k\u00fclt\u00fcr\u00fcn\u00fcn tuza\u011f\u0131na d\u00fc\u015fmesi anlam\u0131na geliyor. Bizler bug\u00fcn otoriteyi, hiyerar\u015fiyi g\u00f6klere \u00e7\u0131kar\u0131yor, do\u011fan\u0131n sesine hi\u00e7 ama hi\u00e7 kulak vermiyoruz. Kim oldu\u011fumuzu bize anlatacak olan tarihi miras\u0131 baraj sular\u0131 alt\u0131nda b\u0131rak\u0131yoruz. Evcille\u015fti\u011fimizi s\u00f6yl\u00fcyoruz ama vah\u015fi yan\u0131m\u0131z\u0131 hep koruyoruz. Acaba hala tarih\u00f6ncesi d\u00f6nemde mi ya\u015f\u0131yoruz?.. <\/p>\n","protected":false},"excerpt":{"rendered":"<p>Biz kimiz? Nereden geldik, nereye gidiyoruz? D\u00fcnyay\u0131 bir u\u00e7tan di\u011fer uca ne zaman dola\u015fmaya ba\u015flad\u0131k? Akl\u0131m\u0131z ne zaman devreye girdi? Din kavram\u0131na ne zaman sahip olduk?<span class=\"excerpt-hellip\"> [\u2026]<\/span><\/p>\n","protected":false},"featured_media":0,"template":"","meta":{"_monsterinsights_skip_tracking":false,"_monsterinsights_sitenote_active":false,"_monsterinsights_sitenote_note":"","_monsterinsights_sitenote_category":0},"product_brand":[],"product_cat":[12312,12304],"product_tag":[],"class_list":{"0":"post-689606","1":"product","2":"type-product","3":"status-publish","5":"product_cat-diger","6":"product_cat-tarih","7":"pa_cilt-ciltsiz","8":"pa_tur-kitap","9":"pa_yayinevi-is-bankasi-kultur-yayinlari","10":"pa_yazar-jean-clottes","12":"first","13":"instock","14":"sale","15":"shipping-taxable","16":"purchasable","17":"product-type-simple"},"_links":{"self":[{"href":"https:\/\/roveyayinevi.com.tr\/index.php\/wp-json\/wp\/v2\/product\/689606","targetHints":{"allow":["GET"]}}],"collection":[{"href":"https:\/\/roveyayinevi.com.tr\/index.php\/wp-json\/wp\/v2\/product"}],"about":[{"href":"https:\/\/roveyayinevi.com.tr\/index.php\/wp-json\/wp\/v2\/types\/product"}],"wp:attachment":[{"href":"https:\/\/roveyayinevi.com.tr\/index.php\/wp-json\/wp\/v2\/media?parent=689606"}],"wp:term":[{"taxonomy":"product_brand","embeddable":true,"href":"https:\/\/roveyayinevi.com.tr\/index.php\/wp-json\/wp\/v2\/product_brand?post=689606"},{"taxonomy":"product_cat","embeddable":true,"href":"https:\/\/roveyayinevi.com.tr\/index.php\/wp-json\/wp\/v2\/product_cat?post=689606"},{"taxonomy":"product_tag","embeddable":true,"href":"https:\/\/roveyayinevi.com.tr\/index.php\/wp-json\/wp\/v2\/product_tag?post=689606"}],"curies":[{"name":"wp","href":"https:\/\/api.w.org\/{rel}","templated":true}]}}