{"id":689605,"date":"2025-08-27T13:12:10","date_gmt":"2025-08-27T10:12:10","guid":{"rendered":"https:\/\/roveyayinevi.com.tr\/index.php\/urun\/insan-tabiatini-tanima\/"},"modified":"2026-04-16T01:59:19","modified_gmt":"2026-04-15T22:59:19","slug":"insan-tabiatini-tanima","status":"publish","type":"product","link":"https:\/\/roveyayinevi.com.tr\/index.php\/urun\/insan-tabiatini-tanima\/","title":{"rendered":"\u0130nsan Tabiat\u0131n\u0131 Tan\u0131ma"},"content":{"rendered":"<p>Alfred Adler, b\u00fcy\u00fck yank\u0131 uyand\u0131rm\u0131\u015f bu kitab\u0131nda, can al\u0131c\u0131 bir soruna parmak basm\u0131\u015ft\u0131r: insan ki\u015fili\u011finin geli\u015fmesinde a\u015fa\u011f\u0131l\u0131k duygusunun ve bu duyguyu gidermek i\u00e7in g\u00f6sterilen \u00e7abalar\u0131n \u00f6nemi. A\u015fa\u011f\u0131l\u0131k duygusuna kap\u0131lan \u00e7ocuk, belli bir davran\u0131\u015f kal\u0131b\u0131n\u0131 benimsemekte ve bu davran\u0131\u015f kal\u0131b\u0131 onun b\u00fct\u00fcn ki\u015fili\u011fine bi\u00e7im vermektedir. B\u00f6ylece, toplum i\u00e7erisinde hem kendilerine hem de \u00e7evrelerine zarar veren ve toplumun uyumlu bir \u015fekilde i\u015flemesini engelleyen baz\u0131 insanlar \u00e7\u0131kmaktad\u0131r ortaya. Bu gibi kimselerle kar\u015f\u0131la\u015f\u0131nca onlara k\u0131zar\u0131z, al\u0131n\u0131r\u0131z, g\u00fcceniriz. Oysa bu \u00f6fkelerin hi\u00e7bir anlam\u0131 yoktur. \u00c7\u00fcnk\u00fc kendi i\u00e7imize bakmay\u0131 biliyorsak bu sinirlendirici \u00f6zelliklerin en az\u0131ndan k\u0131smen bizde de bulundu\u011funu g\u00f6rmezlikten gelemeyiz. Sorunlar, temeldeki psikolojik ger\u00e7eklerden kaynaklanmaktad\u0131r. Toplumda uyumlu bir evlili\u011fin, mutlu bir aile hayat\u0131n\u0131n, huzurlu bir i\u015f \u00e7evresinin, s\u00fcrekli bir arkada\u015fl\u0131\u011f\u0131n, sa\u011flam bir dostlu\u011fun bu derece az olmas\u0131, b\u00fcy\u00fck \u00f6l\u00e7\u00fcde, bu psikolojik ger\u00e7ekleri bilmemekten ileri gelmektedir. Alfred Adler\u2019in \u00f6nemi de, i\u015fte bu noktada ortaya \u00e7\u0131kmaktad\u0131r. Alfred Adler (1870-1937) \u00e7a\u011f\u0131m\u0131z\u0131n en \u00f6nde gelen psikologlar\u0131ndan biridir. Meslek hayat\u0131n\u0131n ilk y\u0131llar\u0131n\u0131 Viyana&#8217;da ge\u00e7irmi\u015f ve 1910 y\u0131l\u0131na kadar Sigmund Freud&#8217;la birlikte \u00e7al\u0131\u015fm\u0131\u015ft\u0131r. 1910-11 y\u0131llar\u0131nda Freud \u00e7evresindeki gruptan ayr\u0131l\u0131p baz\u0131 noktalarda tamamen farkl\u0131 yeni bir sistem ortaya atm\u0131\u015ft\u0131r. Bireysel Psikoloji ad\u0131n\u0131 verdi\u011fi isteminin kamuoyuna yaymak i\u00e7in Avrupa ve ABD&#8217;nin bir\u00e7ok kentinde sosyal hizmet g\u00f6revlilerine, \u00f6\u011fretmenlere doktorlara ve halka konferanslar veren Adler, \u00e7ocuk y\u00f6netimi klinikleri de kurmu\u015ftur. Herkesin anlayabilece\u011fi sade ve a\u00e7\u0131k bir \u00fcslupla kaleme al\u0131nm\u0131\u015f, bir\u00e7ok dile \u00e7evrilmi\u015f ve tekrar tekrar bas\u0131lm\u0131\u015f eserleriyle \u00e7a\u011f\u0131m\u0131z\u0131n en \u00e7ok okunan psikologlar\u0131ndan olan Alfred Adler&#8217;in yay\u0131mlanm\u0131\u015f kitaplar\u0131ndan baz\u0131lar\u0131 \u015funlard\u0131r. The Neurotic Constiution (1917); Study of Organ \u0130nferiorty and \u0130ts Psychical Compensation (1917); Practise and Theory of individual Psychology (1927); Problems of Neurosis (1929); The Science of Living (1929); The Pattern of Life (1930); Social \u0130nterest (1939). \ufffcTan\u0131t\u0131m Metni<\/p>\n","protected":false},"excerpt":{"rendered":"<p>Alfred Adler, b\u00fcy\u00fck yank\u0131 uyand\u0131rm\u0131\u015f bu kitab\u0131nda, can al\u0131c\u0131 bir soruna parmak basm\u0131\u015ft\u0131r: insan ki\u015fili\u011finin geli\u015fmesinde a\u015fa\u011f\u0131l\u0131k duygusunun ve bu duyguyu gidermek i\u00e7in g\u00f6sterilen \u00e7abalar\u0131n \u00f6nemi.<span class=\"excerpt-hellip\"> [\u2026]<\/span><\/p>\n","protected":false},"featured_media":0,"template":"","meta":{"_monsterinsights_skip_tracking":false,"_monsterinsights_sitenote_active":false,"_monsterinsights_sitenote_note":"","_monsterinsights_sitenote_category":0},"product_brand":[],"product_cat":[12358,12357],"product_tag":[],"class_list":{"0":"post-689605","1":"product","2":"type-product","3":"status-publish","5":"product_cat-genel-psikoloji","6":"product_cat-psikoloji","7":"pa_cilt-ciltsiz","8":"pa_tur-kitap","9":"pa_yayinevi-is-bankasi-kultur-yayinlari","10":"pa_yazar-alfred-adler","12":"first","13":"instock","14":"sale","15":"shipping-taxable","16":"purchasable","17":"product-type-simple"},"_links":{"self":[{"href":"https:\/\/roveyayinevi.com.tr\/index.php\/wp-json\/wp\/v2\/product\/689605","targetHints":{"allow":["GET"]}}],"collection":[{"href":"https:\/\/roveyayinevi.com.tr\/index.php\/wp-json\/wp\/v2\/product"}],"about":[{"href":"https:\/\/roveyayinevi.com.tr\/index.php\/wp-json\/wp\/v2\/types\/product"}],"wp:attachment":[{"href":"https:\/\/roveyayinevi.com.tr\/index.php\/wp-json\/wp\/v2\/media?parent=689605"}],"wp:term":[{"taxonomy":"product_brand","embeddable":true,"href":"https:\/\/roveyayinevi.com.tr\/index.php\/wp-json\/wp\/v2\/product_brand?post=689605"},{"taxonomy":"product_cat","embeddable":true,"href":"https:\/\/roveyayinevi.com.tr\/index.php\/wp-json\/wp\/v2\/product_cat?post=689605"},{"taxonomy":"product_tag","embeddable":true,"href":"https:\/\/roveyayinevi.com.tr\/index.php\/wp-json\/wp\/v2\/product_tag?post=689605"}],"curies":[{"name":"wp","href":"https:\/\/api.w.org\/{rel}","templated":true}]}}