{"id":689604,"date":"2025-08-27T13:12:10","date_gmt":"2025-08-27T10:12:10","guid":{"rendered":"https:\/\/roveyayinevi.com.tr\/index.php\/urun\/notre-damein-kamburu\/"},"modified":"2026-04-16T01:59:19","modified_gmt":"2026-04-15T22:59:19","slug":"notre-damein-kamburu","status":"publish","type":"product","link":"https:\/\/roveyayinevi.com.tr\/index.php\/urun\/notre-damein-kamburu\/","title":{"rendered":"Notre Dame\u2019\u0131n Kamburu"},"content":{"rendered":"<p>Bu adam sanki bir devdi de v\u00fccudu parampar\u00e7a olmu\u015f, b\u00fct\u00fcn uzuvlar\u0131 sonradan yanl\u0131\u015f, ters \u015fekilde bir araya getirilmi\u015fti. Masallardaki tek g\u00f6zl\u00fc dev\u2019i and\u0131ran bu adam, kilisenin kap\u0131s\u0131nda g\u00f6r\u00fcn\u00fcr g\u00f6r\u00fcnmez hareketsiz durdu. T\u0131knazd\u0131, boyu kadar da eni vard\u0131. S\u0131rt\u0131na yar\u0131s\u0131 k\u0131rm\u0131z\u0131 yar\u0131s\u0131 mor bir ceket giymi\u015fti. Halk, ceketin \u00fczerinde g\u00fcm\u00fc\u015f renkte resimleri i\u015flenmi\u015f oldu\u011funu, adam\u0131n da ne kadar \u00e7irkin oldu\u011funu fark eder etmez onu hemen tan\u0131d\u0131. B\u00fct\u00fcn a\u011f\u0131zlardan ayn\u0131 anda \u015fu s\u00f6zler y\u00fckseldi. Ay! Bu adam Qasimodo imi\u015f! Notre- dame\u2019\u0131n kamburu, kilisenin \u00e7anlar\u0131n\u0131 \u00e7alan Qasimodo! Tek g\u00f6zl\u00fc, topal Qasimodo! Ya\u015fa! Ya\u015fa! \ufffcTan\u0131t\u0131m Metni<\/p>\n","protected":false},"excerpt":{"rendered":"<p>Bu adam sanki bir devdi de v\u00fccudu parampar\u00e7a olmu\u015f, b\u00fct\u00fcn uzuvlar\u0131 sonradan yanl\u0131\u015f, ters \u015fekilde bir araya getirilmi\u015fti. Masallardaki tek g\u00f6zl\u00fc dev\u2019i and\u0131ran bu adam, kilisenin<span class=\"excerpt-hellip\"> [\u2026]<\/span><\/p>\n","protected":false},"featured_media":0,"template":"","meta":{"_monsterinsights_skip_tracking":false,"_monsterinsights_sitenote_active":false,"_monsterinsights_sitenote_note":"","_monsterinsights_sitenote_category":0},"product_brand":[],"product_cat":[12291,13376],"product_tag":[],"class_list":{"0":"post-689604","1":"product","2":"type-product","3":"status-publish","5":"product_cat-edebiyat","6":"product_cat-fransiz-edebiyati","7":"pa_cilt-ciltsiz","8":"pa_tur-kitap","9":"pa_yayinevi-iskele-yayincilik","10":"pa_yazar-victor-hugo","12":"first","13":"instock","14":"sale","15":"shipping-taxable","16":"purchasable","17":"product-type-simple"},"_links":{"self":[{"href":"https:\/\/roveyayinevi.com.tr\/index.php\/wp-json\/wp\/v2\/product\/689604","targetHints":{"allow":["GET"]}}],"collection":[{"href":"https:\/\/roveyayinevi.com.tr\/index.php\/wp-json\/wp\/v2\/product"}],"about":[{"href":"https:\/\/roveyayinevi.com.tr\/index.php\/wp-json\/wp\/v2\/types\/product"}],"wp:attachment":[{"href":"https:\/\/roveyayinevi.com.tr\/index.php\/wp-json\/wp\/v2\/media?parent=689604"}],"wp:term":[{"taxonomy":"product_brand","embeddable":true,"href":"https:\/\/roveyayinevi.com.tr\/index.php\/wp-json\/wp\/v2\/product_brand?post=689604"},{"taxonomy":"product_cat","embeddable":true,"href":"https:\/\/roveyayinevi.com.tr\/index.php\/wp-json\/wp\/v2\/product_cat?post=689604"},{"taxonomy":"product_tag","embeddable":true,"href":"https:\/\/roveyayinevi.com.tr\/index.php\/wp-json\/wp\/v2\/product_tag?post=689604"}],"curies":[{"name":"wp","href":"https:\/\/api.w.org\/{rel}","templated":true}]}}