{"id":689599,"date":"2025-08-27T13:12:09","date_gmt":"2025-08-27T10:12:09","guid":{"rendered":"https:\/\/roveyayinevi.com.tr\/index.php\/urun\/ay-hirsizi\/"},"modified":"2026-04-16T01:59:19","modified_gmt":"2026-04-15T22:59:19","slug":"ay-hirsizi","status":"publish","type":"product","link":"https:\/\/roveyayinevi.com.tr\/index.php\/urun\/ay-hirsizi\/","title":{"rendered":"Ay H\u0131rs\u0131z\u0131"},"content":{"rendered":"<p>Sunay Ak\u0131n yeni kitab\u0131 Ay H\u0131rs\u0131z\u0131\u2019nda g\u00f6z\u00fcn\u00fc Ay\u2019a dikiyor ve bir arkeolo\u011fun sabr\u0131yla kaz\u0131yor insanl\u0131\u011f\u0131n ortak birikiminin \u00fczerine \u00e7\u00f6ken tozu topra\u011f\u0131&#8230; Ortaya \u00e7\u0131kard\u0131\u011f\u0131 bilgiyi \u015fair duyarl\u0131\u011f\u0131yla ilmek ilmek dokuyor ve okurunu hayrete d\u00fc\u015f\u00fcrecek \u00f6yk\u00fcler bir bir diziliyor kar\u015f\u0131m\u0131za. Cervantes ve Mimar Sinan hangi caminin in\u015faat\u0131nda bulu\u015ftu?.. Enver Pa\u015fa\u2019n\u0131n u\u00e7a\u011f\u0131 ka\u00e7 kez d\u00fc\u015ft\u00fc?.. Piri Reis\u2019in haritas\u0131 Topkap\u0131 Saray\u0131\u2019nda nas\u0131l bulundu?.. \u0130stanbul Bo\u011faz\u0131\u2019n\u0131 y\u00fcr\u00fcyerek ge\u00e7en Attila H\u00fclag\u00fc\u2019n\u00fcn s\u0131rr\u0131 neydi? 157 y\u0131l ya\u015fayan Zaro A\u011fa\u2019n\u0131n Amerika seferi&#8230; Atat\u00fcrk neden hi\u00e7 u\u00e7a\u011fa binmedi?..<\/p>\n","protected":false},"excerpt":{"rendered":"<p>Sunay Ak\u0131n yeni kitab\u0131 Ay H\u0131rs\u0131z\u0131\u2019nda g\u00f6z\u00fcn\u00fc Ay\u2019a dikiyor ve bir arkeolo\u011fun sabr\u0131yla kaz\u0131yor insanl\u0131\u011f\u0131n ortak birikiminin \u00fczerine \u00e7\u00f6ken tozu topra\u011f\u0131&#8230; Ortaya \u00e7\u0131kard\u0131\u011f\u0131 bilgiyi \u015fair duyarl\u0131\u011f\u0131yla<span class=\"excerpt-hellip\"> [\u2026]<\/span><\/p>\n","protected":false},"featured_media":0,"template":"","meta":{"_monsterinsights_skip_tracking":false,"_monsterinsights_sitenote_active":false,"_monsterinsights_sitenote_note":"","_monsterinsights_sitenote_category":0},"product_brand":[],"product_cat":[12291,12292],"product_tag":[],"class_list":{"0":"post-689599","1":"product","2":"type-product","3":"status-publish","5":"product_cat-edebiyat","6":"product_cat-turk-edebiyati","7":"pa_cilt-ciltsiz","8":"pa_tur-kitap","9":"pa_yayinevi-is-bankasi-kultur-yayinlari","10":"pa_yazar-sunay-akin","12":"first","13":"instock","14":"sale","15":"shipping-taxable","16":"purchasable","17":"product-type-simple"},"_links":{"self":[{"href":"https:\/\/roveyayinevi.com.tr\/index.php\/wp-json\/wp\/v2\/product\/689599","targetHints":{"allow":["GET"]}}],"collection":[{"href":"https:\/\/roveyayinevi.com.tr\/index.php\/wp-json\/wp\/v2\/product"}],"about":[{"href":"https:\/\/roveyayinevi.com.tr\/index.php\/wp-json\/wp\/v2\/types\/product"}],"wp:attachment":[{"href":"https:\/\/roveyayinevi.com.tr\/index.php\/wp-json\/wp\/v2\/media?parent=689599"}],"wp:term":[{"taxonomy":"product_brand","embeddable":true,"href":"https:\/\/roveyayinevi.com.tr\/index.php\/wp-json\/wp\/v2\/product_brand?post=689599"},{"taxonomy":"product_cat","embeddable":true,"href":"https:\/\/roveyayinevi.com.tr\/index.php\/wp-json\/wp\/v2\/product_cat?post=689599"},{"taxonomy":"product_tag","embeddable":true,"href":"https:\/\/roveyayinevi.com.tr\/index.php\/wp-json\/wp\/v2\/product_tag?post=689599"}],"curies":[{"name":"wp","href":"https:\/\/api.w.org\/{rel}","templated":true}]}}