{"id":689597,"date":"2025-08-27T13:12:09","date_gmt":"2025-08-27T10:12:09","guid":{"rendered":"https:\/\/roveyayinevi.com.tr\/index.php\/urun\/yasayan-dunya\/"},"modified":"2026-04-16T01:59:19","modified_gmt":"2026-04-15T22:59:19","slug":"yasayan-dunya","status":"publish","type":"product","link":"https:\/\/roveyayinevi.com.tr\/index.php\/urun\/yasayan-dunya\/","title":{"rendered":"Ya\u015fayan D\u00fcnya"},"content":{"rendered":"<p>Gezegenimizin her k\u00f6\u015fesinde ya\u015fam vard\u0131r. En s\u0131cak \u00e7\u00f6llerde, en so\u011fuk buzullarda, en y\u00fcksek da\u011flarda ya da en derin okyanuslarda bile canl\u0131lara rastlars\u0131n\u0131z. Bu kitapta ya\u015fam\u0131n \u015fa\u015f\u0131rt\u0131c\u0131 \u00e7e\u015fitlili\u011fini, mikroskobik vir\u00fcslerden dev a\u011fa\u00e7lara kadar bir\u00e7ok ilgin\u00e7 canl\u0131y\u0131 bulabilir, canl\u0131lar\u0131n biyolojik yap\u0131lar\u0131n\u0131 \u00f6\u011frenebilirsiniz. \ufffcTan\u0131t\u0131m Metni<\/p>\n","protected":false},"excerpt":{"rendered":"<p>Gezegenimizin her k\u00f6\u015fesinde ya\u015fam vard\u0131r. En s\u0131cak \u00e7\u00f6llerde, en so\u011fuk buzullarda, en y\u00fcksek da\u011flarda ya da en derin okyanuslarda bile canl\u0131lara rastlars\u0131n\u0131z. Bu kitapta ya\u015fam\u0131n \u015fa\u015f\u0131rt\u0131c\u0131<span class=\"excerpt-hellip\"> [\u2026]<\/span><\/p>\n","protected":false},"featured_media":0,"template":"","meta":{"_monsterinsights_skip_tracking":false,"_monsterinsights_sitenote_active":false,"_monsterinsights_sitenote_note":"","_monsterinsights_sitenote_category":0},"product_brand":[],"product_cat":[13829,12274],"product_tag":[],"class_list":{"0":"post-689597","1":"product","2":"type-product","3":"status-publish","5":"product_cat-bilimsel-kitaplar","6":"product_cat-cocuk-ve-genclik-kitaplari","7":"pa_cilt-ciltsiz","8":"pa_tur-kitap","9":"pa_yayinevi-is-bankasi-kultur-yayinlari","10":"pa_yazar-steve-parker","12":"first","13":"instock","14":"sale","15":"shipping-taxable","16":"purchasable","17":"product-type-simple"},"_links":{"self":[{"href":"https:\/\/roveyayinevi.com.tr\/index.php\/wp-json\/wp\/v2\/product\/689597","targetHints":{"allow":["GET"]}}],"collection":[{"href":"https:\/\/roveyayinevi.com.tr\/index.php\/wp-json\/wp\/v2\/product"}],"about":[{"href":"https:\/\/roveyayinevi.com.tr\/index.php\/wp-json\/wp\/v2\/types\/product"}],"wp:attachment":[{"href":"https:\/\/roveyayinevi.com.tr\/index.php\/wp-json\/wp\/v2\/media?parent=689597"}],"wp:term":[{"taxonomy":"product_brand","embeddable":true,"href":"https:\/\/roveyayinevi.com.tr\/index.php\/wp-json\/wp\/v2\/product_brand?post=689597"},{"taxonomy":"product_cat","embeddable":true,"href":"https:\/\/roveyayinevi.com.tr\/index.php\/wp-json\/wp\/v2\/product_cat?post=689597"},{"taxonomy":"product_tag","embeddable":true,"href":"https:\/\/roveyayinevi.com.tr\/index.php\/wp-json\/wp\/v2\/product_tag?post=689597"}],"curies":[{"name":"wp","href":"https:\/\/api.w.org\/{rel}","templated":true}]}}