{"id":689596,"date":"2025-08-27T13:12:08","date_gmt":"2025-08-27T10:12:08","guid":{"rendered":"https:\/\/roveyayinevi.com.tr\/index.php\/urun\/nasil-calisir\/"},"modified":"2026-04-16T01:59:19","modified_gmt":"2026-04-15T22:59:19","slug":"nasil-calisir","status":"publish","type":"product","link":"https:\/\/roveyayinevi.com.tr\/index.php\/urun\/nasil-calisir\/","title":{"rendered":"Nas\u0131l \u00c7al\u0131\u015f\u0131r"},"content":{"rendered":"<p>Makineler olmasayd\u0131 acaba ya\u015fam neye benzerdi? Uzak yerlere at \u00fcst\u00fcnde gitmek \u00e7ok zor olurdu. \u0130\u015fleri yapmak \u00e7ok daha fazla zaman al\u0131rd\u0131. Hadi bunlar neyse, ama bir d\u00fc\u015f\u00fcnsenize televizyon, telefon ya da bilgisayar olmasayd\u0131 ya\u015fam nas\u0131l olurdu? Modern makinelerin ya\u015fam\u0131 \u00e7ok daha kolay ve e\u011flenceli bir hale getirdi\u011fini s\u00f6yleyebiliriz. \ufffc<\/p>\n","protected":false},"excerpt":{"rendered":"<p>Makineler olmasayd\u0131 acaba ya\u015fam neye benzerdi? Uzak yerlere at \u00fcst\u00fcnde gitmek \u00e7ok zor olurdu. \u0130\u015fleri yapmak \u00e7ok daha fazla zaman al\u0131rd\u0131. Hadi bunlar neyse, ama bir<span class=\"excerpt-hellip\"> [\u2026]<\/span><\/p>\n","protected":false},"featured_media":0,"template":"","meta":{"_monsterinsights_skip_tracking":false,"_monsterinsights_sitenote_active":false,"_monsterinsights_sitenote_note":"","_monsterinsights_sitenote_category":0},"product_brand":[],"product_cat":[13829,12274],"product_tag":[],"class_list":{"0":"post-689596","1":"product","2":"type-product","3":"status-publish","5":"product_cat-bilimsel-kitaplar","6":"product_cat-cocuk-ve-genclik-kitaplari","7":"pa_cilt-ciltsiz","8":"pa_tur-kitap","9":"pa_yayinevi-is-bankasi-kultur-yayinlari","10":"pa_yazar-nicholas-haris","12":"first","13":"instock","14":"sale","15":"shipping-taxable","16":"purchasable","17":"product-type-simple"},"_links":{"self":[{"href":"https:\/\/roveyayinevi.com.tr\/index.php\/wp-json\/wp\/v2\/product\/689596","targetHints":{"allow":["GET"]}}],"collection":[{"href":"https:\/\/roveyayinevi.com.tr\/index.php\/wp-json\/wp\/v2\/product"}],"about":[{"href":"https:\/\/roveyayinevi.com.tr\/index.php\/wp-json\/wp\/v2\/types\/product"}],"wp:attachment":[{"href":"https:\/\/roveyayinevi.com.tr\/index.php\/wp-json\/wp\/v2\/media?parent=689596"}],"wp:term":[{"taxonomy":"product_brand","embeddable":true,"href":"https:\/\/roveyayinevi.com.tr\/index.php\/wp-json\/wp\/v2\/product_brand?post=689596"},{"taxonomy":"product_cat","embeddable":true,"href":"https:\/\/roveyayinevi.com.tr\/index.php\/wp-json\/wp\/v2\/product_cat?post=689596"},{"taxonomy":"product_tag","embeddable":true,"href":"https:\/\/roveyayinevi.com.tr\/index.php\/wp-json\/wp\/v2\/product_tag?post=689596"}],"curies":[{"name":"wp","href":"https:\/\/api.w.org\/{rel}","templated":true}]}}