{"id":689595,"date":"2025-08-27T13:12:08","date_gmt":"2025-08-27T10:12:08","guid":{"rendered":"https:\/\/roveyayinevi.com.tr\/index.php\/urun\/yildizlar-ve-gezegenler\/"},"modified":"2026-04-16T01:59:19","modified_gmt":"2026-04-15T22:59:19","slug":"yildizlar-ve-gezegenler","status":"publish","type":"product","link":"https:\/\/roveyayinevi.com.tr\/index.php\/urun\/yildizlar-ve-gezegenler\/","title":{"rendered":"Y\u0131ld\u0131zlar ve Gezegenler"},"content":{"rendered":"<p>Uzay, gezegenimiz D\u00fcnya\u2019n\u0131n \u00f6tesindeki u\u00e7suz bucaks\u0131z, karanl\u0131k bo\u015fluktur. Uzayda mesafeler muazzamd\u0131r. En yak\u0131n y\u0131ld\u0131z bile o kadar uzakt\u0131r ki, \u0131\u015f\u0131\u011f\u0131 D\u00fcnya\u2019ya d\u00f6rt y\u0131ldan fazla s\u00fcrede ula\u015f\u0131r. (I\u015f\u0131k, saniyede 300.000 kilometre yol al\u0131r. Ve baz\u0131 y\u0131ld\u0131zlar milyarlarca \u0131\u015f\u0131k y\u0131l\u0131 daha \u00f6tededir! <\/p>\n","protected":false},"excerpt":{"rendered":"<p>Uzay, gezegenimiz D\u00fcnya\u2019n\u0131n \u00f6tesindeki u\u00e7suz bucaks\u0131z, karanl\u0131k bo\u015fluktur. Uzayda mesafeler muazzamd\u0131r. En yak\u0131n y\u0131ld\u0131z bile o kadar uzakt\u0131r ki, \u0131\u015f\u0131\u011f\u0131 D\u00fcnya\u2019ya d\u00f6rt y\u0131ldan fazla s\u00fcrede ula\u015f\u0131r.<span class=\"excerpt-hellip\"> [\u2026]<\/span><\/p>\n","protected":false},"featured_media":0,"template":"","meta":{"_monsterinsights_skip_tracking":false,"_monsterinsights_sitenote_active":false,"_monsterinsights_sitenote_note":"","_monsterinsights_sitenote_category":0},"product_brand":[],"product_cat":[13829,12274],"product_tag":[],"class_list":{"0":"post-689595","1":"product","2":"type-product","3":"status-publish","5":"product_cat-bilimsel-kitaplar","6":"product_cat-cocuk-ve-genclik-kitaplari","7":"pa_cilt-ciltsiz","8":"pa_tur-kitap","9":"pa_yayinevi-is-bankasi-kultur-yayinlari","10":"pa_yazar-nicholas-harris","12":"first","13":"instock","14":"sale","15":"shipping-taxable","16":"purchasable","17":"product-type-simple"},"_links":{"self":[{"href":"https:\/\/roveyayinevi.com.tr\/index.php\/wp-json\/wp\/v2\/product\/689595","targetHints":{"allow":["GET"]}}],"collection":[{"href":"https:\/\/roveyayinevi.com.tr\/index.php\/wp-json\/wp\/v2\/product"}],"about":[{"href":"https:\/\/roveyayinevi.com.tr\/index.php\/wp-json\/wp\/v2\/types\/product"}],"wp:attachment":[{"href":"https:\/\/roveyayinevi.com.tr\/index.php\/wp-json\/wp\/v2\/media?parent=689595"}],"wp:term":[{"taxonomy":"product_brand","embeddable":true,"href":"https:\/\/roveyayinevi.com.tr\/index.php\/wp-json\/wp\/v2\/product_brand?post=689595"},{"taxonomy":"product_cat","embeddable":true,"href":"https:\/\/roveyayinevi.com.tr\/index.php\/wp-json\/wp\/v2\/product_cat?post=689595"},{"taxonomy":"product_tag","embeddable":true,"href":"https:\/\/roveyayinevi.com.tr\/index.php\/wp-json\/wp\/v2\/product_tag?post=689595"}],"curies":[{"name":"wp","href":"https:\/\/api.w.org\/{rel}","templated":true}]}}