{"id":689591,"date":"2025-08-27T13:12:08","date_gmt":"2025-08-27T10:12:08","guid":{"rendered":"https:\/\/roveyayinevi.com.tr\/index.php\/urun\/dinozorlar-ve-tarih-oncesi\/"},"modified":"2026-04-16T01:59:19","modified_gmt":"2026-04-15T22:59:19","slug":"dinozorlar-ve-tarih-oncesi","status":"publish","type":"product","link":"https:\/\/roveyayinevi.com.tr\/index.php\/urun\/dinozorlar-ve-tarih-oncesi\/","title":{"rendered":"Dinozorlar ve Tarih \u00d6ncesi"},"content":{"rendered":"<p>Gezegenimiz 4,6 milyar ya\u015f\u0131nda. D\u00fcnya\u2019daki ya\u015fam yakla\u015f\u0131k 3,8 milyar y\u0131l \u00f6nce ba\u015flad\u0131. \u0130lk ya\u015fam bi\u00e7imleri bitki ya da hayvan olmayan basit mikroskobik canl\u0131lard\u0131. S\u00fcr\u00fcngenlerin ortaya \u00e7\u0131kmas\u0131 i\u00e7in 3,6 milyar y\u0131l daha ge\u00e7mesi gerekti. Bu s\u00fcr\u00fcngenlerin baz\u0131lar\u0131 gezegenin g\u00f6rd\u00fc\u011f\u00fc en b\u00fcy\u00fck ve en vah\u015fi yarat\u0131klard\u0131&#8230; Bunlar dinozorlard\u0131&#8230; <\/p>\n","protected":false},"excerpt":{"rendered":"<p>Gezegenimiz 4,6 milyar ya\u015f\u0131nda. D\u00fcnya\u2019daki ya\u015fam yakla\u015f\u0131k 3,8 milyar y\u0131l \u00f6nce ba\u015flad\u0131. \u0130lk ya\u015fam bi\u00e7imleri bitki ya da hayvan olmayan basit mikroskobik canl\u0131lard\u0131. S\u00fcr\u00fcngenlerin ortaya \u00e7\u0131kmas\u0131<span class=\"excerpt-hellip\"> [\u2026]<\/span><\/p>\n","protected":false},"featured_media":0,"template":"","meta":{"_monsterinsights_skip_tracking":false,"_monsterinsights_sitenote_active":false,"_monsterinsights_sitenote_note":"","_monsterinsights_sitenote_category":0},"product_brand":[],"product_cat":[13829,12274],"product_tag":[],"class_list":{"0":"post-689591","1":"product","2":"type-product","3":"status-publish","5":"product_cat-bilimsel-kitaplar","6":"product_cat-cocuk-ve-genclik-kitaplari","7":"pa_cilt-ciltsiz","8":"pa_tur-kitap","9":"pa_yayinevi-is-bankasi-kultur-yayinlari","10":"pa_yazar-nicholas-harris","12":"first","13":"instock","14":"sale","15":"shipping-taxable","16":"purchasable","17":"product-type-simple"},"_links":{"self":[{"href":"https:\/\/roveyayinevi.com.tr\/index.php\/wp-json\/wp\/v2\/product\/689591","targetHints":{"allow":["GET"]}}],"collection":[{"href":"https:\/\/roveyayinevi.com.tr\/index.php\/wp-json\/wp\/v2\/product"}],"about":[{"href":"https:\/\/roveyayinevi.com.tr\/index.php\/wp-json\/wp\/v2\/types\/product"}],"wp:attachment":[{"href":"https:\/\/roveyayinevi.com.tr\/index.php\/wp-json\/wp\/v2\/media?parent=689591"}],"wp:term":[{"taxonomy":"product_brand","embeddable":true,"href":"https:\/\/roveyayinevi.com.tr\/index.php\/wp-json\/wp\/v2\/product_brand?post=689591"},{"taxonomy":"product_cat","embeddable":true,"href":"https:\/\/roveyayinevi.com.tr\/index.php\/wp-json\/wp\/v2\/product_cat?post=689591"},{"taxonomy":"product_tag","embeddable":true,"href":"https:\/\/roveyayinevi.com.tr\/index.php\/wp-json\/wp\/v2\/product_tag?post=689591"}],"curies":[{"name":"wp","href":"https:\/\/api.w.org\/{rel}","templated":true}]}}