{"id":689590,"date":"2025-08-27T13:12:07","date_gmt":"2025-08-27T10:12:07","guid":{"rendered":"https:\/\/roveyayinevi.com.tr\/index.php\/urun\/10-zaman-carki-serisi-ciltli-alacakaranlik-kavsagi\/"},"modified":"2026-04-16T01:59:19","modified_gmt":"2026-04-15T22:59:19","slug":"10-zaman-carki-serisi-ciltli-alacakaranlik-kavsagi","status":"publish","type":"product","link":"https:\/\/roveyayinevi.com.tr\/index.php\/urun\/10-zaman-carki-serisi-ciltli-alacakaranlik-kavsagi\/","title":{"rendered":"10 &#8211; Zaman \u00c7ark\u0131 Serisi (Ciltli): Alacakaranl\u0131k Kav\u015fa\u011f\u0131"},"content":{"rendered":"<p>Zaman \u00c7ark\u0131 Serisi B\u00fcy\u00fck Bir Heyecanla Devam Ediyor&#8230; Rand, Nynaeve\u2019in yard\u0131m\u0131yla Ger\u00e7ek Kaynak\u2019\u0131n eril yar\u0131s\u0131n\u0131 temizlerken Zaman \u00c7ark\u0131 d\u00fcnyas\u0131nda i\u015fler gittik\u00e7e kar\u0131\u015f\u0131yor. Afets\u0131n\u0131r\u0131 korumas\u0131z kald\u0131, S\u0131n\u0131rboyu lord ve leydileri g\u00fcneyde. Karakule\u2019de, Logain ile Mazrim Taim aras\u0131ndaki ayr\u0131m gittik\u00e7e daha belirgin oluyor. Rand Taim\u2019e daha ne kadar g\u00fcvenebilecek? Gawyn Egwene\u2019in a\u015fk\u0131 ile Beyaz Kule\u2019nin talepleri aras\u0131nda kald\u0131. Se\u00e7imi kaderini belirleyecek. Elayne\u2019in taht \u00fczerindeki hak iddias\u0131 h\u00e2l\u00e2 yeterince kuvvetli de\u011fil, \u00fcstelik G\u00f6lge entrikalar\u0131na onu da katt\u0131. Masema Seanchanlarla ne i\u015f \u00e7eviriyor? Mat Cauthon Seanchanlardan ka\u00e7\u0131yor. Perrin Alt\u0131ng\u00f6z kar\u0131s\u0131n\u0131 kurtarmak i\u00e7in Shaidolar\u0131 koval\u0131yor. Hem Caemlyn, hem Tar Valon ku\u015fat\u0131lm\u0131\u015f halde ve sava\u015f h\u00e2l\u00e2 ba\u015flamad\u0131. Rand al\u2019Thor g\u00f6zlerden uzakta, ittifak\u0131n\u0131 g\u00fc\u00e7lendirmenin yolunu ar\u0131yor. D\u00fcnyan\u0131n kaderi Alacakaranl\u0131k Kav\u015fa\u011f\u0131\u2019nda. Gelecekte insanl\u0131\u011f\u0131 \u0131\u015f\u0131kl\u0131 m\u0131 bekliyor, g\u00f6lge mi, belli de\u011fil. Basit sava\u015f yoktur. Bilinen evrenin tamam\u0131n\u0131 ele ge\u00e7irmek i\u00e7in verilen sava\u015f\u0131n karga\u015fas\u0131n\u0131 ancak Robert Jordan\u2019\u0131n yetene\u011fi idare edebilirdi. \ufffcTan\u0131t\u0131m Metni<\/p>\n","protected":false},"excerpt":{"rendered":"<p>Zaman \u00c7ark\u0131 Serisi B\u00fcy\u00fck Bir Heyecanla Devam Ediyor&#8230; Rand, Nynaeve\u2019in yard\u0131m\u0131yla Ger\u00e7ek Kaynak\u2019\u0131n eril yar\u0131s\u0131n\u0131 temizlerken Zaman \u00c7ark\u0131 d\u00fcnyas\u0131nda i\u015fler gittik\u00e7e kar\u0131\u015f\u0131yor. Afets\u0131n\u0131r\u0131 korumas\u0131z kald\u0131, S\u0131n\u0131rboyu<span class=\"excerpt-hellip\"> [\u2026]<\/span><\/p>\n","protected":false},"featured_media":0,"template":"","meta":{"_monsterinsights_skip_tracking":false,"_monsterinsights_sitenote_active":false,"_monsterinsights_sitenote_note":"","_monsterinsights_sitenote_category":0},"product_brand":[],"product_cat":[12291,14777],"product_tag":[],"class_list":{"0":"post-689590","1":"product","2":"type-product","3":"status-publish","5":"product_cat-edebiyat","6":"product_cat-fantastik","7":"pa_cilt-ciltli","8":"pa_tur-kitap","9":"pa_yayinevi-ithaki-yayinlari","10":"pa_yazar-robert-jordan","12":"first","13":"instock","14":"sale","15":"shipping-taxable","16":"purchasable","17":"product-type-simple"},"_links":{"self":[{"href":"https:\/\/roveyayinevi.com.tr\/index.php\/wp-json\/wp\/v2\/product\/689590","targetHints":{"allow":["GET"]}}],"collection":[{"href":"https:\/\/roveyayinevi.com.tr\/index.php\/wp-json\/wp\/v2\/product"}],"about":[{"href":"https:\/\/roveyayinevi.com.tr\/index.php\/wp-json\/wp\/v2\/types\/product"}],"wp:attachment":[{"href":"https:\/\/roveyayinevi.com.tr\/index.php\/wp-json\/wp\/v2\/media?parent=689590"}],"wp:term":[{"taxonomy":"product_brand","embeddable":true,"href":"https:\/\/roveyayinevi.com.tr\/index.php\/wp-json\/wp\/v2\/product_brand?post=689590"},{"taxonomy":"product_cat","embeddable":true,"href":"https:\/\/roveyayinevi.com.tr\/index.php\/wp-json\/wp\/v2\/product_cat?post=689590"},{"taxonomy":"product_tag","embeddable":true,"href":"https:\/\/roveyayinevi.com.tr\/index.php\/wp-json\/wp\/v2\/product_tag?post=689590"}],"curies":[{"name":"wp","href":"https:\/\/api.w.org\/{rel}","templated":true}]}}