{"id":689587,"date":"2025-08-27T13:12:07","date_gmt":"2025-08-27T10:12:07","guid":{"rendered":"https:\/\/roveyayinevi.com.tr\/index.php\/urun\/bitmeyen-goc-konuk-iscilikten-ulus-otesi-yurttasliga\/"},"modified":"2026-04-02T01:58:19","modified_gmt":"2026-04-01T22:58:19","slug":"bitmeyen-goc-konuk-iscilikten-ulus-otesi-yurttasliga","status":"publish","type":"product","link":"https:\/\/roveyayinevi.com.tr\/index.php\/urun\/bitmeyen-goc-konuk-iscilikten-ulus-otesi-yurttasliga\/","title":{"rendered":"Bitmeyen G\u00f6\u00e7 Konuk \u0130\u015f\u00e7ilikten Ulus-\u00d6tesi Yurtta\u015fl\u0131\u011fa"},"content":{"rendered":"<p>G\u00f6\u00e7, gitgide k\u00fc\u00e7\u00fclen d\u00fcnyam\u0131zda ya\u015fanmakta olan en \u00f6nemli toplumsal olgulardan biri olmaya devam ediyor. Ya\u015fl\u0131 k\u0131tam\u0131z\u0131n bir k\u00f6\u015fesinden di\u011ferine, bir \u00fclkesinden ba\u015fkas\u0131na akan g\u00f6\u00e7menler yerle\u015ftikleri topraklara yeni ili\u015fkileri ta\u015f\u0131rken, yeni kimliklerin de olu\u015fmas\u0131n\u0131 sa\u011fl\u0131yor. Bug\u00fcn Cumhuriyet T\u00fcrkiyesi\u2019nin be\u015f milyona yak\u0131n yurtta\u015f\u0131, \u00e7o\u011funlu\u011fu Avrupa\u2019da olmak \u00fczere d\u00fcnyan\u0131n her yerinde s\u00f6z konusu bu kimli\u011fin belirledi\u011fi ili\u015fkileri her g\u00fcn yeniden \u00fcretiyor. G\u00f6\u00e7 olgusu \u00fczerine elli be\u015f y\u0131ldan beri kuramsal ve uygulamal\u0131 ara\u015ft\u0131rmalar\u0131n\u0131 s\u00fcrd\u00fcren Prof. Dr. Nermin Abadan-Unat bu \u00e7al\u0131\u015fmas\u0131nda, demografik hareketlerin tarih\u00e7esini, bunun T\u00fcrk toplum yap\u0131s\u0131nda yaratt\u0131\u011f\u0131 de\u011fi\u015fimleri ve uluslararas\u0131 alanda oynad\u0131\u011f\u0131 rol\u00fc irdelemektedir. Yap\u0131t\u0131nda bu de\u011fi\u015fimlerin sonucunda ortaya \u00e7\u0131kan ku\u015faklararas\u0131 farkl\u0131l\u0131klar\u0131 ve ulus-devletin yeni i\u015flevlerini inceleyen Abadan-Unat, k\u00fcreselle\u015fme \u00e7ark\u0131na giren yeni T\u00fcrk g\u00f6\u00e7menlerin, g\u00f6\u00e7men veren ve alan bir\u00e7ok \u00fclke vatanda\u015f\u0131 gibi farkl\u0131 bir yurtta\u015fl\u0131k bilincine ula\u015ft\u0131\u011f\u0131n\u0131 saptarken; \u201cikili\u201d, \u201c\u00fc\u00e7l\u00fc\u201d ve \u201c\u00e7oklu\u201d kimliklerin \u00e7ifte vatanda\u015fl\u0131k stat\u00fcs\u00fcn\u00fc de a\u015farak yeni bir kimli\u011fe sahip, yeni tip insan\u0131 yaratt\u0131\u011f\u0131n\u0131 belirtmektedir. Bitmeyen G\u00f6\u00e7, ilk bas\u0131m\u0131ndan bug\u00fcne g\u00f6\u00e7 \u00e7al\u0131\u015fmalar\u0131 alan\u0131nda temel ba\u015fvuru kitab\u0131 oldu. \u0130stanbul Bilgi \u00dcniversitesi Yay\u0131nlar\u0131 olarak, y\u0131llar\u0131n\u0131 bu \u00e7al\u0131\u015fmalara vermi\u015f de\u011ferli bilim insan\u0131, \u00f6nc\u00fc hocam\u0131z Prof. Dr. Nermin Abadan-Unat\u2019a bir kez daha sayg\u0131lar\u0131m\u0131z\u0131 sunuyoruz<\/p>\n","protected":false},"excerpt":{"rendered":"<p>G\u00f6\u00e7, gitgide k\u00fc\u00e7\u00fclen d\u00fcnyam\u0131zda ya\u015fanmakta olan en \u00f6nemli toplumsal olgulardan biri olmaya devam ediyor. Ya\u015fl\u0131 k\u0131tam\u0131z\u0131n bir k\u00f6\u015fesinden di\u011ferine, bir \u00fclkesinden ba\u015fkas\u0131na akan g\u00f6\u00e7menler yerle\u015ftikleri topraklara<span class=\"excerpt-hellip\"> [\u2026]<\/span><\/p>\n","protected":false},"featured_media":0,"template":"","meta":{"_monsterinsights_skip_tracking":false,"_monsterinsights_sitenote_active":false,"_monsterinsights_sitenote_note":"","_monsterinsights_sitenote_category":0},"product_brand":[],"product_cat":[13633,12324],"product_tag":[],"class_list":{"0":"post-689587","1":"product","2":"type-product","3":"status-publish","5":"product_cat-kultur-ve-bilim","6":"product_cat-sosyoloji","7":"pa_cilt-ciltsiz","8":"pa_tur-kitap","9":"pa_yayinevi-bilgi-universitesi-yayinlari","10":"pa_yazar-nermin-abadan-unat","12":"first","13":"instock","14":"sale","15":"shipping-taxable","16":"purchasable","17":"product-type-simple"},"_links":{"self":[{"href":"https:\/\/roveyayinevi.com.tr\/index.php\/wp-json\/wp\/v2\/product\/689587","targetHints":{"allow":["GET"]}}],"collection":[{"href":"https:\/\/roveyayinevi.com.tr\/index.php\/wp-json\/wp\/v2\/product"}],"about":[{"href":"https:\/\/roveyayinevi.com.tr\/index.php\/wp-json\/wp\/v2\/types\/product"}],"wp:attachment":[{"href":"https:\/\/roveyayinevi.com.tr\/index.php\/wp-json\/wp\/v2\/media?parent=689587"}],"wp:term":[{"taxonomy":"product_brand","embeddable":true,"href":"https:\/\/roveyayinevi.com.tr\/index.php\/wp-json\/wp\/v2\/product_brand?post=689587"},{"taxonomy":"product_cat","embeddable":true,"href":"https:\/\/roveyayinevi.com.tr\/index.php\/wp-json\/wp\/v2\/product_cat?post=689587"},{"taxonomy":"product_tag","embeddable":true,"href":"https:\/\/roveyayinevi.com.tr\/index.php\/wp-json\/wp\/v2\/product_tag?post=689587"}],"curies":[{"name":"wp","href":"https:\/\/api.w.org\/{rel}","templated":true}]}}