{"id":689586,"date":"2025-08-27T13:12:07","date_gmt":"2025-08-27T10:12:07","guid":{"rendered":"https:\/\/roveyayinevi.com.tr\/index.php\/urun\/amerika\/"},"modified":"2026-04-16T01:59:19","modified_gmt":"2026-04-15T22:59:19","slug":"amerika","status":"publish","type":"product","link":"https:\/\/roveyayinevi.com.tr\/index.php\/urun\/amerika\/","title":{"rendered":"Amerika"},"content":{"rendered":"<p>\u201cBu siyah-beyaz hik\u00e2yeyi s\u00fcsleyen tek bir poetik metafor yoktur. \u00dcslubunun durulu\u011fu, fantazisinin karanl\u0131k zenginli\u011fini \u00f6ne \u00e7\u0131kar\u0131r. Kar\u015f\u0131tl\u0131k ve birlik, \u00fcslup ve konu, tarz ve olay \u00f6rg\u00fcs\u00fc m\u00fckemmel bir bi\u00e7imde b\u00fct\u00fcnle\u015fmi\u015ftir.&#8221; -Vladimir Nabokov   Franz Kafka, ilk roman\u0131 Amerika\u2019da kar\u0131\u015ft\u0131\u011f\u0131 bir skandal y\u00fcz\u00fcnden ailesi taraf\u0131ndan Amerika\u2019ya g\u00f6nderilen Karl Rossmann\u2019\u0131n hik\u00e2yesini anlat\u0131r. S\u00fcrg\u00fcn edildi\u011fi bu \u201cyeni d\u00fcnya\u201d g\u00f6r\u00fc\u015f alan\u0131na girdi\u011fi anda \u00e7arp\u0131k g\u00f6r\u00fcn\u00fcr Rossmann\u2019a: \u00d6zg\u00fcrl\u00fck Heykeli me\u015fale de\u011fil, k\u0131l\u0131\u00e7 tutmaktad\u0131r. Ya\u015fama dair tan\u0131y\u0131p bildi\u011fi ne varsa bo\u015fa \u00e7\u0131kar, talihi onu nereye s\u00fcr\u00fcklerse s\u00fcr\u00fcklesin ayak diremeden kabullense de bir t\u00fcrl\u00fc kendini anlatamaz, ne de di\u011ferlerini anlayabilir. Eski d\u00fcnyadan getirdi\u011fi masumiyeti bir prangaya d\u00f6n\u00fc\u015fen Karl Rossmann yeni bir d\u00fcnya ke\u015ffeder fakat kendi kaybolmu\u015ftur. <\/p>\n","protected":false},"excerpt":{"rendered":"<p>\u201cBu siyah-beyaz hik\u00e2yeyi s\u00fcsleyen tek bir poetik metafor yoktur. \u00dcslubunun durulu\u011fu, fantazisinin karanl\u0131k zenginli\u011fini \u00f6ne \u00e7\u0131kar\u0131r. Kar\u015f\u0131tl\u0131k ve birlik, \u00fcslup ve konu, tarz ve olay \u00f6rg\u00fcs\u00fc<span class=\"excerpt-hellip\"> [\u2026]<\/span><\/p>\n","protected":false},"featured_media":0,"template":"","meta":{"_monsterinsights_skip_tracking":false,"_monsterinsights_sitenote_active":false,"_monsterinsights_sitenote_note":"","_monsterinsights_sitenote_category":0},"product_brand":[],"product_cat":[12782,12291],"product_tag":[],"class_list":{"0":"post-689586","1":"product","2":"type-product","3":"status-publish","5":"product_cat-alman-edebiyati","6":"product_cat-edebiyat","7":"pa_cilt-ciltsiz","8":"pa_tur-kitap","9":"pa_yayinevi-ithaki-yayinlari","10":"pa_yazar-franz-kafka","12":"first","13":"instock","14":"sale","15":"shipping-taxable","16":"purchasable","17":"product-type-simple"},"_links":{"self":[{"href":"https:\/\/roveyayinevi.com.tr\/index.php\/wp-json\/wp\/v2\/product\/689586","targetHints":{"allow":["GET"]}}],"collection":[{"href":"https:\/\/roveyayinevi.com.tr\/index.php\/wp-json\/wp\/v2\/product"}],"about":[{"href":"https:\/\/roveyayinevi.com.tr\/index.php\/wp-json\/wp\/v2\/types\/product"}],"wp:attachment":[{"href":"https:\/\/roveyayinevi.com.tr\/index.php\/wp-json\/wp\/v2\/media?parent=689586"}],"wp:term":[{"taxonomy":"product_brand","embeddable":true,"href":"https:\/\/roveyayinevi.com.tr\/index.php\/wp-json\/wp\/v2\/product_brand?post=689586"},{"taxonomy":"product_cat","embeddable":true,"href":"https:\/\/roveyayinevi.com.tr\/index.php\/wp-json\/wp\/v2\/product_cat?post=689586"},{"taxonomy":"product_tag","embeddable":true,"href":"https:\/\/roveyayinevi.com.tr\/index.php\/wp-json\/wp\/v2\/product_tag?post=689586"}],"curies":[{"name":"wp","href":"https:\/\/api.w.org\/{rel}","templated":true}]}}