{"id":689585,"date":"2025-08-27T13:12:06","date_gmt":"2025-08-27T10:12:06","guid":{"rendered":"https:\/\/roveyayinevi.com.tr\/index.php\/urun\/ayi\/"},"modified":"2026-04-16T01:59:19","modified_gmt":"2026-04-15T22:59:19","slug":"ayi","status":"publish","type":"product","link":"https:\/\/roveyayinevi.com.tr\/index.php\/urun\/ayi\/","title":{"rendered":"Ay\u0131"},"content":{"rendered":"<p>Anton \u00c7ehov (1860-1904): Oyun ve hik\u00e2yeleriyle hayat\u0131n yal\u0131nl\u0131\u011f\u0131 ve karma\u015fas\u0131 i\u00e7indeki insanl\u0131k durumlar\u0131n\u0131 b\u00fcy\u00fck bir duyarl\u0131l\u0131kla i\u015fleyerek d\u00fcnya edebiyat\u0131na damgas\u0131n\u0131 vuran en \u00f6nemli Rus yazarlar\u0131ndan biridir. Bu kitapta yer alan dokuz k\u0131sa oyununun alt\u0131s\u0131 komedi, \u00fc\u00e7\u00fc dramd\u0131r. Ba\u015fta Ay\u0131 olmak \u00fczere komedileri t\u00fcm d\u00fcnyada defalarca sahnelenmi\u015f, b\u00fcy\u00fck be\u011feniyle kar\u015f\u0131lanm\u0131\u015ft\u0131r. Dramlardan Ku\u011funun \u015eark\u0131s\u0131 ve \u015eehir Yolunda kendi hik\u00e2yelerinden, Tatyana Repina&#8217;ysa Suvorin&#8217;in bir oyunundan ilhamla yaz\u0131lm\u0131\u015ft\u0131r. \u00c7ehov k\u0131sa oyunlar\u0131nda da t\u0131pk\u0131 hik\u00e2yelerindeki gibi ilk bak\u0131\u015fta \u00f6nemsiz, g\u00fcl\u00fcn\u00e7 ya da tuhaf g\u00f6r\u00fcnen g\u00fcnl\u00fck olaylar\u0131 i\u015flemi\u015ftir. Ya\u015fam\u0131n s\u0131radan olaylar\u0131n\u0131 kendine has, sade fakat bir o kadar \u00e7arp\u0131c\u0131 \u00fcslubuyla sahneye aktararak Tolstoy&#8217;un onun i\u00e7in s\u00f6yledi\u011fi \u00c7ehov e\u015fsiz bir ya\u015fam ressam\u0131d\u0131r s\u00f6zlerinin do\u011frulu\u011funu kan\u0131tlam\u0131\u015ft\u0131r. Tansu Akg\u00fcn (1977): \u0130stanbul \u00dcniversitesi Rus Dili ve Edebiyat\u0131 B\u00f6l\u00fcm\u00fc&#8217;n\u00fc bitirdi. Rus\u00e7a ve \u0130ngilizceden \u00e7eviriler yapan Tansu Akg\u00fcn, Maksim Gorki ve Anton \u00c7ehov&#8217;dan tiyatro oyunlar\u0131, F.M Dostoyevski&#8217;den romanlar ve Jacob Abbott&#8217;dan biyografiler \u00e7evirdi. \ufffcTan\u0131t\u0131m Metni<\/p>\n","protected":false},"excerpt":{"rendered":"<p>Anton \u00c7ehov (1860-1904): Oyun ve hik\u00e2yeleriyle hayat\u0131n yal\u0131nl\u0131\u011f\u0131 ve karma\u015fas\u0131 i\u00e7indeki insanl\u0131k durumlar\u0131n\u0131 b\u00fcy\u00fck bir duyarl\u0131l\u0131kla i\u015fleyerek d\u00fcnya edebiyat\u0131na damgas\u0131n\u0131 vuran en \u00f6nemli Rus yazarlar\u0131ndan biridir.<span class=\"excerpt-hellip\"> [\u2026]<\/span><\/p>\n","protected":false},"featured_media":0,"template":"","meta":{"_monsterinsights_skip_tracking":false,"_monsterinsights_sitenote_active":false,"_monsterinsights_sitenote_note":"","_monsterinsights_sitenote_category":0},"product_brand":[],"product_cat":[12291,14272],"product_tag":[],"class_list":{"0":"post-689585","1":"product","2":"type-product","3":"status-publish","5":"product_cat-edebiyat","6":"product_cat-tiyatro","7":"pa_cilt-ciltsiz","8":"pa_tur-kitap","9":"pa_yayinevi-is-bankasi-kultur-yayinlari","10":"pa_yazar-anton-pavlovic-cehov","12":"first","13":"instock","14":"sale","15":"shipping-taxable","16":"purchasable","17":"product-type-simple"},"_links":{"self":[{"href":"https:\/\/roveyayinevi.com.tr\/index.php\/wp-json\/wp\/v2\/product\/689585","targetHints":{"allow":["GET"]}}],"collection":[{"href":"https:\/\/roveyayinevi.com.tr\/index.php\/wp-json\/wp\/v2\/product"}],"about":[{"href":"https:\/\/roveyayinevi.com.tr\/index.php\/wp-json\/wp\/v2\/types\/product"}],"wp:attachment":[{"href":"https:\/\/roveyayinevi.com.tr\/index.php\/wp-json\/wp\/v2\/media?parent=689585"}],"wp:term":[{"taxonomy":"product_brand","embeddable":true,"href":"https:\/\/roveyayinevi.com.tr\/index.php\/wp-json\/wp\/v2\/product_brand?post=689585"},{"taxonomy":"product_cat","embeddable":true,"href":"https:\/\/roveyayinevi.com.tr\/index.php\/wp-json\/wp\/v2\/product_cat?post=689585"},{"taxonomy":"product_tag","embeddable":true,"href":"https:\/\/roveyayinevi.com.tr\/index.php\/wp-json\/wp\/v2\/product_tag?post=689585"}],"curies":[{"name":"wp","href":"https:\/\/api.w.org\/{rel}","templated":true}]}}