{"id":689584,"date":"2025-08-27T13:12:06","date_gmt":"2025-08-27T10:12:06","guid":{"rendered":"https:\/\/roveyayinevi.com.tr\/index.php\/urun\/anna-karenina-1-cilt\/"},"modified":"2026-04-16T01:59:19","modified_gmt":"2026-04-15T22:59:19","slug":"anna-karenina-1-cilt","status":"publish","type":"product","link":"https:\/\/roveyayinevi.com.tr\/index.php\/urun\/anna-karenina-1-cilt\/","title":{"rendered":"Anna Karenina 1. Cilt"},"content":{"rendered":"<p>Tolstoy, d\u00fcnyan\u0131n en b\u00fcy\u00fck yazarlar\u0131ndan biridir ku\u015fkusuz. \u00d6l\u00fcm\u00fcn\u00fcn \u00fczerinden ge\u00e7en bir as\u0131r \u00fcn\u00fcn\u00fc eksiltmedi, hatta nesilden nesile hayranlar\u0131 katlanarak artt\u0131. 1828-1910 y\u0131llar\u0131 aras\u0131ndaki hayat\u0131 boyunca kendisini d\u00fcnya edebiyat\u0131nda s\u00f6z sahibi yapan ve sars\u0131lmaz bir yere oturtan ba\u015fyap\u0131tlar b\u0131rakt\u0131. Tolstoy, onu d\u00fcnyan\u0131n en b\u00fcy\u00fck romanc\u0131lar\u0131ndan biri yapan ve ba\u015fkahraman\u0131n\u0131n ad\u0131n\u0131 verdi\u011fi Anna Karenina y\u0131 1877 y\u0131l\u0131nda yay\u0131mlad\u0131. Roman bizi, aileleri mutsuzlu\u011fa g\u00f6t\u00fcrebilecek etmenleri ara\u015ft\u0131r\u0131p kendimizi sorgulamaya sevk eder. Ya\u015fam\u0131n kat\u0131 ger\u00e7ekleri ve okudu\u011fumuz her c\u00fcmlede kar\u015f\u0131la\u015ft\u0131\u011f\u0131m\u0131z bir ahlak dersi&#8230; Bizi s\u00fcrekli takip eden g\u00f6zler&#8230; Ola\u011fan\u00fcst\u00fc bir g\u00f6zlem g\u00fcc\u00fc ve anlat\u0131m ustal\u0131\u011f\u0131. Her iyi roman kahraman\u0131 gibi, daha en ba\u015f\u0131ndan, onlarla da kendimizden bir \u015feyler buldu\u011fumuz karakterler. \u0130\u015fte bu da Tolstoy\u2019un en b\u00fcy\u00fck ba\u015far\u0131s\u0131. Anna Karenina ne yaparsa yaps\u0131n, kimden ka\u00e7arsa ka\u00e7s\u0131n, yarat\u0131c\u0131s\u0131ndan kurtulamayacak; korkun\u00e7 g\u00fcnah\u0131ndan \u00f6t\u00fcr\u00fc, yazar\u0131n da bir par\u00e7as\u0131 oldu\u011fu ataerkil toplum taraf\u0131ndan ac\u0131mas\u0131zca su\u00e7lanacak, yarg\u0131lanacak ve cezaland\u0131r\u0131lacakt\u0131. Anna Karenina ahlaks\u0131z olabilirdi ama iyili\u011finden ku\u015fku duyamazd\u0131k. Onun affedilmez su\u00e7u, bir erke\u011fe a\u015f\u0131k olmakt\u0131 ama se\u00e7imini yanl\u0131\u015f yapm\u0131\u015ft\u0131. <\/p>\n","protected":false},"excerpt":{"rendered":"<p>Tolstoy, d\u00fcnyan\u0131n en b\u00fcy\u00fck yazarlar\u0131ndan biridir ku\u015fkusuz. \u00d6l\u00fcm\u00fcn\u00fcn \u00fczerinden ge\u00e7en bir as\u0131r \u00fcn\u00fcn\u00fc eksiltmedi, hatta nesilden nesile hayranlar\u0131 katlanarak artt\u0131. 1828-1910 y\u0131llar\u0131 aras\u0131ndaki hayat\u0131 boyunca kendisini<span class=\"excerpt-hellip\"> [\u2026]<\/span><\/p>\n","protected":false},"featured_media":0,"template":"","meta":{"_monsterinsights_skip_tracking":false,"_monsterinsights_sitenote_active":false,"_monsterinsights_sitenote_note":"","_monsterinsights_sitenote_category":0},"product_brand":[],"product_cat":[12291,13570],"product_tag":[],"class_list":{"0":"post-689584","1":"product","2":"type-product","3":"status-publish","5":"product_cat-edebiyat","6":"product_cat-rus-edebiyati","7":"pa_tur-kitap","8":"pa_yayinevi-iskele-yayincilik","9":"pa_yazar-lev-nikolayevic-tolstoy","11":"first","12":"instock","13":"sale","14":"shipping-taxable","15":"purchasable","16":"product-type-simple"},"_links":{"self":[{"href":"https:\/\/roveyayinevi.com.tr\/index.php\/wp-json\/wp\/v2\/product\/689584","targetHints":{"allow":["GET"]}}],"collection":[{"href":"https:\/\/roveyayinevi.com.tr\/index.php\/wp-json\/wp\/v2\/product"}],"about":[{"href":"https:\/\/roveyayinevi.com.tr\/index.php\/wp-json\/wp\/v2\/types\/product"}],"wp:attachment":[{"href":"https:\/\/roveyayinevi.com.tr\/index.php\/wp-json\/wp\/v2\/media?parent=689584"}],"wp:term":[{"taxonomy":"product_brand","embeddable":true,"href":"https:\/\/roveyayinevi.com.tr\/index.php\/wp-json\/wp\/v2\/product_brand?post=689584"},{"taxonomy":"product_cat","embeddable":true,"href":"https:\/\/roveyayinevi.com.tr\/index.php\/wp-json\/wp\/v2\/product_cat?post=689584"},{"taxonomy":"product_tag","embeddable":true,"href":"https:\/\/roveyayinevi.com.tr\/index.php\/wp-json\/wp\/v2\/product_tag?post=689584"}],"curies":[{"name":"wp","href":"https:\/\/api.w.org\/{rel}","templated":true}]}}