{"id":689582,"date":"2025-08-27T13:12:06","date_gmt":"2025-08-27T10:12:06","guid":{"rendered":"https:\/\/roveyayinevi.com.tr\/index.php\/urun\/modern-devletin-gelisimi\/"},"modified":"2025-10-05T14:46:30","modified_gmt":"2025-10-05T11:46:30","slug":"modern-devletin-gelisimi","status":"publish","type":"product","link":"https:\/\/roveyayinevi.com.tr\/index.php\/urun\/modern-devletin-gelisimi\/","title":{"rendered":"Modern Devletin Geli\u015fimi"},"content":{"rendered":"<p>Poggi\u2019nin kitab\u0131 devlet \u00fczerine sosyolojik bir kuram olu\u015fturmay\u0131 ama\u00e7lamas\u0131yla devlet kavram\u0131n\u0131n daha \u00e7ok sorguland\u0131\u011f\u0131 T\u00fcrkiye i\u00e7in temel bir kaynak niteli\u011fini ta\u015f\u0131yor&#8230; Sosyoloji bilimi \u00e7ok uzun bir zaman devlet kavram\u0131yla ilgilenmedi. Siyasal ve toplumsal alanlar aras\u0131ndaki ayr\u0131mlar\u0131n ola\u011fan kar\u015f\u0131lanmas\u0131, sosyolojinin inceleme alan\u0131 olarak kendisine toplumu se\u00e7mesi ve bu ba\u011flamda toplumsal ya\u015fam\u0131n daha m\u00fctevaz\u0131, somut ve kurumsalla\u015fmam\u0131\u015f y\u00f6nlerini ara\u015ft\u0131rmas\u0131 gibi sebeplerle, bu ilgisizlik do\u011fal kar\u015f\u0131lanabilir. Weber, Marx ve Engels\u2019in devlet sosyolojisi \u00fczerine yapt\u0131klar\u0131 \u00e7al\u0131\u015fmalar\u0131 s\u0131n\u0131rl\u0131 say\u0131da ve \u00e7o\u011fu genel nitelikte olmayan, belli bir konuya de\u011finen ve muhtemel politikalar\u0131 ele alan yaz\u0131lar olarak nitelendiren Gainfranco Poggi\u2019nin bu kitab\u0131 ise devlet \u00fczerine sosyolojik bir kuram olu\u015fturmay\u0131 ama\u00e7lamas\u0131 ve devlet g\u00fcc\u00fcn\u00fcn hangi ama\u00e7lar do\u011frultusunda kullan\u0131labildi\u011fini a\u00e7\u0131kl\u0131\u011fa kavu\u015fturacak radikal bir ele\u015ftiri getirmesi bak\u0131m\u0131ndan \u00f6nemlidir. Poggi\u2019nin kitab\u0131 devlet kavram\u0131n\u0131n giderek daha \u00e7ok sorguland\u0131\u011f\u0131 T\u00fcrkiye i\u00e7in esasl\u0131 bir ba\u015fvuru kayna\u011f\u0131 olma niteli\u011fini de ta\u015f\u0131yor. <\/p>\n","protected":false},"excerpt":{"rendered":"<p>Poggi\u2019nin kitab\u0131 devlet \u00fczerine sosyolojik bir kuram olu\u015fturmay\u0131 ama\u00e7lamas\u0131yla devlet kavram\u0131n\u0131n daha \u00e7ok sorguland\u0131\u011f\u0131 T\u00fcrkiye i\u00e7in temel bir kaynak niteli\u011fini ta\u015f\u0131yor&#8230; Sosyoloji bilimi \u00e7ok uzun bir<span class=\"excerpt-hellip\"> [\u2026]<\/span><\/p>\n","protected":false},"featured_media":0,"template":"","meta":{"_monsterinsights_skip_tracking":false,"_monsterinsights_sitenote_active":false,"_monsterinsights_sitenote_note":"","_monsterinsights_sitenote_category":0},"product_brand":[],"product_cat":[13059,12337],"product_tag":[],"class_list":{"0":"post-689582","1":"product","2":"type-product","3":"status-publish","5":"product_cat-diger-politika-siyaset","6":"product_cat-politika-siyaset","7":"pa_cilt-ciltsiz","8":"pa_tur-kitap","9":"pa_yayinevi-bilgi-universitesi-yayinlari-akademik","10":"pa_yazar-gianfranco-poggi","12":"first","13":"instock","14":"sale","15":"shipping-taxable","16":"purchasable","17":"product-type-simple"},"_links":{"self":[{"href":"https:\/\/roveyayinevi.com.tr\/index.php\/wp-json\/wp\/v2\/product\/689582","targetHints":{"allow":["GET"]}}],"collection":[{"href":"https:\/\/roveyayinevi.com.tr\/index.php\/wp-json\/wp\/v2\/product"}],"about":[{"href":"https:\/\/roveyayinevi.com.tr\/index.php\/wp-json\/wp\/v2\/types\/product"}],"wp:attachment":[{"href":"https:\/\/roveyayinevi.com.tr\/index.php\/wp-json\/wp\/v2\/media?parent=689582"}],"wp:term":[{"taxonomy":"product_brand","embeddable":true,"href":"https:\/\/roveyayinevi.com.tr\/index.php\/wp-json\/wp\/v2\/product_brand?post=689582"},{"taxonomy":"product_cat","embeddable":true,"href":"https:\/\/roveyayinevi.com.tr\/index.php\/wp-json\/wp\/v2\/product_cat?post=689582"},{"taxonomy":"product_tag","embeddable":true,"href":"https:\/\/roveyayinevi.com.tr\/index.php\/wp-json\/wp\/v2\/product_tag?post=689582"}],"curies":[{"name":"wp","href":"https:\/\/api.w.org\/{rel}","templated":true}]}}