{"id":689581,"date":"2025-08-27T13:12:06","date_gmt":"2025-08-27T10:12:06","guid":{"rendered":"https:\/\/roveyayinevi.com.tr\/index.php\/urun\/45-onbes-yasinda-bir-kaptan-1\/"},"modified":"2026-04-16T01:59:19","modified_gmt":"2026-04-15T22:59:19","slug":"45-onbes-yasinda-bir-kaptan-1","status":"publish","type":"product","link":"https:\/\/roveyayinevi.com.tr\/index.php\/urun\/45-onbes-yasinda-bir-kaptan-1\/","title":{"rendered":"45 &#8211; Onbe\u015f Ya\u015f\u0131nda Bir Kaptan &#8211; 1"},"content":{"rendered":"<p>1873 senesi, Yeni Zelanda a\u00e7\u0131klar\u0131&#8230; Gen\u00e7 denizci Dick Sand, Kaptan Hull\u2019un balina avc\u0131 gemisi Pilgrim\u2019de g\u00f6reve ba\u015flam\u0131\u015ft\u0131r. K\u00f6t\u00fc ge\u00e7en bir av sezonundan sonra Pilgrim, Amerika\u2019ya do\u011fru d\u00f6n\u00fc\u015f yoluna ge\u00e7er. Geminin sahibi W. James Weldon\u2019un e\u015fi Misis Weldon ve k\u00fc\u00e7\u00fck o\u011fullar\u0131 Jack de bu yolculukta onlara e\u015flik edecektir. D\u00f6n\u00fc\u015f yolunda hi\u00e7 beklenmedik bir olay ya\u015fan\u0131r; denizciler kocaman bir kambur balinayla kar\u015f\u0131la\u015f\u0131rlar. Y\u00fck\u00fcn\u00fc dolduramam\u0131\u015f m\u00fcrettebat i\u00e7in bu bulunmaz bir f\u0131rsatt\u0131r. Kaptan Hull hemen harekete ge\u00e7er, deneyimli adamlar\u0131n\u0131 toplar ve acemi denizci Dick Sand\u2019i gemide b\u0131rakarak ava \u00e7\u0131kar. Oysa bu son \u015fans, avc\u0131lar i\u00e7in tam bir felakete d\u00f6n\u00fc\u015fecektir. Balinayla giri\u015filen m\u00fccadeleden hi\u00e7biri sa\u011f \u00e7\u0131kamayacakt\u0131r. Art\u0131k Dick Sand, geminin kaptan\u0131d\u0131r ve yolcular\u0131n\u0131 sa\u011f salim yuvalar\u0131na ula\u015ft\u0131rmak onun g\u00f6revidir. Fakat gemide, bu durumdan faydalanmak isteyen k\u00f6t\u00fc niyetli biri vard\u0131r: A\u015f\u00e7\u0131 Negoro. Gen\u00e7 denizcinin acemili\u011fini f\u0131rsat bilen Negoro, geminin rotas\u0131n\u0131 de\u011fi\u015ftirir ve kahramanlar\u0131m\u0131z kendilerini Afrika\u2019n\u0131n tehlikleri k\u0131y\u0131lar\u0131nda bulur. \u015eimdi eve d\u00f6nebilmek i\u00e7in, ac\u0131mas\u0131z k\u00f6le t\u00fcccarlar\u0131yla m\u00fccadele etmeleri gerekmektedir. <\/p>\n","protected":false},"excerpt":{"rendered":"<p>1873 senesi, Yeni Zelanda a\u00e7\u0131klar\u0131&#8230; Gen\u00e7 denizci Dick Sand, Kaptan Hull\u2019un balina avc\u0131 gemisi Pilgrim\u2019de g\u00f6reve ba\u015flam\u0131\u015ft\u0131r. K\u00f6t\u00fc ge\u00e7en bir av sezonundan sonra Pilgrim, Amerika\u2019ya do\u011fru<span class=\"excerpt-hellip\"> [\u2026]<\/span><\/p>\n","protected":false},"featured_media":0,"template":"","meta":{"_monsterinsights_skip_tracking":false,"_monsterinsights_sitenote_active":false,"_monsterinsights_sitenote_note":"","_monsterinsights_sitenote_category":0},"product_brand":[],"product_cat":[12540,12291],"product_tag":[],"class_list":{"0":"post-689581","1":"product","2":"type-product","3":"status-publish","5":"product_cat-bilim-kurgu","6":"product_cat-edebiyat","7":"pa_tur-kitap","8":"pa_yayinevi-ithaki-yayinlari","9":"pa_yazar-jules-verne","11":"first","12":"instock","13":"sale","14":"shipping-taxable","15":"purchasable","16":"product-type-simple"},"_links":{"self":[{"href":"https:\/\/roveyayinevi.com.tr\/index.php\/wp-json\/wp\/v2\/product\/689581","targetHints":{"allow":["GET"]}}],"collection":[{"href":"https:\/\/roveyayinevi.com.tr\/index.php\/wp-json\/wp\/v2\/product"}],"about":[{"href":"https:\/\/roveyayinevi.com.tr\/index.php\/wp-json\/wp\/v2\/types\/product"}],"wp:attachment":[{"href":"https:\/\/roveyayinevi.com.tr\/index.php\/wp-json\/wp\/v2\/media?parent=689581"}],"wp:term":[{"taxonomy":"product_brand","embeddable":true,"href":"https:\/\/roveyayinevi.com.tr\/index.php\/wp-json\/wp\/v2\/product_brand?post=689581"},{"taxonomy":"product_cat","embeddable":true,"href":"https:\/\/roveyayinevi.com.tr\/index.php\/wp-json\/wp\/v2\/product_cat?post=689581"},{"taxonomy":"product_tag","embeddable":true,"href":"https:\/\/roveyayinevi.com.tr\/index.php\/wp-json\/wp\/v2\/product_tag?post=689581"}],"curies":[{"name":"wp","href":"https:\/\/api.w.org\/{rel}","templated":true}]}}