{"id":689579,"date":"2025-08-27T13:12:05","date_gmt":"2025-08-27T10:12:05","guid":{"rendered":"https:\/\/roveyayinevi.com.tr\/index.php\/urun\/has-bagcede-ays-u-tarab-nedimler-sairler-mutripler\/"},"modified":"2026-04-16T01:59:19","modified_gmt":"2026-04-15T22:59:19","slug":"has-bagcede-ays-u-tarab-nedimler-sairler-mutripler","status":"publish","type":"product","link":"https:\/\/roveyayinevi.com.tr\/index.php\/urun\/has-bagcede-ays-u-tarab-nedimler-sairler-mutripler\/","title":{"rendered":"Has-Ba\u011f\u00e7ede \u2019Ay\u015f u Tarab &#8211; Nedimler \u015eairler Mutripler"},"content":{"rendered":"<p>Has-Ba\u011f\u00e7ede \u2018Ay\u015f u Tarab: Nedimler, \u015eairler, Mutribler Osmanl\u0131 saray\u0131nda padi\u015fahlar\u0131n has ba\u011f\u00e7ede ge\u00e7irdi\u011fi ho\u015f vakitleri ve bu adetin \u0130slam \u00f6ncesi \u0130ran imparatorlu\u011fundan Emevi, Abbasi ve Timuri saraylar\u0131na uzanan k\u00f6kl\u00fc gelene\u011fini, o d\u00f6nemlerde yaz\u0131lm\u0131\u015f de\u011ferli kaynaklardan derleyerek sunan bir \u00e7al\u0131\u015fma. Padi\u015fah i\u015fret meclisi ad\u0131yla an\u0131lan bu e\u011flencelere yak\u0131n adamlar\u0131 olan nedimlerle birlikte kat\u0131l\u0131r; \u015fiir, musiki, ve raks sanatlar\u0131n\u0131n en se\u00e7kin \u00f6rnekleri e\u015fli\u011finde e\u011flenirdi. Bu meclisler, h\u00fck\u00fcmdar\u0131n ve imparatorluktaki se\u00e7kin s\u0131n\u0131flar\u0131n zevklerini ve ya\u015fam tarzlar\u0131n\u0131 hem yans\u0131t\u0131r, hem yeniden bi\u00e7imlendirirdi. \ufffcTan\u0131t\u0131m Metni<\/p>\n","protected":false},"excerpt":{"rendered":"<p>Has-Ba\u011f\u00e7ede \u2018Ay\u015f u Tarab: Nedimler, \u015eairler, Mutribler Osmanl\u0131 saray\u0131nda padi\u015fahlar\u0131n has ba\u011f\u00e7ede ge\u00e7irdi\u011fi ho\u015f vakitleri ve bu adetin \u0130slam \u00f6ncesi \u0130ran imparatorlu\u011fundan Emevi, Abbasi ve Timuri<span class=\"excerpt-hellip\"> [\u2026]<\/span><\/p>\n","protected":false},"featured_media":0,"template":"","meta":{"_monsterinsights_skip_tracking":false,"_monsterinsights_sitenote_active":false,"_monsterinsights_sitenote_note":"","_monsterinsights_sitenote_category":0},"product_brand":[],"product_cat":[14841,13043],"product_tag":[],"class_list":{"0":"post-689579","1":"product","2":"type-product","3":"status-publish","5":"product_cat-arastirma-inceleme-kuram","6":"product_cat-ekonomi","7":"pa_cilt-ciltsiz","8":"pa_tur-kitap","9":"pa_yayinevi-is-bankasi-kultur-yayinlari","10":"pa_yazar-halil-inalcik","12":"first","13":"instock","14":"sale","15":"shipping-taxable","16":"purchasable","17":"product-type-simple"},"_links":{"self":[{"href":"https:\/\/roveyayinevi.com.tr\/index.php\/wp-json\/wp\/v2\/product\/689579","targetHints":{"allow":["GET"]}}],"collection":[{"href":"https:\/\/roveyayinevi.com.tr\/index.php\/wp-json\/wp\/v2\/product"}],"about":[{"href":"https:\/\/roveyayinevi.com.tr\/index.php\/wp-json\/wp\/v2\/types\/product"}],"wp:attachment":[{"href":"https:\/\/roveyayinevi.com.tr\/index.php\/wp-json\/wp\/v2\/media?parent=689579"}],"wp:term":[{"taxonomy":"product_brand","embeddable":true,"href":"https:\/\/roveyayinevi.com.tr\/index.php\/wp-json\/wp\/v2\/product_brand?post=689579"},{"taxonomy":"product_cat","embeddable":true,"href":"https:\/\/roveyayinevi.com.tr\/index.php\/wp-json\/wp\/v2\/product_cat?post=689579"},{"taxonomy":"product_tag","embeddable":true,"href":"https:\/\/roveyayinevi.com.tr\/index.php\/wp-json\/wp\/v2\/product_tag?post=689579"}],"curies":[{"name":"wp","href":"https:\/\/api.w.org\/{rel}","templated":true}]}}