{"id":689578,"date":"2025-08-27T13:12:05","date_gmt":"2025-08-27T10:12:05","guid":{"rendered":"https:\/\/roveyayinevi.com.tr\/index.php\/urun\/aydede-1922-1\/"},"modified":"2026-04-16T01:59:19","modified_gmt":"2026-04-15T22:59:19","slug":"aydede-1922-1","status":"publish","type":"product","link":"https:\/\/roveyayinevi.com.tr\/index.php\/urun\/aydede-1922-1\/","title":{"rendered":"Aydede &#8211; 1922-1"},"content":{"rendered":"<p>2 Ocak 1922\u2019de yay\u0131n hayat\u0131na ba\u015flayan mizah dergisi Aydede d\u00f6nemin kar\u0131\u015f\u0131k siyasal ikliminde muhalif kimli\u011fi, incelikli mizah anlay\u0131\u015f\u0131 ve g\u00fc\u00e7l\u00fc duru\u015fuyla dikkat \u00e7ekmi\u015f ve bir d\u00f6neme damgas\u0131n\u0131 vurmu\u015ftur. Refik Halid\u2019in ba\u015fyazarl\u0131\u011f\u0131n\u0131 ve kuruculu\u011funu \u00fcstlendi\u011fi dergi d\u00f6nemin siyasal ve toplumsal anlay\u0131\u015flar\u0131n\u0131 g\u00fcn\u00fcm\u00fcze ta\u015f\u0131makla kalmam\u0131\u015f ayn\u0131 zamanda y\u0131llar\u0131 a\u015fan sa\u011flam mizah anlay\u0131\u015f\u0131yla da T\u00fcrk mizah tarihinde kendine \u00f6nemli bir yer edinmi\u015ftir. D\u00fc\u015f\u00fcnceyi kahkahaya feda etmeyen Aydede\u2019de Mustafa Kemal\u2019den, Enver Pa\u015fa\u2019ya, Yahya Kemal\u2019den, R\u0131za Tevfik\u2019e, Re\u015fat Nuri\u2019den, Halide Edip\u2019e kadar d\u00f6nemin siyaset, edebiyat, bas\u0131n alan\u0131ndaki \u00fcnl\u00fc simalar\u0131 hiciv ustas\u0131 Refik Halid\u2019in sivri kaleminden nasibini alm\u0131\u015ft\u0131r. T\u00fcrk mizah\u0131n\u0131n doruk noktas\u0131 Aydede, 2 ciltlik bir \u00e7al\u0131\u015fmayla ilk defa okur kar\u015f\u0131s\u0131na \u00e7\u0131k\u0131yor. \ufffcTan\u0131t\u0131m Metni<\/p>\n","protected":false},"excerpt":{"rendered":"<p>2 Ocak 1922\u2019de yay\u0131n hayat\u0131na ba\u015flayan mizah dergisi Aydede d\u00f6nemin kar\u0131\u015f\u0131k siyasal ikliminde muhalif kimli\u011fi, incelikli mizah anlay\u0131\u015f\u0131 ve g\u00fc\u00e7l\u00fc duru\u015fuyla dikkat \u00e7ekmi\u015f ve bir d\u00f6neme<span class=\"excerpt-hellip\"> [\u2026]<\/span><\/p>\n","protected":false},"featured_media":0,"template":"","meta":{"_monsterinsights_skip_tracking":false,"_monsterinsights_sitenote_active":false,"_monsterinsights_sitenote_note":"","_monsterinsights_sitenote_category":0},"product_brand":[],"product_cat":[12291,14825],"product_tag":[],"class_list":{"0":"post-689578","1":"product","2":"type-product","3":"status-publish","5":"product_cat-edebiyat","6":"product_cat-mizah","7":"pa_cilt-ciltsiz","8":"pa_tur-kitap","9":"pa_yayinevi-inkilap-kitabevi","10":"pa_yazar-refik-halid-karay","12":"first","13":"instock","14":"sale","15":"shipping-taxable","16":"purchasable","17":"product-type-simple"},"_links":{"self":[{"href":"https:\/\/roveyayinevi.com.tr\/index.php\/wp-json\/wp\/v2\/product\/689578","targetHints":{"allow":["GET"]}}],"collection":[{"href":"https:\/\/roveyayinevi.com.tr\/index.php\/wp-json\/wp\/v2\/product"}],"about":[{"href":"https:\/\/roveyayinevi.com.tr\/index.php\/wp-json\/wp\/v2\/types\/product"}],"wp:attachment":[{"href":"https:\/\/roveyayinevi.com.tr\/index.php\/wp-json\/wp\/v2\/media?parent=689578"}],"wp:term":[{"taxonomy":"product_brand","embeddable":true,"href":"https:\/\/roveyayinevi.com.tr\/index.php\/wp-json\/wp\/v2\/product_brand?post=689578"},{"taxonomy":"product_cat","embeddable":true,"href":"https:\/\/roveyayinevi.com.tr\/index.php\/wp-json\/wp\/v2\/product_cat?post=689578"},{"taxonomy":"product_tag","embeddable":true,"href":"https:\/\/roveyayinevi.com.tr\/index.php\/wp-json\/wp\/v2\/product_tag?post=689578"}],"curies":[{"name":"wp","href":"https:\/\/api.w.org\/{rel}","templated":true}]}}