{"id":689575,"date":"2025-08-27T13:12:05","date_gmt":"2025-08-27T10:12:05","guid":{"rendered":"https:\/\/roveyayinevi.com.tr\/index.php\/urun\/barbaros-hayreddin-geliyor\/"},"modified":"2026-04-16T01:59:19","modified_gmt":"2026-04-15T22:59:19","slug":"barbaros-hayreddin-geliyor","status":"publish","type":"product","link":"https:\/\/roveyayinevi.com.tr\/index.php\/urun\/barbaros-hayreddin-geliyor\/","title":{"rendered":"Barbaros Hayreddin Geliyor"},"content":{"rendered":"<p>Barbaros Hayreddin Pa\u015fa&#8217;n\u0131n as\u0131l ad\u0131 H\u0131z\u0131r Reis&#8217;ti. Karde\u015fleriyle birlikte deniz ticareti yaparken Rodos \u015e\u00f6valyelerine tutsak d\u00fc\u015ft\u00fc. Serbest kald\u0131ktan sonra Cerbe Adas\u0131&#8217;n\u0131 \u00fcs olarak kullan\u0131p korsanl\u0131k yapmaya ba\u015flad\u0131.Avrupal\u0131lar\u0131n Barbarossa diye adland\u0131rd\u0131\u011f\u0131, Osmanl\u0131 padi\u015fah\u0131 Kanuni Sultan S\u00fcleyman&#8217;\u0131n kaptan\u0131derya unvan\u0131n\u0131 verdi\u011fi bu \u00fcnl\u00fc T\u00fcrk denizcisinin nefes kesen roman\u0131 Feridun Faz\u0131l T\u00fclbent\u00e7i&#8217;nin kaleminden okurlara sunuluyor. <\/p>\n","protected":false},"excerpt":{"rendered":"<p>Barbaros Hayreddin Pa\u015fa&#8217;n\u0131n as\u0131l ad\u0131 H\u0131z\u0131r Reis&#8217;ti. Karde\u015fleriyle birlikte deniz ticareti yaparken Rodos \u015e\u00f6valyelerine tutsak d\u00fc\u015ft\u00fc. Serbest kald\u0131ktan sonra Cerbe Adas\u0131&#8217;n\u0131 \u00fcs olarak kullan\u0131p korsanl\u0131k yapmaya<span class=\"excerpt-hellip\"> [\u2026]<\/span><\/p>\n","protected":false},"featured_media":0,"template":"","meta":{"_monsterinsights_skip_tracking":false,"_monsterinsights_sitenote_active":false,"_monsterinsights_sitenote_note":"","_monsterinsights_sitenote_category":0},"product_brand":[],"product_cat":[12291,12745],"product_tag":[],"class_list":{"0":"post-689575","1":"product","2":"type-product","3":"status-publish","5":"product_cat-edebiyat","6":"product_cat-tarihi-roman","7":"pa_cilt-ciltsiz","8":"pa_tur-kitap","9":"pa_yayinevi-inkilap-kitabevi","10":"pa_yazar-feridun-fazil-tulbentci","12":"first","13":"instock","14":"sale","15":"shipping-taxable","16":"purchasable","17":"product-type-simple"},"_links":{"self":[{"href":"https:\/\/roveyayinevi.com.tr\/index.php\/wp-json\/wp\/v2\/product\/689575","targetHints":{"allow":["GET"]}}],"collection":[{"href":"https:\/\/roveyayinevi.com.tr\/index.php\/wp-json\/wp\/v2\/product"}],"about":[{"href":"https:\/\/roveyayinevi.com.tr\/index.php\/wp-json\/wp\/v2\/types\/product"}],"wp:attachment":[{"href":"https:\/\/roveyayinevi.com.tr\/index.php\/wp-json\/wp\/v2\/media?parent=689575"}],"wp:term":[{"taxonomy":"product_brand","embeddable":true,"href":"https:\/\/roveyayinevi.com.tr\/index.php\/wp-json\/wp\/v2\/product_brand?post=689575"},{"taxonomy":"product_cat","embeddable":true,"href":"https:\/\/roveyayinevi.com.tr\/index.php\/wp-json\/wp\/v2\/product_cat?post=689575"},{"taxonomy":"product_tag","embeddable":true,"href":"https:\/\/roveyayinevi.com.tr\/index.php\/wp-json\/wp\/v2\/product_tag?post=689575"}],"curies":[{"name":"wp","href":"https:\/\/api.w.org\/{rel}","templated":true}]}}