{"id":689572,"date":"2025-08-27T13:12:04","date_gmt":"2025-08-27T10:12:04","guid":{"rendered":"https:\/\/roveyayinevi.com.tr\/index.php\/urun\/kizil-ot\/"},"modified":"2026-04-16T01:59:19","modified_gmt":"2026-04-15T22:59:19","slug":"kizil-ot","status":"publish","type":"product","link":"https:\/\/roveyayinevi.com.tr\/index.php\/urun\/kizil-ot\/","title":{"rendered":"K\u0131z\u0131l Ot"},"content":{"rendered":"<p>Otuz dokuz y\u0131ll\u0131k renkli ve verimli ya\u015fam\u0131 boyunca romanlar, \u015fiirler, \u015fark\u0131lar yazan, trompetten ve cazdan vazge\u00e7medi\u011fi gibi oyunculuk, \u015fark\u0131c\u0131l\u0131k, mucitlikten de geri kalmayan ve do\u011fal bir oyunbozan olan Vian\u2019\u0131n meslek hayat\u0131nda Frans\u0131z Standartlar\u0131 Enstit\u00fcs\u00fc\u2019n\u00fc se\u00e7mi\u015f olmas\u0131 belki de sanat d\u00fcnyas\u0131n\u0131n en parlak ironilerinden biridir. D\u00f6nemin di\u011fer baz\u0131 isimleri gibi do\u011fa\u00e7lama ya\u015fay\u0131p eser veren Vian bug\u00fcn as\u0131l olarak yazar kimli\u011fiyle ve antimilitarist bak\u0131\u015f a\u00e7\u0131s\u0131yla tan\u0131n\u0131yor.Wolf icat etti\u011fi makine sayesinde ge\u00e7mi\u015fini tekrar ya\u015fayabilecek hatta istedi\u011fi hat\u0131ralar\u0131n\u0131 silebilecektir. Ailesinin, ald\u0131\u011f\u0131 e\u011fitimin, dinle ve toplumla ili\u015fkilerinin b\u0131rakt\u0131\u011f\u0131 psikolojik travmalardan kurtulabilir de \u201ckafas\u0131n\u0131 bo\u015faltabilirse\u201d mutlu olabilecektir belki. Fakat elbette bo\u015f bir kafan\u0131n da yarataca\u011f\u0131 ba\u015fka sorunlar vard\u0131r.Sa\u011flam bir psikanaliz kar\u015f\u0131t\u0131 olan Boris Vian, \u00f6l\u00fcm\u00fcnden sonra dostlar\u0131 sayesinde imha edilmekten kurtulan sekizinci roman\u0131 K\u0131z\u0131l Ot ile unutman\u0131n zor oldu\u011fu ac\u0131lar\u0131m\u0131zla y\u00fczle\u015fmenin ne anlama geldi\u011fini sorguluyor.\u201cBenden \u00f6nceki ve sonraki ku\u015faklar gibi Boris Vian\u2019\u0131n etkisi alt\u0131nda ve ondan esinlenerek b\u00fcy\u00fcd\u00fcm.\u201d \u2013Michel Gondry\u201cRoman yazmak \u015faibeli, ka\u00e7\u0131\u015f\u0131n olmad\u0131\u011f\u0131 bir \u015feymi\u015f gibi ger\u00e7ekle\u015fiyor her \u015fey. Vian her yerde, her alanda parlad\u0131\u011f\u0131 i\u00e7in affedemiyordu onu akranlar\u0131.\u201d \u2013Marc Lapprand<\/p>\n","protected":false},"excerpt":{"rendered":"<p>Otuz dokuz y\u0131ll\u0131k renkli ve verimli ya\u015fam\u0131 boyunca romanlar, \u015fiirler, \u015fark\u0131lar yazan, trompetten ve cazdan vazge\u00e7medi\u011fi gibi oyunculuk, \u015fark\u0131c\u0131l\u0131k, mucitlikten de geri kalmayan ve do\u011fal bir<span class=\"excerpt-hellip\"> [\u2026]<\/span><\/p>\n","protected":false},"featured_media":0,"template":"","meta":{"_monsterinsights_skip_tracking":false,"_monsterinsights_sitenote_active":false,"_monsterinsights_sitenote_note":"","_monsterinsights_sitenote_category":0},"product_brand":[],"product_cat":[12291,13376],"product_tag":[],"class_list":{"0":"post-689572","1":"product","2":"type-product","3":"status-publish","5":"product_cat-edebiyat","6":"product_cat-fransiz-edebiyati","7":"pa_cilt-ciltsiz","8":"pa_tur-kitap","9":"pa_yayinevi-ithaki-yayinlari","10":"pa_yazar-boris-vian","12":"first","13":"instock","14":"sale","15":"shipping-taxable","16":"purchasable","17":"product-type-simple"},"_links":{"self":[{"href":"https:\/\/roveyayinevi.com.tr\/index.php\/wp-json\/wp\/v2\/product\/689572","targetHints":{"allow":["GET"]}}],"collection":[{"href":"https:\/\/roveyayinevi.com.tr\/index.php\/wp-json\/wp\/v2\/product"}],"about":[{"href":"https:\/\/roveyayinevi.com.tr\/index.php\/wp-json\/wp\/v2\/types\/product"}],"wp:attachment":[{"href":"https:\/\/roveyayinevi.com.tr\/index.php\/wp-json\/wp\/v2\/media?parent=689572"}],"wp:term":[{"taxonomy":"product_brand","embeddable":true,"href":"https:\/\/roveyayinevi.com.tr\/index.php\/wp-json\/wp\/v2\/product_brand?post=689572"},{"taxonomy":"product_cat","embeddable":true,"href":"https:\/\/roveyayinevi.com.tr\/index.php\/wp-json\/wp\/v2\/product_cat?post=689572"},{"taxonomy":"product_tag","embeddable":true,"href":"https:\/\/roveyayinevi.com.tr\/index.php\/wp-json\/wp\/v2\/product_tag?post=689572"}],"curies":[{"name":"wp","href":"https:\/\/api.w.org\/{rel}","templated":true}]}}