{"id":689570,"date":"2025-08-27T13:12:04","date_gmt":"2025-08-27T10:12:04","guid":{"rendered":"https:\/\/roveyayinevi.com.tr\/index.php\/urun\/dostlar-beni-hatirlasin\/"},"modified":"2026-04-16T01:59:18","modified_gmt":"2026-04-15T22:59:18","slug":"dostlar-beni-hatirlasin","status":"publish","type":"product","link":"https:\/\/roveyayinevi.com.tr\/index.php\/urun\/dostlar-beni-hatirlasin\/","title":{"rendered":"Dostlar Beni Hat\u0131rlas\u0131n"},"content":{"rendered":"<p>\u201cTopra\u011f\u0131 anlatm\u0131\u015ft\u0131r Veysel; geldi\u011fimiz ve gidece\u011fimiz yer olan topra\u011f\u0131. Topra\u011f\u0131n manevi de\u011fer kazanm\u0131\u015f halini; vatan\u0131, yurdu anlatm\u0131\u015ft\u0131r. Sevgilinin, a\u015fks\u0131z on para etmeyecek g\u00fczelli\u011fini anlatm\u0131\u015ft\u0131r. Saz\u0131 ve s\u00f6z\u00fc anlatm\u0131\u015ft\u0131r, sazla s\u00f6zle. Ya\u015fam\u0131, gurbeti, s\u0131lay\u0131, kurdu, kuzuyu, do\u011fay\u0131, zaman\u0131, varl\u0131k ve yoklu\u011fu anlatm\u0131\u015ft\u0131r. Daha neler neler var; ama bu co\u011frafyan\u0131n akl\u0131 ve vicdan\u0131 olan her bireyi gibi Mustafa Kemal sevdal\u0131s\u0131d\u0131r Veysel, Atat\u00fcrk\u2019\u00fc anlatm\u0131\u015ft\u0131r. Sadece dinlemek ve anlamak d\u00fc\u015f\u00fcyor bize de\u2026\u201d Musa Ero\u011flu \u00c2\u015f\u0131k Veysel, T\u00fcrk k\u00fclt\u00fcr\u00fcn\u00fcn as\u0131rl\u0131k ananelerinden biri olan \u00e2\u015f\u0131kl\u0131k gelene\u011finin en \u00f6nemli temsilcilerinden biri. \u015eimdiye kadar bir\u00e7ok \u00fcnl\u00fc sanat\u00e7\u0131 taraf\u0131ndan bestelenen ve s\u00f6ylenen \u015fiirlerinde T\u00fcrk k\u00fclt\u00fcr\u00fcne ait de\u011ferleri anlat\u0131rken ger\u00e7ek anlamda \u201cinsan\u201ddan bahsetmesiyle belki de bu de\u011feri in\u015fa etti kendisine. \u00c7\u00fcnk\u00fc \u00f6yle samimi, \u00f6yle \u00f6zg\u00fcn ve \u00f6yle ger\u00e7ekti ki anlatt\u0131klar\u0131, bizler i\u00e7in k\u0131ymeti bug\u00fcne de\u011fin daha da artarak devam etti. Dostlar Beni Hat\u0131rlas\u0131n, \u00c2\u015f\u0131k Veysel\u2019in t\u00fcm \u015fiirlerini i\u00e7eriyor olmas\u0131 bak\u0131m\u0131ndan olduk\u00e7a \u00f6nemli bir kaynak niteli\u011fi ta\u015f\u0131yor. Bu kitap vesilesi ile \u0130nk\u0131l\u00e2p Kitabevi olarak \u00f6l\u00fcms\u00fcz ustan\u0131n hat\u0131ras\u0131n\u0131 ya\u015fatman\u0131n gururunu ya\u015f\u0131yor, onu sayg\u0131 ve \u00f6zlemle an\u0131yoruz. <\/p>\n","protected":false},"excerpt":{"rendered":"<p>\u201cTopra\u011f\u0131 anlatm\u0131\u015ft\u0131r Veysel; geldi\u011fimiz ve gidece\u011fimiz yer olan topra\u011f\u0131. Topra\u011f\u0131n manevi de\u011fer kazanm\u0131\u015f halini; vatan\u0131, yurdu anlatm\u0131\u015ft\u0131r. Sevgilinin, a\u015fks\u0131z on para etmeyecek g\u00fczelli\u011fini anlatm\u0131\u015ft\u0131r. Saz\u0131 ve<span class=\"excerpt-hellip\"> [\u2026]<\/span><\/p>\n","protected":false},"featured_media":0,"template":"","meta":{"_monsterinsights_skip_tracking":false,"_monsterinsights_sitenote_active":false,"_monsterinsights_sitenote_note":"","_monsterinsights_sitenote_category":0},"product_brand":[],"product_cat":[12291,12509],"product_tag":[],"class_list":{"0":"post-689570","1":"product","2":"type-product","3":"status-publish","5":"product_cat-edebiyat","6":"product_cat-siir","7":"pa_cilt-ciltsiz","8":"pa_tur-kitap","9":"pa_yayinevi-inkilap-kitabevi","10":"pa_yazar-asik-veysel","12":"first","13":"instock","14":"sale","15":"shipping-taxable","16":"purchasable","17":"product-type-simple"},"_links":{"self":[{"href":"https:\/\/roveyayinevi.com.tr\/index.php\/wp-json\/wp\/v2\/product\/689570","targetHints":{"allow":["GET"]}}],"collection":[{"href":"https:\/\/roveyayinevi.com.tr\/index.php\/wp-json\/wp\/v2\/product"}],"about":[{"href":"https:\/\/roveyayinevi.com.tr\/index.php\/wp-json\/wp\/v2\/types\/product"}],"wp:attachment":[{"href":"https:\/\/roveyayinevi.com.tr\/index.php\/wp-json\/wp\/v2\/media?parent=689570"}],"wp:term":[{"taxonomy":"product_brand","embeddable":true,"href":"https:\/\/roveyayinevi.com.tr\/index.php\/wp-json\/wp\/v2\/product_brand?post=689570"},{"taxonomy":"product_cat","embeddable":true,"href":"https:\/\/roveyayinevi.com.tr\/index.php\/wp-json\/wp\/v2\/product_cat?post=689570"},{"taxonomy":"product_tag","embeddable":true,"href":"https:\/\/roveyayinevi.com.tr\/index.php\/wp-json\/wp\/v2\/product_tag?post=689570"}],"curies":[{"name":"wp","href":"https:\/\/api.w.org\/{rel}","templated":true}]}}