{"id":689569,"date":"2025-08-27T13:12:03","date_gmt":"2025-08-27T10:12:03","guid":{"rendered":"https:\/\/roveyayinevi.com.tr\/index.php\/urun\/caglarin-sut-disi\/"},"modified":"2026-04-12T01:59:30","modified_gmt":"2026-04-11T22:59:30","slug":"caglarin-sut-disi","status":"publish","type":"product","link":"https:\/\/roveyayinevi.com.tr\/index.php\/urun\/caglarin-sut-disi\/","title":{"rendered":"\u00c7a\u011flar\u2019\u0131n S\u00fct Di\u015fi"},"content":{"rendered":"<p>\u00c7a\u011flar\u2019\u0131n ya\u015f\u0131ndaki b\u00fct\u00fcn \u00e7ocuklar\u0131n s\u00fctdi\u015fleri d\u00fc\u015fer ve yeni di\u015fleri \u00e7\u0131kar. Ancak ilk s\u00fctdi\u015fi sallanmaya ba\u015flay\u0131nca \u00c7a\u011flar pani\u011fe kap\u0131ld\u0131. Di\u015f\u00e7inin di\u015fini yerine yap\u0131\u015ft\u0131rmas\u0131n\u0131 istedi. Oysa o art\u0131k b\u00fcy\u00fcyordu ve bir s\u00fcr\u00fc yeni di\u015fi olacakt\u0131. \ufffcTan\u0131t\u0131m Metni<\/p>\n","protected":false},"excerpt":{"rendered":"<p>\u00c7a\u011flar\u2019\u0131n ya\u015f\u0131ndaki b\u00fct\u00fcn \u00e7ocuklar\u0131n s\u00fctdi\u015fleri d\u00fc\u015fer ve yeni di\u015fleri \u00e7\u0131kar. Ancak ilk s\u00fctdi\u015fi sallanmaya ba\u015flay\u0131nca \u00c7a\u011flar pani\u011fe kap\u0131ld\u0131. Di\u015f\u00e7inin di\u015fini yerine yap\u0131\u015ft\u0131rmas\u0131n\u0131 istedi. Oysa o art\u0131k<span class=\"excerpt-hellip\"> [\u2026]<\/span><\/p>\n","protected":false},"featured_media":0,"template":"","meta":{"_monsterinsights_skip_tracking":false,"_monsterinsights_sitenote_active":false,"_monsterinsights_sitenote_note":"","_monsterinsights_sitenote_category":0},"product_brand":[],"product_cat":[12274,12284],"product_tag":[],"class_list":{"0":"post-689569","1":"product","2":"type-product","3":"status-publish","5":"product_cat-cocuk-ve-genclik-kitaplari","6":"product_cat-hikayeler","7":"pa_cilt-ciltsiz","8":"pa_tur-kitap","9":"pa_yayinevi-is-bankasi-kultur-yayinlari","10":"pa_yazar-sabine-kraushaar","12":"first","13":"instock","14":"sale","15":"shipping-taxable","16":"purchasable","17":"product-type-simple"},"_links":{"self":[{"href":"https:\/\/roveyayinevi.com.tr\/index.php\/wp-json\/wp\/v2\/product\/689569","targetHints":{"allow":["GET"]}}],"collection":[{"href":"https:\/\/roveyayinevi.com.tr\/index.php\/wp-json\/wp\/v2\/product"}],"about":[{"href":"https:\/\/roveyayinevi.com.tr\/index.php\/wp-json\/wp\/v2\/types\/product"}],"wp:attachment":[{"href":"https:\/\/roveyayinevi.com.tr\/index.php\/wp-json\/wp\/v2\/media?parent=689569"}],"wp:term":[{"taxonomy":"product_brand","embeddable":true,"href":"https:\/\/roveyayinevi.com.tr\/index.php\/wp-json\/wp\/v2\/product_brand?post=689569"},{"taxonomy":"product_cat","embeddable":true,"href":"https:\/\/roveyayinevi.com.tr\/index.php\/wp-json\/wp\/v2\/product_cat?post=689569"},{"taxonomy":"product_tag","embeddable":true,"href":"https:\/\/roveyayinevi.com.tr\/index.php\/wp-json\/wp\/v2\/product_tag?post=689569"}],"curies":[{"name":"wp","href":"https:\/\/api.w.org\/{rel}","templated":true}]}}