{"id":689567,"date":"2025-08-27T13:12:03","date_gmt":"2025-08-27T10:12:03","guid":{"rendered":"https:\/\/roveyayinevi.com.tr\/index.php\/urun\/babam-bir-dev\/"},"modified":"2026-04-16T01:59:18","modified_gmt":"2026-04-15T22:59:18","slug":"babam-bir-dev","status":"publish","type":"product","link":"https:\/\/roveyayinevi.com.tr\/index.php\/urun\/babam-bir-dev\/","title":{"rendered":"Babam Bir Dev"},"content":{"rendered":"<p>Herkesin babas\u0131 d\u00fcnyan\u0131n en iyi babas\u0131d\u0131r. Hap\u015f\u0131rd\u0131\u011f\u0131 zaman sanki bir f\u0131rt\u0131na kopar. Ne zaman birlikte futbol oynasak, babam topu ta Ay\u2019a kadar atar. Ve ne zaman korksam, bana kocaman kollar\u0131yla sar\u0131l\u0131r. Senin baban da bir dev de\u011fil mi? <\/p>\n","protected":false},"excerpt":{"rendered":"<p>Herkesin babas\u0131 d\u00fcnyan\u0131n en iyi babas\u0131d\u0131r. Hap\u015f\u0131rd\u0131\u011f\u0131 zaman sanki bir f\u0131rt\u0131na kopar. Ne zaman birlikte futbol oynasak, babam topu ta Ay\u2019a kadar atar. Ve ne zaman<span class=\"excerpt-hellip\"> [\u2026]<\/span><\/p>\n","protected":false},"featured_media":0,"template":"","meta":{"_monsterinsights_skip_tracking":false,"_monsterinsights_sitenote_active":false,"_monsterinsights_sitenote_note":"","_monsterinsights_sitenote_category":0},"product_brand":[],"product_cat":[12275,12274],"product_tag":[],"class_list":{"0":"post-689567","1":"product","2":"type-product","3":"status-publish","5":"product_cat-6-12-yas-kitaplari","6":"product_cat-cocuk-ve-genclik-kitaplari","7":"pa_cilt-ciltsiz","8":"pa_tur-kitap","9":"pa_yayinevi-is-bankasi-kultur-yayinlari","10":"pa_yazar-carl-norac","12":"first","13":"instock","14":"sale","15":"shipping-taxable","16":"purchasable","17":"product-type-simple"},"_links":{"self":[{"href":"https:\/\/roveyayinevi.com.tr\/index.php\/wp-json\/wp\/v2\/product\/689567","targetHints":{"allow":["GET"]}}],"collection":[{"href":"https:\/\/roveyayinevi.com.tr\/index.php\/wp-json\/wp\/v2\/product"}],"about":[{"href":"https:\/\/roveyayinevi.com.tr\/index.php\/wp-json\/wp\/v2\/types\/product"}],"wp:attachment":[{"href":"https:\/\/roveyayinevi.com.tr\/index.php\/wp-json\/wp\/v2\/media?parent=689567"}],"wp:term":[{"taxonomy":"product_brand","embeddable":true,"href":"https:\/\/roveyayinevi.com.tr\/index.php\/wp-json\/wp\/v2\/product_brand?post=689567"},{"taxonomy":"product_cat","embeddable":true,"href":"https:\/\/roveyayinevi.com.tr\/index.php\/wp-json\/wp\/v2\/product_cat?post=689567"},{"taxonomy":"product_tag","embeddable":true,"href":"https:\/\/roveyayinevi.com.tr\/index.php\/wp-json\/wp\/v2\/product_tag?post=689567"}],"curies":[{"name":"wp","href":"https:\/\/api.w.org\/{rel}","templated":true}]}}