{"id":689565,"date":"2025-08-27T13:12:03","date_gmt":"2025-08-27T10:12:03","guid":{"rendered":"https:\/\/roveyayinevi.com.tr\/index.php\/urun\/mezarlik-kitabi\/"},"modified":"2026-04-16T01:59:18","modified_gmt":"2026-04-15T22:59:18","slug":"mezarlik-kitabi","status":"publish","type":"product","link":"https:\/\/roveyayinevi.com.tr\/index.php\/urun\/mezarlik-kitabi\/","title":{"rendered":"Mezarl\u0131k Kitab\u0131"},"content":{"rendered":"<p>Hugo En \u0130yi Roman \u00d6d\u00fcl\u00fcLocus En \u0130yi Gen\u00e7 Yeti\u015fkin \u00d6d\u00fcl\u00fcNewbery Medal \u00d6d\u00fcl\u00fcCarnegie Medal \u00d6d\u00fcl\u00fc\u201cGer\u00e7ekten de, hayat canl\u0131lar\u0131n elinde heba oluyor\u2026\u201dBod neredeyse normal bir \u00e7ocuktu, neredeyse. E\u011fer bir mezarl\u0131kta ya\u015fam\u0131yor, b\u00fct\u00fcn ailesi ve arkada\u015flar\u0131n\u0131 \u00f6l\u00fcler olu\u015fturmuyor, uzun ve s\u0131k\u0131c\u0131 derslerde matematikle tarih yerine gulyabani b\u00fcy\u00fcleri ve fantastik yarat\u0131klar\u0131n dillerini \u00f6\u011frenmiyor olsayd\u0131 yani. Sonu\u00e7ta, mezarl\u0131k onun eviydi, hayata g\u00f6zlerini orada a\u00e7mad\u0131ysa da hayat\u0131 \u00f6\u011frendi\u011fi yerdi. Ama zaman h\u0131zla ge\u00e7ti ve mezarl\u0131kla d\u0131\u015far\u0131daki d\u00fcnya aras\u0131nda bir se\u00e7im yapmas\u0131 gereken vakit gelip \u00e7att\u0131. \u00dcstelik pe\u015finde hayli ger\u00e7ek, canl\u0131 bir tehdit bulunuyordu.\u201cBir \u00e7ocu\u011fu b\u00fcy\u00fctmek i\u00e7in koca bir mezarl\u0131k gerekir. Bu kitapta en keyif ald\u0131\u011f\u0131m \u015fey, Bod\u2019un kendi g\u00fczel ve harap mezarl\u0131\u011f\u0131nda \u00f6l\u00fc ve canl\u0131 arkada\u015flar\u0131yla b\u00fcy\u00fcmesini g\u00f6rmekti. Mezarl\u0131k Kitab\u0131, Neil Gaiman\u2019\u0131n bir ba\u015fka \u015fa\u015f\u0131rt\u0131c\u0131 ve harika eseri\u2026\u201dAudrey Niffenegger\u201cA\u00e7\u0131k\u00e7as\u0131, Mezarl\u0131k Kitab\u0131, Neil Gaiman\u2019\u0131n \u015fimdiye kadar yazd\u0131\u011f\u0131 en iyi kitap. Kendisinin, b\u00fcy\u00fcleyicili\u011fi, cana yak\u0131nl\u0131\u011f\u0131, korkutuculu\u011fu ve deh\u015feti tek bir fantezide toplamay\u0131 nas\u0131l ba\u015fard\u0131\u011f\u0131n\u0131 asla \u00f6\u011frenemeyece\u011fim ama ihti\u015fam dolu bir i\u015f \u00e7\u0131kard\u0131\u011f\u0131 kesin\u2026\u201dDiana Wynne Jones<\/p>\n","protected":false},"excerpt":{"rendered":"<p>Hugo En \u0130yi Roman \u00d6d\u00fcl\u00fcLocus En \u0130yi Gen\u00e7 Yeti\u015fkin \u00d6d\u00fcl\u00fcNewbery Medal \u00d6d\u00fcl\u00fcCarnegie Medal \u00d6d\u00fcl\u00fc\u201cGer\u00e7ekten de, hayat canl\u0131lar\u0131n elinde heba oluyor\u2026\u201dBod neredeyse normal bir \u00e7ocuktu, neredeyse. E\u011fer<span class=\"excerpt-hellip\"> [\u2026]<\/span><\/p>\n","protected":false},"featured_media":0,"template":"","meta":{"_monsterinsights_skip_tracking":false,"_monsterinsights_sitenote_active":false,"_monsterinsights_sitenote_note":"","_monsterinsights_sitenote_category":0},"product_brand":[],"product_cat":[12689,12274],"product_tag":[],"class_list":{"0":"post-689565","1":"product","2":"type-product","3":"status-publish","5":"product_cat-cizgi-roman-cocuk-ve-genclik-kitaplari","6":"product_cat-cocuk-ve-genclik-kitaplari","7":"pa_cilt-ciltsiz","8":"pa_tur-kitap","9":"pa_yayinevi-ithaki-yayinlari","10":"pa_yazar-neil-gaiman","12":"first","13":"instock","14":"sale","15":"shipping-taxable","16":"purchasable","17":"product-type-simple"},"_links":{"self":[{"href":"https:\/\/roveyayinevi.com.tr\/index.php\/wp-json\/wp\/v2\/product\/689565","targetHints":{"allow":["GET"]}}],"collection":[{"href":"https:\/\/roveyayinevi.com.tr\/index.php\/wp-json\/wp\/v2\/product"}],"about":[{"href":"https:\/\/roveyayinevi.com.tr\/index.php\/wp-json\/wp\/v2\/types\/product"}],"wp:attachment":[{"href":"https:\/\/roveyayinevi.com.tr\/index.php\/wp-json\/wp\/v2\/media?parent=689565"}],"wp:term":[{"taxonomy":"product_brand","embeddable":true,"href":"https:\/\/roveyayinevi.com.tr\/index.php\/wp-json\/wp\/v2\/product_brand?post=689565"},{"taxonomy":"product_cat","embeddable":true,"href":"https:\/\/roveyayinevi.com.tr\/index.php\/wp-json\/wp\/v2\/product_cat?post=689565"},{"taxonomy":"product_tag","embeddable":true,"href":"https:\/\/roveyayinevi.com.tr\/index.php\/wp-json\/wp\/v2\/product_tag?post=689565"}],"curies":[{"name":"wp","href":"https:\/\/api.w.org\/{rel}","templated":true}]}}