{"id":689564,"date":"2025-08-27T13:12:02","date_gmt":"2025-08-27T10:12:02","guid":{"rendered":"https:\/\/roveyayinevi.com.tr\/index.php\/urun\/07-zaman-carki-serisi-ciltli-kilictan-tac\/"},"modified":"2026-04-16T01:59:18","modified_gmt":"2026-04-15T22:59:18","slug":"07-zaman-carki-serisi-ciltli-kilictan-tac","status":"publish","type":"product","link":"https:\/\/roveyayinevi.com.tr\/index.php\/urun\/07-zaman-carki-serisi-ciltli-kilictan-tac\/","title":{"rendered":"07 &#8211; Zaman \u00c7ark\u0131 Serisi (Ciltli): K\u0131l\u0131\u00e7tan Ta\u00e7"},"content":{"rendered":"<p>Zaman \u00c7ark\u0131 Serisi B\u00fcy\u00fck Bir Heyecanla Devam Ediyor&#8230; Elayne ve Aviendha, Ebou Dar\u2019da, Karanl\u0131k Varl\u0131k\u2019\u0131n hava ko\u015fullar\u0131 \u00fczerindeki etkisini yok edebilecek R\u00fczgarlar \u00c7ana\u011f\u0131\u2019n\u0131 ar\u0131yor. Mat eski dostlar\u0131na yard\u0131mc\u0131 olmak i\u00e7in, kendi bildi\u011fi \u015fekilde \u00e7abalamaya devam ediyor. Rand\u2019\u0131n hedefi, Illian\u2019a \u00e7\u00f6reklenmi\u015f olan Sammael. Bir yandan akl\u0131n\u0131 kaybetmedi\u011fine kendini ikna etmeye \u00e7al\u0131\u015f\u0131rken, di\u011fer yandan Yenidendo\u011fan Ejder olarak g\u00f6revlerini yerine getirmeye \u00e7al\u0131\u015f\u0131yor. Min\u2019in g\u00f6r\u00fcleri, karanl\u0131\u011fa kar\u015f\u0131 sava\u015fta G\u00f6lge\u2019nin bask\u0131n \u00e7\u0131kt\u0131\u011f\u0131n\u0131 s\u00f6yl\u00fcyor. Moiraine\u2019in yard\u0131m\u0131 olmadan sava\u015f kazan\u0131labilir mi? Eski dostlar\u0131n kaybedilmesi, yeni dostlar\u0131n kazan\u0131lmas\u0131yla s\u00fcrmekte olan bir sava\u015f bu. \ufffcTan\u0131t\u0131m Metni<\/p>\n","protected":false},"excerpt":{"rendered":"<p>Zaman \u00c7ark\u0131 Serisi B\u00fcy\u00fck Bir Heyecanla Devam Ediyor&#8230; Elayne ve Aviendha, Ebou Dar\u2019da, Karanl\u0131k Varl\u0131k\u2019\u0131n hava ko\u015fullar\u0131 \u00fczerindeki etkisini yok edebilecek R\u00fczgarlar \u00c7ana\u011f\u0131\u2019n\u0131 ar\u0131yor. Mat eski<span class=\"excerpt-hellip\"> [\u2026]<\/span><\/p>\n","protected":false},"featured_media":0,"template":"","meta":{"_monsterinsights_skip_tracking":false,"_monsterinsights_sitenote_active":false,"_monsterinsights_sitenote_note":"","_monsterinsights_sitenote_category":0},"product_brand":[],"product_cat":[12291,14777],"product_tag":[],"class_list":{"0":"post-689564","1":"product","2":"type-product","3":"status-publish","5":"product_cat-edebiyat","6":"product_cat-fantastik","7":"pa_cilt-ciltli","8":"pa_tur-kitap","9":"pa_yayinevi-ithaki-yayinlari","10":"pa_yazar-robert-jordan","12":"first","13":"instock","14":"sale","15":"shipping-taxable","16":"purchasable","17":"product-type-simple"},"_links":{"self":[{"href":"https:\/\/roveyayinevi.com.tr\/index.php\/wp-json\/wp\/v2\/product\/689564","targetHints":{"allow":["GET"]}}],"collection":[{"href":"https:\/\/roveyayinevi.com.tr\/index.php\/wp-json\/wp\/v2\/product"}],"about":[{"href":"https:\/\/roveyayinevi.com.tr\/index.php\/wp-json\/wp\/v2\/types\/product"}],"wp:attachment":[{"href":"https:\/\/roveyayinevi.com.tr\/index.php\/wp-json\/wp\/v2\/media?parent=689564"}],"wp:term":[{"taxonomy":"product_brand","embeddable":true,"href":"https:\/\/roveyayinevi.com.tr\/index.php\/wp-json\/wp\/v2\/product_brand?post=689564"},{"taxonomy":"product_cat","embeddable":true,"href":"https:\/\/roveyayinevi.com.tr\/index.php\/wp-json\/wp\/v2\/product_cat?post=689564"},{"taxonomy":"product_tag","embeddable":true,"href":"https:\/\/roveyayinevi.com.tr\/index.php\/wp-json\/wp\/v2\/product_tag?post=689564"}],"curies":[{"name":"wp","href":"https:\/\/api.w.org\/{rel}","templated":true}]}}