{"id":689561,"date":"2025-08-27T13:12:02","date_gmt":"2025-08-27T10:12:02","guid":{"rendered":"https:\/\/roveyayinevi.com.tr\/index.php\/urun\/cehennemdere-kanyonu\/"},"modified":"2026-04-16T01:59:18","modified_gmt":"2026-04-15T22:59:18","slug":"cehennemdere-kanyonu","status":"publish","type":"product","link":"https:\/\/roveyayinevi.com.tr\/index.php\/urun\/cehennemdere-kanyonu\/","title":{"rendered":"Cehennemdere Kanyonu"},"content":{"rendered":"<p>Unutulanlar D\u0131\u015f\u0131nda Yeni Bir \u015eey Yok kitab\u0131yla on alt\u0131 hafta en \u00e7ok satan kitaplar listesinde birinci s\u0131rada yer alan Osman Pamuko\u011flu&#8217;ndan yine \u00e7ok konu\u015fulacak, f\u0131rt\u0131nalar kopartacak bir roman: Cehennemdere Kanyonu.Yirmi asker ve bir y\u00fczba\u015f\u0131&#8230; Zemheri ayaz\u0131nda karl\u0131 ve dumanl\u0131 da\u011flarda, derin vadilerde, r\u00fczgarl\u0131 ovalarda ad\u0131m ad\u0131m iz s\u00fcr\u00fcyorlar&#8230; Bu da\u011flarda korkuya, ku\u015fkuya ve aptall\u0131\u011fa yer yok. Her hareketleri \u00f6l\u00fcm ve ya\u015fam aras\u0131ndaki ince s\u0131n\u0131r\u0131n ne taraf\u0131nda olacaklar\u0131n\u0131 belirliyor.  Ama\u00e7lar\u0131 vatan\u0131 korumak.En son varacaklar\u0131 hedef ise Cehennemdere Kanyonu!Osman Pamuko\u011flu, G\u00fcneydo\u011fu&#8217;nun sarp da\u011flar\u0131nda, kar k\u0131\u015f demeden, vatan a\u015fk\u0131yla P KK&#8217;n\u0131n izini s\u00fcren yirmi bir komandonun muhte\u015fem m\u00fccadelesini kendi tan\u0131k oldu\u011fu olaylardan yola \u00e7\u0131karak romanla\u015ft\u0131rd\u0131. Cilo Da\u011flar\u0131&#8217;ndan Han Yaylas\u0131&#8217;na, Sat Da\u011flar\u0131&#8217;ndan Cehennemdere Kanyonu&#8217;na uzanan bu nefes kesen \u00f6yk\u00fc, sadece T\u00fcrk askerinin zor \u015fartlar alt\u0131ndaki kahramanl\u0131klar\u0131n\u0131 anlatmakla kalm\u0131yor, T\u00fcrkiye ger\u00e7e\u011fini g\u00f6rmezden gelenlere Mehmet\u00e7i\u011fin ac\u0131s\u0131n\u0131, korkusunu, sevincini ve her \u015feyden ama her \u015feyden de \u00e7ok y\u00fcreklerinde ta\u015f\u0131d\u0131klar\u0131 sonsuz cesareti hayk\u0131r\u0131yor.Osman Pamuko\u011flu&#8217;ndan destans\u0131 bir roman&#8230; <\/p>\n","protected":false},"excerpt":{"rendered":"<p>Unutulanlar D\u0131\u015f\u0131nda Yeni Bir \u015eey Yok kitab\u0131yla on alt\u0131 hafta en \u00e7ok satan kitaplar listesinde birinci s\u0131rada yer alan Osman Pamuko\u011flu&#8217;ndan yine \u00e7ok konu\u015fulacak, f\u0131rt\u0131nalar kopartacak<span class=\"excerpt-hellip\"> [\u2026]<\/span><\/p>\n","protected":false},"featured_media":0,"template":"","meta":{"_monsterinsights_skip_tracking":false,"_monsterinsights_sitenote_active":false,"_monsterinsights_sitenote_note":"","_monsterinsights_sitenote_category":0},"product_brand":[],"product_cat":[12291,12292],"product_tag":[],"class_list":{"0":"post-689561","1":"product","2":"type-product","3":"status-publish","5":"product_cat-edebiyat","6":"product_cat-turk-edebiyati","7":"pa_cilt-ciltsiz","8":"pa_tur-kitap","9":"pa_yayinevi-inkilap-kitabevi","10":"pa_yazar-osman-pamukoglu","12":"first","13":"instock","14":"sale","15":"shipping-taxable","16":"purchasable","17":"product-type-simple"},"_links":{"self":[{"href":"https:\/\/roveyayinevi.com.tr\/index.php\/wp-json\/wp\/v2\/product\/689561","targetHints":{"allow":["GET"]}}],"collection":[{"href":"https:\/\/roveyayinevi.com.tr\/index.php\/wp-json\/wp\/v2\/product"}],"about":[{"href":"https:\/\/roveyayinevi.com.tr\/index.php\/wp-json\/wp\/v2\/types\/product"}],"wp:attachment":[{"href":"https:\/\/roveyayinevi.com.tr\/index.php\/wp-json\/wp\/v2\/media?parent=689561"}],"wp:term":[{"taxonomy":"product_brand","embeddable":true,"href":"https:\/\/roveyayinevi.com.tr\/index.php\/wp-json\/wp\/v2\/product_brand?post=689561"},{"taxonomy":"product_cat","embeddable":true,"href":"https:\/\/roveyayinevi.com.tr\/index.php\/wp-json\/wp\/v2\/product_cat?post=689561"},{"taxonomy":"product_tag","embeddable":true,"href":"https:\/\/roveyayinevi.com.tr\/index.php\/wp-json\/wp\/v2\/product_tag?post=689561"}],"curies":[{"name":"wp","href":"https:\/\/api.w.org\/{rel}","templated":true}]}}