{"id":689559,"date":"2025-08-27T13:12:01","date_gmt":"2025-08-27T10:12:01","guid":{"rendered":"https:\/\/roveyayinevi.com.tr\/index.php\/urun\/06-zaman-carki-serisi-ciltli-kaos-lordu\/"},"modified":"2026-04-16T01:59:18","modified_gmt":"2026-04-15T22:59:18","slug":"06-zaman-carki-serisi-ciltli-kaos-lordu","status":"publish","type":"product","link":"https:\/\/roveyayinevi.com.tr\/index.php\/urun\/06-zaman-carki-serisi-ciltli-kaos-lordu\/","title":{"rendered":"06 &#8211; Zaman \u00c7ark\u0131 Serisi (Ciltli): Kaos Lordu"},"content":{"rendered":"<p>\u0130yinin ve k\u00f6t\u00fcn\u00fcn sonsuz bir sava\u015fa tutu\u015ftu\u011fu, \u0131\u015f\u0131\u011f\u0131n ve g\u00f6lgenin d\u00fcnyas\u0131: Zaman \u00c7ark\u0131&#8217; n\u0131n d\u00fcnyas\u0131&#8230; Bug\u00fcne dek yaz\u0131lm\u0131\u015f en g\u00f6rkemli fantastik kahramanl\u0131k \u00f6yk\u00fcs\u00fc&#8230; \ufffcTan\u0131t\u0131m Metni<\/p>\n","protected":false},"excerpt":{"rendered":"<p>\u0130yinin ve k\u00f6t\u00fcn\u00fcn sonsuz bir sava\u015fa tutu\u015ftu\u011fu, \u0131\u015f\u0131\u011f\u0131n ve g\u00f6lgenin d\u00fcnyas\u0131: Zaman \u00c7ark\u0131&#8217; n\u0131n d\u00fcnyas\u0131&#8230; Bug\u00fcne dek yaz\u0131lm\u0131\u015f en g\u00f6rkemli fantastik kahramanl\u0131k \u00f6yk\u00fcs\u00fc&#8230; \ufffcTan\u0131t\u0131m Metni<\/p>\n","protected":false},"featured_media":0,"template":"","meta":{"_monsterinsights_skip_tracking":false,"_monsterinsights_sitenote_active":false,"_monsterinsights_sitenote_note":"","_monsterinsights_sitenote_category":0},"product_brand":[],"product_cat":[12291,14777],"product_tag":[],"class_list":{"0":"post-689559","1":"product","2":"type-product","3":"status-publish","5":"product_cat-edebiyat","6":"product_cat-fantastik","7":"pa_cilt-ciltli","8":"pa_tur-kitap","9":"pa_yayinevi-ithaki-yayinlari","10":"pa_yazar-robert-jordan","12":"first","13":"instock","14":"sale","15":"shipping-taxable","16":"purchasable","17":"product-type-simple"},"_links":{"self":[{"href":"https:\/\/roveyayinevi.com.tr\/index.php\/wp-json\/wp\/v2\/product\/689559","targetHints":{"allow":["GET"]}}],"collection":[{"href":"https:\/\/roveyayinevi.com.tr\/index.php\/wp-json\/wp\/v2\/product"}],"about":[{"href":"https:\/\/roveyayinevi.com.tr\/index.php\/wp-json\/wp\/v2\/types\/product"}],"wp:attachment":[{"href":"https:\/\/roveyayinevi.com.tr\/index.php\/wp-json\/wp\/v2\/media?parent=689559"}],"wp:term":[{"taxonomy":"product_brand","embeddable":true,"href":"https:\/\/roveyayinevi.com.tr\/index.php\/wp-json\/wp\/v2\/product_brand?post=689559"},{"taxonomy":"product_cat","embeddable":true,"href":"https:\/\/roveyayinevi.com.tr\/index.php\/wp-json\/wp\/v2\/product_cat?post=689559"},{"taxonomy":"product_tag","embeddable":true,"href":"https:\/\/roveyayinevi.com.tr\/index.php\/wp-json\/wp\/v2\/product_tag?post=689559"}],"curies":[{"name":"wp","href":"https:\/\/api.w.org\/{rel}","templated":true}]}}