{"id":689557,"date":"2025-08-27T13:12:01","date_gmt":"2025-08-27T10:12:01","guid":{"rendered":"https:\/\/roveyayinevi.com.tr\/index.php\/urun\/ay-pesinde\/"},"modified":"2026-04-16T01:59:18","modified_gmt":"2026-04-15T22:59:18","slug":"ay-pesinde","status":"publish","type":"product","link":"https:\/\/roveyayinevi.com.tr\/index.php\/urun\/ay-pesinde\/","title":{"rendered":"Ay Pe\u015finde"},"content":{"rendered":"<p>Evvela bilmemiz laz\u0131m gelen bir mesele vard\u0131r; en temelli, canl\u0131 mesele: Mizah her akl\u0131n, her zek\u00e2n\u0131n dokuyaca\u011f\u0131 bir kuma\u015f de\u011fildir. Latife olgun bir meyve gibi kemale erdirilip \u00f6yle ortaya konmak laz\u0131m gelir. Mizah s\u00fcp\u00fcrge sopas\u0131 de\u011fildir; vurmak, d\u00f6vmek, kaba kaba g\u00fcld\u00fcrmek i\u00e7in kullan\u0131ls\u0131n. Bu bir f\u0131r\u00e7ad\u0131r, dima\u011f\u0131m\u0131z\u0131n yorucu ilim ve hayat yollar\u0131nda toplad\u0131\u011f\u0131 tozlar\u0131 al\u0131r; nazik, ince bir i\u015ftir. Mizahta da ehliyet, kabiliyet \u015fartt\u0131r.  -Refik Halid Karay-  Refik Halid kalemini do\u011fu\u015ftan getirdi\u011fi mizah kabiliyeti y\u00f6n\u00fcnde denemesi sonucu me\u015fhur olmu\u015ftur  Yakup Kadri, Gen\u00e7lik ve Edebiyat Hat\u0131ralar\u0131 1969 \u0130lk bask\u0131s\u0131 1922\u2019de yap\u0131lan Ay Pe\u015finde\u2019de Refik Halid Karay kendisini \u015f\u00f6hrete kavu\u015fturan mizah g\u00fcc\u00fcn\u00fc kullanarak d\u00f6nemin sosyal olaylar\u0131n\u0131, de\u011fi\u015fik katmanlardan ki\u015filerini, g\u00fcl\u00fcmsemeyle g\u00f6zya\u015f\u0131 aras\u0131ndaki duygu aktar\u0131mlar\u0131yla payla\u015fmaya devam ediyor. <\/p>\n","protected":false},"excerpt":{"rendered":"<p>Evvela bilmemiz laz\u0131m gelen bir mesele vard\u0131r; en temelli, canl\u0131 mesele: Mizah her akl\u0131n, her zek\u00e2n\u0131n dokuyaca\u011f\u0131 bir kuma\u015f de\u011fildir. Latife olgun bir meyve gibi kemale<span class=\"excerpt-hellip\"> [\u2026]<\/span><\/p>\n","protected":false},"featured_media":0,"template":"","meta":{"_monsterinsights_skip_tracking":false,"_monsterinsights_sitenote_active":false,"_monsterinsights_sitenote_note":"","_monsterinsights_sitenote_category":0},"product_brand":[],"product_cat":[12291,12292],"product_tag":[],"class_list":{"0":"post-689557","1":"product","2":"type-product","3":"status-publish","5":"product_cat-edebiyat","6":"product_cat-turk-edebiyati","7":"pa_cilt-ciltsiz","8":"pa_tur-kitap","9":"pa_yayinevi-inkilap-kitabevi","10":"pa_yazar-refik-halid-karay","12":"first","13":"instock","14":"sale","15":"shipping-taxable","16":"purchasable","17":"product-type-simple"},"_links":{"self":[{"href":"https:\/\/roveyayinevi.com.tr\/index.php\/wp-json\/wp\/v2\/product\/689557","targetHints":{"allow":["GET"]}}],"collection":[{"href":"https:\/\/roveyayinevi.com.tr\/index.php\/wp-json\/wp\/v2\/product"}],"about":[{"href":"https:\/\/roveyayinevi.com.tr\/index.php\/wp-json\/wp\/v2\/types\/product"}],"wp:attachment":[{"href":"https:\/\/roveyayinevi.com.tr\/index.php\/wp-json\/wp\/v2\/media?parent=689557"}],"wp:term":[{"taxonomy":"product_brand","embeddable":true,"href":"https:\/\/roveyayinevi.com.tr\/index.php\/wp-json\/wp\/v2\/product_brand?post=689557"},{"taxonomy":"product_cat","embeddable":true,"href":"https:\/\/roveyayinevi.com.tr\/index.php\/wp-json\/wp\/v2\/product_cat?post=689557"},{"taxonomy":"product_tag","embeddable":true,"href":"https:\/\/roveyayinevi.com.tr\/index.php\/wp-json\/wp\/v2\/product_tag?post=689557"}],"curies":[{"name":"wp","href":"https:\/\/api.w.org\/{rel}","templated":true}]}}