{"id":689554,"date":"2025-08-27T13:12:00","date_gmt":"2025-08-27T10:12:00","guid":{"rendered":"https:\/\/roveyayinevi.com.tr\/index.php\/urun\/dudaktan-kalbe-yeni-kapak\/"},"modified":"2026-04-16T01:59:18","modified_gmt":"2026-04-15T22:59:18","slug":"dudaktan-kalbe-yeni-kapak","status":"publish","type":"product","link":"https:\/\/roveyayinevi.com.tr\/index.php\/urun\/dudaktan-kalbe-yeni-kapak\/","title":{"rendered":"Dudaktan Kalbe (Yeni Kapak)"},"content":{"rendered":"<p>\u201cSevda \u015fimdi kalbimden dudaklar\u0131ma \u00e7\u0131kt\u0131&#8230; O art\u0131k birini \u00f6tekinin unutturdu\u011fu buselerle bir na\u011fme, bir tebess\u00fcm gibi yaln\u0131z dudaklar\u0131mda ya\u015fayacak&#8230; Mamafih belki mesut olmak i\u00e7in de as\u0131l \u00e7are budur: Sevday\u0131 dudaklardan \u00f6teye b\u0131rakmamak, zehir gibi kalbe inmesine meydan vermemek.\u201d Re\u015fat Nuri G\u00fcntekin\u2019den dudak ile kalp aras\u0131ndaki \u00e7at\u0131\u015fman\u0131n g\u00f6lgesinde k\u0131r\u0131k bir a\u015fk hik\u00e2yesi\u2026 Dudaktan Kalbe, a\u015fk\u0131n bug\u00fcn dahi \u00e7\u00f6z\u00fclemeyen gizemli y\u00f6nlerine dair etkileyici bir yolculuk vaat ediyor. Entrik unsurlarla zenginle\u015fen roman, a\u015fk\u0131n safl\u0131\u011f\u0131 ile \u015fehvet aras\u0131ndaki ka\u00e7\u0131n\u0131lmaz \u00e7at\u0131\u015fmaya dair g\u00fc\u00e7l\u00fc bir anlat\u0131 sunuyor. Hayata ma\u011flup ba\u015flayan Kenan\u2019\u0131n kendisine yabanc\u0131la\u015fmas\u0131 ve ya\u015fam kar\u015f\u0131s\u0131nda i\u00e7ine d\u00fc\u015ft\u00fc\u011f\u00fc yan\u0131lg\u0131y\u0131 fark etmesiyle dramatik bir boyut kazanan hik\u00e2ye, \u00e7ok katmanl\u0131 yap\u0131s\u0131yla da \u00f6n plana \u00e7\u0131k\u0131yor. Re\u015fat Nuri G\u00fcntekin\u2019in en \u00e7ok okunan eserlerinden biri olan Dudaktan Kalbe, T\u00fcrk edebiyat\u0131n\u0131n nadide a\u015fk romanlar\u0131 aras\u0131nda \u00f6zel bir yerde duruyor. <\/p>\n","protected":false},"excerpt":{"rendered":"<p>\u201cSevda \u015fimdi kalbimden dudaklar\u0131ma \u00e7\u0131kt\u0131&#8230; O art\u0131k birini \u00f6tekinin unutturdu\u011fu buselerle bir na\u011fme, bir tebess\u00fcm gibi yaln\u0131z dudaklar\u0131mda ya\u015fayacak&#8230; Mamafih belki mesut olmak i\u00e7in de as\u0131l<span class=\"excerpt-hellip\"> [\u2026]<\/span><\/p>\n","protected":false},"featured_media":0,"template":"","meta":{"_monsterinsights_skip_tracking":false,"_monsterinsights_sitenote_active":false,"_monsterinsights_sitenote_note":"","_monsterinsights_sitenote_category":0},"product_brand":[],"product_cat":[12291,12292],"product_tag":[],"class_list":{"0":"post-689554","1":"product","2":"type-product","3":"status-publish","5":"product_cat-edebiyat","6":"product_cat-turk-edebiyati","7":"pa_cilt-ciltsiz","8":"pa_tur-kitap","9":"pa_yayinevi-resat-nuri-guntekin-yayinlari","10":"pa_yazar-resat-nuri-guntekin","12":"first","13":"instock","14":"sale","15":"shipping-taxable","16":"purchasable","17":"product-type-simple"},"_links":{"self":[{"href":"https:\/\/roveyayinevi.com.tr\/index.php\/wp-json\/wp\/v2\/product\/689554","targetHints":{"allow":["GET"]}}],"collection":[{"href":"https:\/\/roveyayinevi.com.tr\/index.php\/wp-json\/wp\/v2\/product"}],"about":[{"href":"https:\/\/roveyayinevi.com.tr\/index.php\/wp-json\/wp\/v2\/types\/product"}],"wp:attachment":[{"href":"https:\/\/roveyayinevi.com.tr\/index.php\/wp-json\/wp\/v2\/media?parent=689554"}],"wp:term":[{"taxonomy":"product_brand","embeddable":true,"href":"https:\/\/roveyayinevi.com.tr\/index.php\/wp-json\/wp\/v2\/product_brand?post=689554"},{"taxonomy":"product_cat","embeddable":true,"href":"https:\/\/roveyayinevi.com.tr\/index.php\/wp-json\/wp\/v2\/product_cat?post=689554"},{"taxonomy":"product_tag","embeddable":true,"href":"https:\/\/roveyayinevi.com.tr\/index.php\/wp-json\/wp\/v2\/product_tag?post=689554"}],"curies":[{"name":"wp","href":"https:\/\/api.w.org\/{rel}","templated":true}]}}