{"id":689553,"date":"2025-08-27T13:12:00","date_gmt":"2025-08-27T10:12:00","guid":{"rendered":"https:\/\/roveyayinevi.com.tr\/index.php\/urun\/ekmek-elden-su-golden\/"},"modified":"2026-04-16T01:59:18","modified_gmt":"2026-04-15T22:59:18","slug":"ekmek-elden-su-golden","status":"publish","type":"product","link":"https:\/\/roveyayinevi.com.tr\/index.php\/urun\/ekmek-elden-su-golden\/","title":{"rendered":"Ekmek Elden Su G\u00f6lden"},"content":{"rendered":"<p>\u2018Denizat\u0131 \u015furac\u0131kta harem kurmu\u015f. Raca kesilmi\u015ftir, yoksam Nebab olmu\u015f, A\u011fa Han\u2019\u0131n halefli\u011fine ge\u00e7mi\u015ftir? K\u00f6rpe ye\u011fenlerini bir bir dansa sokup kal\u00e7alar\u0131n\u0131 ellemekten hi\u00e7 arlanmaz. Yanakbeyanak s\u00fcrt\u00fcn\u00fcr, o karnaval balonu kar\u0131 da oturup seyreder, \u2018Nedir bu kepazelik!\u2019 diye k\u0131z\u0131na sualde bulunmaz\u2019 \u2018Hepsi g\u00f6rg\u00fcs\u00fczl\u00fck, bilgisizlik, para \u015f\u0131mar\u0131kl\u0131\u011f\u0131, bir ya\u015fant\u0131dan \u00f6b\u00fcr\u00fcne \u00e7ar\u00e7abuk, kural ve y\u00f6ntemini \u00f6\u011frenmeden ge\u00e7i\u015fin sonucu, Allah birdenbire ba\u011f\u0131\u015fta bulunmu\u015f i\u015fte! Ta\u015f at\u0131p da kollar\u0131 m\u0131 yoruluyor? Ekmek elden, su g\u00f6lden! \u00c7al\u0131\u015fan k\u00f6yl\u00fc, veren toprak, koruyan h\u00fck\u00fcmet, kazanan da b\u00fcy\u00fck toprak sahipleri! Cahilcesine, k\u00fclt\u00fcrs\u00fczcesine, ne yapt\u0131klar\u0131n\u0131n fark\u0131nda olmadan yiyorlar.\u2019  T\u00fcrk\u00e7eyi en iyi kullanan yazarlar\u0131m\u0131zdan Refik Halid Karay, k\u0131rsal kesimden \u015fehre gelerek bilin\u00e7siz bir savurganl\u0131kla ya\u015fayan, zengin Duranbeyli ailesinin \u015fehir hayat\u0131na olan yabanc\u0131l\u0131\u011f\u0131n\u0131, bu yabanc\u0131l\u0131\u011f\u0131 maddi imk\u00e2nlar\u0131 sayesinde gizleme \u00e7abalar\u0131n\u0131 ve ailenin g\u00fczel gelini Ferhan\u2019\u0131n aile i\u00e7inde ya\u015fad\u0131\u011f\u0131 uyumsuzlu\u011fu derin karakter tahlilleriyle sinema filmi tad\u0131nda anlat\u0131yor. <\/p>\n","protected":false},"excerpt":{"rendered":"<p>\u2018Denizat\u0131 \u015furac\u0131kta harem kurmu\u015f. Raca kesilmi\u015ftir, yoksam Nebab olmu\u015f, A\u011fa Han\u2019\u0131n halefli\u011fine ge\u00e7mi\u015ftir? K\u00f6rpe ye\u011fenlerini bir bir dansa sokup kal\u00e7alar\u0131n\u0131 ellemekten hi\u00e7 arlanmaz. Yanakbeyanak s\u00fcrt\u00fcn\u00fcr, o<span class=\"excerpt-hellip\"> [\u2026]<\/span><\/p>\n","protected":false},"featured_media":0,"template":"","meta":{"_monsterinsights_skip_tracking":false,"_monsterinsights_sitenote_active":false,"_monsterinsights_sitenote_note":"","_monsterinsights_sitenote_category":0},"product_brand":[],"product_cat":[12291,12292],"product_tag":[],"class_list":{"0":"post-689553","1":"product","2":"type-product","3":"status-publish","5":"product_cat-edebiyat","6":"product_cat-turk-edebiyati","7":"pa_cilt-ciltsiz","8":"pa_tur-kitap","9":"pa_yayinevi-inkilap-kitabevi","10":"pa_yazar-refik-halid-karay","12":"first","13":"instock","14":"sale","15":"shipping-taxable","16":"purchasable","17":"product-type-simple"},"_links":{"self":[{"href":"https:\/\/roveyayinevi.com.tr\/index.php\/wp-json\/wp\/v2\/product\/689553","targetHints":{"allow":["GET"]}}],"collection":[{"href":"https:\/\/roveyayinevi.com.tr\/index.php\/wp-json\/wp\/v2\/product"}],"about":[{"href":"https:\/\/roveyayinevi.com.tr\/index.php\/wp-json\/wp\/v2\/types\/product"}],"wp:attachment":[{"href":"https:\/\/roveyayinevi.com.tr\/index.php\/wp-json\/wp\/v2\/media?parent=689553"}],"wp:term":[{"taxonomy":"product_brand","embeddable":true,"href":"https:\/\/roveyayinevi.com.tr\/index.php\/wp-json\/wp\/v2\/product_brand?post=689553"},{"taxonomy":"product_cat","embeddable":true,"href":"https:\/\/roveyayinevi.com.tr\/index.php\/wp-json\/wp\/v2\/product_cat?post=689553"},{"taxonomy":"product_tag","embeddable":true,"href":"https:\/\/roveyayinevi.com.tr\/index.php\/wp-json\/wp\/v2\/product_tag?post=689553"}],"curies":[{"name":"wp","href":"https:\/\/api.w.org\/{rel}","templated":true}]}}