{"id":689548,"date":"2025-08-27T13:11:59","date_gmt":"2025-08-27T10:11:59","guid":{"rendered":"https:\/\/roveyayinevi.com.tr\/index.php\/urun\/dunya-tarihi-1-cilt\/"},"modified":"2026-04-16T01:59:18","modified_gmt":"2026-04-15T22:59:18","slug":"dunya-tarihi-1-cilt","status":"publish","type":"product","link":"https:\/\/roveyayinevi.com.tr\/index.php\/urun\/dunya-tarihi-1-cilt\/","title":{"rendered":"D\u00fcnya Tarihi 1.Cilt"},"content":{"rendered":"<p>J. M. Roberts\u2019\u0131n gezegenimizin tarihini kay\u0131t alt\u0131na ald\u0131\u011f\u0131 eserin bu ilk cildi Afrika savanalar\u0131ndaki k\u00f6kenlerimizden ilk uygarl\u0131klar\u0131n do\u011fu\u015funa, eski imparatorluk \u00e7a\u011flar\u0131ndan t\u00fcm d\u00fcnya i\u00e7in \u00f6nemli bir d\u00f6n\u00fcm noktas\u0131 olan Sanayi Devrimi\u2019ne kadar uzanan tarihi kaps\u0131yor. \u00c7a\u011flar boyu farkl\u0131 uygarl\u0131klar\u0131n geli\u015fimlerini, 18. y\u00fczy\u0131la kadar ger\u00e7ekle\u015fen \u00e7alkant\u0131 ve de\u011fi\u015fim d\u00f6nemlerini, d\u00fczendeki ve g\u00fc\u00e7teki uluslararas\u0131 kaymalar\u0131 D\u00fcnya Tarihi\u2019nin bu ilk cildinde bulabilirsiniz. Harikulade bir ba\u015far\u0131&#8230; G\u00fcn\u00fcm\u00fcz i\u00e7in rakipsiz bir d\u00fcnya tarihi; inan\u0131lmaz olaylar\u0131n ve tart\u0131\u015f\u0131lmaz de\u011ferlendirmelerin kitab\u0131. -A. J. P. Taylor- The Observer (Londra) Ba\u015far\u0131l\u0131 bir kitap&#8230; \u015eimdiye kadar yaz\u0131lm\u0131\u015f en ola\u011fan\u00fcst\u00fc tarih. -J. H. Plumb- E\u011fitici&#8230; S\u00fcr\u00fckleyici oldu\u011fu kadar da d\u00fc\u015f\u00fcnd\u00fcr\u00fcc\u00fc bir kitap. -Christopher Hibbert- En iyi d\u00fcnya tarihi kitab\u0131. -The Times- \ufffcTan\u0131t\u0131m Metni<\/p>\n","protected":false},"excerpt":{"rendered":"<p>J. M. Roberts\u2019\u0131n gezegenimizin tarihini kay\u0131t alt\u0131na ald\u0131\u011f\u0131 eserin bu ilk cildi Afrika savanalar\u0131ndaki k\u00f6kenlerimizden ilk uygarl\u0131klar\u0131n do\u011fu\u015funa, eski imparatorluk \u00e7a\u011flar\u0131ndan t\u00fcm d\u00fcnya i\u00e7in \u00f6nemli bir<span class=\"excerpt-hellip\"> [\u2026]<\/span><\/p>\n","protected":false},"featured_media":0,"template":"","meta":{"_monsterinsights_skip_tracking":false,"_monsterinsights_sitenote_active":false,"_monsterinsights_sitenote_note":"","_monsterinsights_sitenote_category":0},"product_brand":[],"product_cat":[13590,12337],"product_tag":[],"class_list":{"0":"post-689548","1":"product","2":"type-product","3":"status-publish","5":"product_cat-arastirma-inceleme-politika-siyaset","6":"product_cat-politika-siyaset","7":"pa_cilt-ciltsiz","8":"pa_tur-kitap","9":"pa_yayinevi-inkilap-kitabevi","10":"pa_yazar-j-m-roberts","12":"first","13":"instock","14":"sale","15":"shipping-taxable","16":"purchasable","17":"product-type-simple"},"_links":{"self":[{"href":"https:\/\/roveyayinevi.com.tr\/index.php\/wp-json\/wp\/v2\/product\/689548","targetHints":{"allow":["GET"]}}],"collection":[{"href":"https:\/\/roveyayinevi.com.tr\/index.php\/wp-json\/wp\/v2\/product"}],"about":[{"href":"https:\/\/roveyayinevi.com.tr\/index.php\/wp-json\/wp\/v2\/types\/product"}],"wp:attachment":[{"href":"https:\/\/roveyayinevi.com.tr\/index.php\/wp-json\/wp\/v2\/media?parent=689548"}],"wp:term":[{"taxonomy":"product_brand","embeddable":true,"href":"https:\/\/roveyayinevi.com.tr\/index.php\/wp-json\/wp\/v2\/product_brand?post=689548"},{"taxonomy":"product_cat","embeddable":true,"href":"https:\/\/roveyayinevi.com.tr\/index.php\/wp-json\/wp\/v2\/product_cat?post=689548"},{"taxonomy":"product_tag","embeddable":true,"href":"https:\/\/roveyayinevi.com.tr\/index.php\/wp-json\/wp\/v2\/product_tag?post=689548"}],"curies":[{"name":"wp","href":"https:\/\/api.w.org\/{rel}","templated":true}]}}