{"id":689547,"date":"2025-08-27T13:11:59","date_gmt":"2025-08-27T10:11:59","guid":{"rendered":"https:\/\/roveyayinevi.com.tr\/index.php\/urun\/dort-yaprakli-yonca\/"},"modified":"2026-04-16T01:59:18","modified_gmt":"2026-04-15T22:59:18","slug":"dort-yaprakli-yonca","status":"publish","type":"product","link":"https:\/\/roveyayinevi.com.tr\/index.php\/urun\/dort-yaprakli-yonca\/","title":{"rendered":"D\u00f6rt Yaprakl\u0131 Yonca"},"content":{"rendered":"<p>Namusumuz \u00fczerine yemin ederiz! D\u00f6rt gen\u00e7 k\u0131z aya\u011fa kalk\u0131p hep bir a\u011f\u0131zdan b\u00f6yle s\u00f6ylediler. D\u00f6rd\u00fcn\u00fcn de g\u00f6zleri kar\u015f\u0131ya dikilmi\u015f, g\u00f6\u011f\u00fcsleri ileride, ayaklar\u0131 hizaya gelmi\u015f, 23 Nisan bayram\u0131 i\u00e7in haz\u0131rl\u0131klar yapt\u0131klar\u0131 s\u0131rada \u00f6\u011frendikleri vaziyeti alm\u0131\u015flard\u0131. Evinde din terbiyesi ile yeti\u015fmi\u015f olan Yonca, bu kadar\u0131 k\u00e2fi g\u00f6rmemi\u015fti ki en ciddi sesiyle sordu: Vallahi mi? Billahi mi? Yine hepsi cevap verdiler: Vallahi! Billahi! Merasim bitmi\u015fti; art\u0131k \u2018D\u00f6rt Yaprakl\u0131 Yonca\u2019 isimli yard\u0131mla\u015fma cemiyeti kurulmu\u015f oluyordu. Ruskin\u2019in \u015fu s\u00f6z\u00fc T\u00fcrk\u00e7enin en \u00f6nemli ve en parlak renklerinden biri olan Refik Halid\u2019in yap\u0131tlar\u0131na ne de yak\u0131\u015f\u0131r: Kitaplar\u0131 iki gruba ay\u0131rmak m\u00fcmk\u00fcnd\u00fcr: G\u00fcn\u00fcn kitaplar\u0131 ve her zaman\u0131n kitaplar\u0131. \ufffcTan\u0131t\u0131m Metni<\/p>\n","protected":false},"excerpt":{"rendered":"<p>Namusumuz \u00fczerine yemin ederiz! D\u00f6rt gen\u00e7 k\u0131z aya\u011fa kalk\u0131p hep bir a\u011f\u0131zdan b\u00f6yle s\u00f6ylediler. D\u00f6rd\u00fcn\u00fcn de g\u00f6zleri kar\u015f\u0131ya dikilmi\u015f, g\u00f6\u011f\u00fcsleri ileride, ayaklar\u0131 hizaya gelmi\u015f, 23 Nisan<span class=\"excerpt-hellip\"> [\u2026]<\/span><\/p>\n","protected":false},"featured_media":0,"template":"","meta":{"_monsterinsights_skip_tracking":false,"_monsterinsights_sitenote_active":false,"_monsterinsights_sitenote_note":"","_monsterinsights_sitenote_category":0},"product_brand":[],"product_cat":[12291,12292],"product_tag":[],"class_list":{"0":"post-689547","1":"product","2":"type-product","3":"status-publish","5":"product_cat-edebiyat","6":"product_cat-turk-edebiyati","7":"pa_cilt-ciltsiz","8":"pa_tur-kitap","9":"pa_yayinevi-inkilap-kitabevi","10":"pa_yazar-refik-halid-karay","12":"first","13":"instock","14":"sale","15":"shipping-taxable","16":"purchasable","17":"product-type-simple"},"_links":{"self":[{"href":"https:\/\/roveyayinevi.com.tr\/index.php\/wp-json\/wp\/v2\/product\/689547","targetHints":{"allow":["GET"]}}],"collection":[{"href":"https:\/\/roveyayinevi.com.tr\/index.php\/wp-json\/wp\/v2\/product"}],"about":[{"href":"https:\/\/roveyayinevi.com.tr\/index.php\/wp-json\/wp\/v2\/types\/product"}],"wp:attachment":[{"href":"https:\/\/roveyayinevi.com.tr\/index.php\/wp-json\/wp\/v2\/media?parent=689547"}],"wp:term":[{"taxonomy":"product_brand","embeddable":true,"href":"https:\/\/roveyayinevi.com.tr\/index.php\/wp-json\/wp\/v2\/product_brand?post=689547"},{"taxonomy":"product_cat","embeddable":true,"href":"https:\/\/roveyayinevi.com.tr\/index.php\/wp-json\/wp\/v2\/product_cat?post=689547"},{"taxonomy":"product_tag","embeddable":true,"href":"https:\/\/roveyayinevi.com.tr\/index.php\/wp-json\/wp\/v2\/product_tag?post=689547"}],"curies":[{"name":"wp","href":"https:\/\/api.w.org\/{rel}","templated":true}]}}