{"id":689546,"date":"2025-08-27T13:11:59","date_gmt":"2025-08-27T10:11:59","guid":{"rendered":"https:\/\/roveyayinevi.com.tr\/index.php\/urun\/dr-moreaunun-adasi\/"},"modified":"2026-04-16T01:59:18","modified_gmt":"2026-04-15T22:59:18","slug":"dr-moreaunun-adasi","status":"publish","type":"product","link":"https:\/\/roveyayinevi.com.tr\/index.php\/urun\/dr-moreaunun-adasi\/","title":{"rendered":"Dr. Moreau&#8217;nun Adas\u0131"},"content":{"rendered":"<p>Bilimkurgu ve korkunun bulu\u015ftu\u011fu bir klasik! &#8230; \u0130nsanlara bak\u0131yorum ve deh\u015fete d\u00fc\u015f\u00fcyorum&#8230; Sanki i\u00e7lerindeki hayvan s\u00fcrekli dalgalan\u0131p kabar\u0131yormu\u015f gibi gel <\/p>\n","protected":false},"excerpt":{"rendered":"<p>Bilimkurgu ve korkunun bulu\u015ftu\u011fu bir klasik! &#8230; \u0130nsanlara bak\u0131yorum ve deh\u015fete d\u00fc\u015f\u00fcyorum&#8230; Sanki i\u00e7lerindeki hayvan s\u00fcrekli dalgalan\u0131p kabar\u0131yormu\u015f gibi gel<\/p>\n","protected":false},"featured_media":0,"template":"","meta":{"_monsterinsights_skip_tracking":false,"_monsterinsights_sitenote_active":false,"_monsterinsights_sitenote_note":"","_monsterinsights_sitenote_category":0},"product_brand":[],"product_cat":[12540,12291],"product_tag":[],"class_list":{"0":"post-689546","1":"product","2":"type-product","3":"status-publish","5":"product_cat-bilim-kurgu","6":"product_cat-edebiyat","7":"pa_cilt-ciltsiz","8":"pa_tur-kitap","9":"pa_yayinevi-ithaki-yayinlari","10":"pa_yazar-h-g-wells","12":"first","13":"instock","14":"sale","15":"shipping-taxable","16":"purchasable","17":"product-type-simple"},"_links":{"self":[{"href":"https:\/\/roveyayinevi.com.tr\/index.php\/wp-json\/wp\/v2\/product\/689546","targetHints":{"allow":["GET"]}}],"collection":[{"href":"https:\/\/roveyayinevi.com.tr\/index.php\/wp-json\/wp\/v2\/product"}],"about":[{"href":"https:\/\/roveyayinevi.com.tr\/index.php\/wp-json\/wp\/v2\/types\/product"}],"wp:attachment":[{"href":"https:\/\/roveyayinevi.com.tr\/index.php\/wp-json\/wp\/v2\/media?parent=689546"}],"wp:term":[{"taxonomy":"product_brand","embeddable":true,"href":"https:\/\/roveyayinevi.com.tr\/index.php\/wp-json\/wp\/v2\/product_brand?post=689546"},{"taxonomy":"product_cat","embeddable":true,"href":"https:\/\/roveyayinevi.com.tr\/index.php\/wp-json\/wp\/v2\/product_cat?post=689546"},{"taxonomy":"product_tag","embeddable":true,"href":"https:\/\/roveyayinevi.com.tr\/index.php\/wp-json\/wp\/v2\/product_tag?post=689546"}],"curies":[{"name":"wp","href":"https:\/\/api.w.org\/{rel}","templated":true}]}}