{"id":689543,"date":"2025-08-27T13:11:58","date_gmt":"2025-08-27T10:11:58","guid":{"rendered":"https:\/\/roveyayinevi.com.tr\/index.php\/urun\/damga\/"},"modified":"2026-04-16T01:59:18","modified_gmt":"2026-04-15T22:59:18","slug":"damga","status":"publish","type":"product","link":"https:\/\/roveyayinevi.com.tr\/index.php\/urun\/damga\/","title":{"rendered":"Damga"},"content":{"rendered":"<p>D\u00fcnya ile alakam\u0131 kesmeme kar\u015f\u0131 g\u00f6nl\u00fcmde ayr\u0131 bir \u00e2lem a\u00e7\u0131l\u0131yordu. Hi\u00e7bir kayd\u0131, hi\u00e7bir yorgunlu\u011fu olmayan bir \u00e2lem\u2026 \u0130nsan, mesafeleri kendi v\u00fccuduyla m\u0131 ge\u00e7iyor, yoksa onlar kendili\u011finden mi ayaklar\u0131na geliyor belli de\u011fil.\u201d T\u00fcrk roman\u0131n\u0131n modernle\u015fme s\u00fcrecine \u00f6nemli katk\u0131lar\u0131 olan Re\u015fat Nuri G\u00fcntekin, Damga\u2019da insanlar\u0131n i\u00e7 d\u00fcnyas\u0131n\u0131 ve toplumsal bask\u0131larla \u00e7at\u0131\u015fmalar\u0131n\u0131 ustal\u0131kla anlat\u0131yor. \u00c7ocukken halas\u0131ndan dinledi\u011fi bir a\u015fk hik\u00e2yesinden \u00e7ok etkilenen \u0130ffet Bey, y\u0131llar sonra benzer bir durumla kar\u015f\u0131la\u015ft\u0131\u011f\u0131nda, yasak bir a\u015fk u\u011fruna h\u0131rs\u0131z damgas\u0131 yemeye raz\u0131 oluyor. Ba\u015flang\u0131\u00e7ta bunu bir fedak\u00e2rl\u0131k olarak g\u00f6rse de zamanla bu damgan\u0131n ya\u015fam\u0131na kaz\u0131nan bir lekeye d\u00f6n\u00fc\u015ft\u00fc\u011f\u00fcn\u00fc fark ediyor ve i\u015flemedi\u011fi bir su\u00e7un a\u011f\u0131rl\u0131\u011f\u0131yla m\u00fccadele etmek zorunda kal\u0131yor. \u0130ffet, ismi gibi bir ya\u015fam s\u00fcrmek isterken sadece kendi hatalar\u0131yla de\u011fil, ba\u015fkalar\u0131n\u0131n suskunluklar\u0131yla da y\u00fczle\u015fiyor. Damga, yaln\u0131z bireysel bir dram\u0131n de\u011fil, ayn\u0131 zamanda toplumsal \u00f6nyarg\u0131lar\u0131n sorguland\u0131\u011f\u0131 bir roman. T\u00fcrk edebiyat\u0131n\u0131n usta kalemi Re\u015fat Nuri G\u00fcntekin, d\u00f6nemin sosyal yap\u0131s\u0131n\u0131 incelikli bir anlat\u0131mla resmederken adalet, gurur ve insan onuru gibi kavramlara vurgu yap\u0131yor. <\/p>\n","protected":false},"excerpt":{"rendered":"<p>D\u00fcnya ile alakam\u0131 kesmeme kar\u015f\u0131 g\u00f6nl\u00fcmde ayr\u0131 bir \u00e2lem a\u00e7\u0131l\u0131yordu. Hi\u00e7bir kayd\u0131, hi\u00e7bir yorgunlu\u011fu olmayan bir \u00e2lem\u2026 \u0130nsan, mesafeleri kendi v\u00fccuduyla m\u0131 ge\u00e7iyor, yoksa onlar kendili\u011finden<span class=\"excerpt-hellip\"> [\u2026]<\/span><\/p>\n","protected":false},"featured_media":0,"template":"","meta":{"_monsterinsights_skip_tracking":false,"_monsterinsights_sitenote_active":false,"_monsterinsights_sitenote_note":"","_monsterinsights_sitenote_category":0},"product_brand":[],"product_cat":[12291,12292],"product_tag":[],"class_list":{"0":"post-689543","1":"product","2":"type-product","3":"status-publish","5":"product_cat-edebiyat","6":"product_cat-turk-edebiyati","7":"pa_cilt-ciltsiz","8":"pa_tur-kitap","9":"pa_yayinevi-resat-nuri-guntekin-yayinlari","10":"pa_yazar-resat-nuri-guntekin","12":"first","13":"instock","14":"sale","15":"shipping-taxable","16":"purchasable","17":"product-type-simple"},"_links":{"self":[{"href":"https:\/\/roveyayinevi.com.tr\/index.php\/wp-json\/wp\/v2\/product\/689543","targetHints":{"allow":["GET"]}}],"collection":[{"href":"https:\/\/roveyayinevi.com.tr\/index.php\/wp-json\/wp\/v2\/product"}],"about":[{"href":"https:\/\/roveyayinevi.com.tr\/index.php\/wp-json\/wp\/v2\/types\/product"}],"wp:attachment":[{"href":"https:\/\/roveyayinevi.com.tr\/index.php\/wp-json\/wp\/v2\/media?parent=689543"}],"wp:term":[{"taxonomy":"product_brand","embeddable":true,"href":"https:\/\/roveyayinevi.com.tr\/index.php\/wp-json\/wp\/v2\/product_brand?post=689543"},{"taxonomy":"product_cat","embeddable":true,"href":"https:\/\/roveyayinevi.com.tr\/index.php\/wp-json\/wp\/v2\/product_cat?post=689543"},{"taxonomy":"product_tag","embeddable":true,"href":"https:\/\/roveyayinevi.com.tr\/index.php\/wp-json\/wp\/v2\/product_tag?post=689543"}],"curies":[{"name":"wp","href":"https:\/\/api.w.org\/{rel}","templated":true}]}}