{"id":689542,"date":"2025-08-27T13:11:58","date_gmt":"2025-08-27T10:11:58","guid":{"rendered":"https:\/\/roveyayinevi.com.tr\/index.php\/urun\/cocuk-kalbi\/"},"modified":"2026-04-16T01:59:18","modified_gmt":"2026-04-15T22:59:18","slug":"cocuk-kalbi","status":"publish","type":"product","link":"https:\/\/roveyayinevi.com.tr\/index.php\/urun\/cocuk-kalbi\/","title":{"rendered":"\u00c7ocuk Kalbi"},"content":{"rendered":"<p>Okulun ilk g\u00fcn\u00fc. Yazl\u0131ktaki tatil d\u00fc\u015f gibi ge\u00e7ti! \u0130lkokulun \u00fc\u00e7\u00fcnc\u00fc s\u0131n\u0131f\u0131ra yazd\u0131rmak i\u00e7in annem beni bu sabah okula g\u00f6t\u00fcrd\u00fc. G\u00f6nl\u00fcm yazl\u0131ktayd\u0131. Okula isteksiz gidiyordum.Giri\u015f kap\u0131s\u0131nda ikinci s\u0131n\u0131f \u00f6\u011fretmenim bana: Demek t\u00fcm\u00fcyle ayr\u0131ld\u0131k, dedi. <\/p>\n","protected":false},"excerpt":{"rendered":"<p>Okulun ilk g\u00fcn\u00fc. Yazl\u0131ktaki tatil d\u00fc\u015f gibi ge\u00e7ti! \u0130lkokulun \u00fc\u00e7\u00fcnc\u00fc s\u0131n\u0131f\u0131ra yazd\u0131rmak i\u00e7in annem beni bu sabah okula g\u00f6t\u00fcrd\u00fc. G\u00f6nl\u00fcm yazl\u0131ktayd\u0131. Okula isteksiz gidiyordum.Giri\u015f kap\u0131s\u0131nda ikinci<span class=\"excerpt-hellip\"> [\u2026]<\/span><\/p>\n","protected":false},"featured_media":0,"template":"","meta":{"_monsterinsights_skip_tracking":false,"_monsterinsights_sitenote_active":false,"_monsterinsights_sitenote_note":"","_monsterinsights_sitenote_category":0},"product_brand":[],"product_cat":[12274,12284],"product_tag":[],"class_list":{"0":"post-689542","1":"product","2":"type-product","3":"status-publish","5":"product_cat-cocuk-ve-genclik-kitaplari","6":"product_cat-hikayeler","7":"pa_cilt-ciltsiz","8":"pa_tur-kitap","9":"pa_yayinevi-inkilap-kitabevi","10":"pa_yazar-edmondo-de-amicis","12":"first","13":"instock","14":"sale","15":"shipping-taxable","16":"purchasable","17":"product-type-simple"},"_links":{"self":[{"href":"https:\/\/roveyayinevi.com.tr\/index.php\/wp-json\/wp\/v2\/product\/689542","targetHints":{"allow":["GET"]}}],"collection":[{"href":"https:\/\/roveyayinevi.com.tr\/index.php\/wp-json\/wp\/v2\/product"}],"about":[{"href":"https:\/\/roveyayinevi.com.tr\/index.php\/wp-json\/wp\/v2\/types\/product"}],"wp:attachment":[{"href":"https:\/\/roveyayinevi.com.tr\/index.php\/wp-json\/wp\/v2\/media?parent=689542"}],"wp:term":[{"taxonomy":"product_brand","embeddable":true,"href":"https:\/\/roveyayinevi.com.tr\/index.php\/wp-json\/wp\/v2\/product_brand?post=689542"},{"taxonomy":"product_cat","embeddable":true,"href":"https:\/\/roveyayinevi.com.tr\/index.php\/wp-json\/wp\/v2\/product_cat?post=689542"},{"taxonomy":"product_tag","embeddable":true,"href":"https:\/\/roveyayinevi.com.tr\/index.php\/wp-json\/wp\/v2\/product_tag?post=689542"}],"curies":[{"name":"wp","href":"https:\/\/api.w.org\/{rel}","templated":true}]}}