{"id":689541,"date":"2025-08-27T13:11:58","date_gmt":"2025-08-27T10:11:58","guid":{"rendered":"https:\/\/roveyayinevi.com.tr\/index.php\/urun\/calikusu-gencler-icin-turk-klasikleri\/"},"modified":"2026-04-16T01:59:18","modified_gmt":"2026-04-15T22:59:18","slug":"calikusu-gencler-icin-turk-klasikleri","status":"publish","type":"product","link":"https:\/\/roveyayinevi.com.tr\/index.php\/urun\/calikusu-gencler-icin-turk-klasikleri\/","title":{"rendered":"\u00c7al\u0131ku\u015fu &#8211; Gen\u00e7ler \u0130\u00e7in T\u00fcrk Klasikleri"},"content":{"rendered":"<p>Romanc\u0131, oyun yazar\u0131 \u0130stanbul\u00b4da do\u011fdu. \u00c7anakkale Lisesinde okudu. y\u00fcksek \u00f6\u011frenimini tamamlad\u0131ktan sonra Bursa ve \u0130stanbul Liselerinde edebiyat, felsefe, pedagoji \u00f6\u011fretmenli\u011fi ve m\u00fcd\u00fcrl\u00fck g\u00f6revlerinde bulundu. Milli E\u011fitim M\u00fcfetti\u015fli\u011fi, Paris K\u00fclt\u00fcr Ate\u015feli\u011fi yapt\u0131. UNESCO\u00b4da T\u00fcrkiye\u00b4yi temsil etti. Romanlar\u0131, hikayeleri, tiyatro eserlerinin yan\u0131 s\u0131ra \u00e7e\u015fitli \u00e7evirileri de vard\u0131r. <\/p>\n","protected":false},"excerpt":{"rendered":"<p>Romanc\u0131, oyun yazar\u0131 \u0130stanbul\u00b4da do\u011fdu. \u00c7anakkale Lisesinde okudu. y\u00fcksek \u00f6\u011frenimini tamamlad\u0131ktan sonra Bursa ve \u0130stanbul Liselerinde edebiyat, felsefe, pedagoji \u00f6\u011fretmenli\u011fi ve m\u00fcd\u00fcrl\u00fck g\u00f6revlerinde bulundu. Milli E\u011fitim<span class=\"excerpt-hellip\"> [\u2026]<\/span><\/p>\n","protected":false},"featured_media":0,"template":"","meta":{"_monsterinsights_skip_tracking":false,"_monsterinsights_sitenote_active":false,"_monsterinsights_sitenote_note":"","_monsterinsights_sitenote_category":0},"product_brand":[],"product_cat":[12291,12292],"product_tag":[],"class_list":{"0":"post-689541","1":"product","2":"type-product","3":"status-publish","5":"product_cat-edebiyat","6":"product_cat-turk-edebiyati","7":"pa_cilt-ciltsiz","8":"pa_tur-kitap","9":"pa_yayinevi-resat-nuri-guntekin-yayinlari","10":"pa_yazar-resat-nuri-guntekin","12":"first","13":"instock","14":"sale","15":"shipping-taxable","16":"purchasable","17":"product-type-simple"},"_links":{"self":[{"href":"https:\/\/roveyayinevi.com.tr\/index.php\/wp-json\/wp\/v2\/product\/689541","targetHints":{"allow":["GET"]}}],"collection":[{"href":"https:\/\/roveyayinevi.com.tr\/index.php\/wp-json\/wp\/v2\/product"}],"about":[{"href":"https:\/\/roveyayinevi.com.tr\/index.php\/wp-json\/wp\/v2\/types\/product"}],"wp:attachment":[{"href":"https:\/\/roveyayinevi.com.tr\/index.php\/wp-json\/wp\/v2\/media?parent=689541"}],"wp:term":[{"taxonomy":"product_brand","embeddable":true,"href":"https:\/\/roveyayinevi.com.tr\/index.php\/wp-json\/wp\/v2\/product_brand?post=689541"},{"taxonomy":"product_cat","embeddable":true,"href":"https:\/\/roveyayinevi.com.tr\/index.php\/wp-json\/wp\/v2\/product_cat?post=689541"},{"taxonomy":"product_tag","embeddable":true,"href":"https:\/\/roveyayinevi.com.tr\/index.php\/wp-json\/wp\/v2\/product_tag?post=689541"}],"curies":[{"name":"wp","href":"https:\/\/api.w.org\/{rel}","templated":true}]}}