{"id":689538,"date":"2025-08-27T13:11:57","date_gmt":"2025-08-27T10:11:57","guid":{"rendered":"https:\/\/roveyayinevi.com.tr\/index.php\/urun\/david-copperfield-gencler-icin\/"},"modified":"2026-04-16T01:59:18","modified_gmt":"2026-04-15T22:59:18","slug":"david-copperfield-gencler-icin","status":"publish","type":"product","link":"https:\/\/roveyayinevi.com.tr\/index.php\/urun\/david-copperfield-gencler-icin\/","title":{"rendered":"David Copperfield (Gen\u00e7ler \u0130\u00e7in)"},"content":{"rendered":"<p>Babas\u0131, David Copperfield do\u011fmadan \u00f6nce \u00f6lm\u00fc\u015ft\u00fc. Zengin bir kad\u0131n olan b\u00fcy\u00fck halas\u0131 ise David\u2019i kabullenmemi\u015fti. David\u2019in hayat\u0131, annesinin zalim bir adamla evlenmesi ile iyice zorla\u015ft\u0131\u011f\u0131nda, \u00fcvey babas\u0131n\u0131n k\u00f6t\u00fc davran\u0131\u015flar\u0131ndan ancak yat\u0131l\u0131 okula giderek kurtulacakt\u0131. Okuldayken annesi \u00f6l\u00fcnce, art\u0131k hayatta tek ba\u015f\u0131na kalacakt\u0131. Uzun u\u011fra\u015flardan sonra halas\u0131na ula\u015facak ve onun himayesine girecekti. Ancak derslerine d\u00f6rt elle sar\u0131lacak, avukat olmak isteyecekti. Bir s\u00fcre sonra da roman yazmaya karar vererek hayat\u0131n\u0131 k\u00f6k\u00fcnden de\u011fi\u015ftirecekti. Charles Dickens\u2019\u0131n Sanayi Devrimi sonras\u0131 \u0130ngiltere\u2019sinin anlatt\u0131\u011f\u0131 ve kendi hayat\u0131n\u0131n d\u00f6n\u00fcm noktalar\u0131na da yer verdi\u011fi  David Copperfield edebiyat tarihinin en \u00f6nemli eserlerinden biri&#8230; <\/p>\n","protected":false},"excerpt":{"rendered":"<p>Babas\u0131, David Copperfield do\u011fmadan \u00f6nce \u00f6lm\u00fc\u015ft\u00fc. Zengin bir kad\u0131n olan b\u00fcy\u00fck halas\u0131 ise David\u2019i kabullenmemi\u015fti. David\u2019in hayat\u0131, annesinin zalim bir adamla evlenmesi ile iyice zorla\u015ft\u0131\u011f\u0131nda, \u00fcvey<span class=\"excerpt-hellip\"> [\u2026]<\/span><\/p>\n","protected":false},"featured_media":0,"template":"","meta":{"_monsterinsights_skip_tracking":false,"_monsterinsights_sitenote_active":false,"_monsterinsights_sitenote_note":"","_monsterinsights_sitenote_category":0},"product_brand":[],"product_cat":[12274,12284],"product_tag":[],"class_list":{"0":"post-689538","1":"product","2":"type-product","3":"status-publish","5":"product_cat-cocuk-ve-genclik-kitaplari","6":"product_cat-hikayeler","7":"pa_cilt-ciltsiz","8":"pa_tur-kitap","9":"pa_yayinevi-inkilap-kitabevi","10":"pa_yazar-charles-dickens","12":"first","13":"instock","14":"sale","15":"shipping-taxable","16":"purchasable","17":"product-type-simple"},"_links":{"self":[{"href":"https:\/\/roveyayinevi.com.tr\/index.php\/wp-json\/wp\/v2\/product\/689538","targetHints":{"allow":["GET"]}}],"collection":[{"href":"https:\/\/roveyayinevi.com.tr\/index.php\/wp-json\/wp\/v2\/product"}],"about":[{"href":"https:\/\/roveyayinevi.com.tr\/index.php\/wp-json\/wp\/v2\/types\/product"}],"wp:attachment":[{"href":"https:\/\/roveyayinevi.com.tr\/index.php\/wp-json\/wp\/v2\/media?parent=689538"}],"wp:term":[{"taxonomy":"product_brand","embeddable":true,"href":"https:\/\/roveyayinevi.com.tr\/index.php\/wp-json\/wp\/v2\/product_brand?post=689538"},{"taxonomy":"product_cat","embeddable":true,"href":"https:\/\/roveyayinevi.com.tr\/index.php\/wp-json\/wp\/v2\/product_cat?post=689538"},{"taxonomy":"product_tag","embeddable":true,"href":"https:\/\/roveyayinevi.com.tr\/index.php\/wp-json\/wp\/v2\/product_tag?post=689538"}],"curies":[{"name":"wp","href":"https:\/\/api.w.org\/{rel}","templated":true}]}}