{"id":689537,"date":"2025-08-27T13:11:57","date_gmt":"2025-08-27T10:11:57","guid":{"rendered":"https:\/\/roveyayinevi.com.tr\/index.php\/urun\/cocuk-egitiminde-yapilan-hatalar\/"},"modified":"2026-04-16T01:59:18","modified_gmt":"2026-04-15T22:59:18","slug":"cocuk-egitiminde-yapilan-hatalar","status":"publish","type":"product","link":"https:\/\/roveyayinevi.com.tr\/index.php\/urun\/cocuk-egitiminde-yapilan-hatalar\/","title":{"rendered":"\u00c7ocuk E\u011fitiminde Yap\u0131lan Hatalar"},"content":{"rendered":"<p>Her \u00e7ocuk, belirli bir zaman s\u00fcrecinde e\u011fitilir ve bu s\u00fcre\u00e7te yap\u0131lan hatalar\u0131n ileride d\u00fczeltilmesi \u00e7ok g\u00fc\u00e7 olabilir. \u00d6zellikle \u00e7ocuk e\u011fitiminde ilk y\u0131llar, ki\u015filik geli\u015fimi bak\u0131m\u0131ndan b\u00fcy\u00fck \u00f6nem ta\u015f\u0131d\u0131\u011f\u0131 i\u00e7in, yap\u0131lan \u00e7ok basit hatalar bile, ya\u015fam boyu bireyin hayat\u0131n\u0131 olumsuz etkileyebilir. G\u00fcn\u00fcm\u00fczde \u00e7ocuk \u00fczerinde etki b\u0131rakan bir\u00e7ok fakt\u00f6r olmas\u0131na ra\u011fmen; \u00e7ocuk, anne babas\u0131n\u0131n izinde y\u00fcr\u00fcmektedir. Yani anne baban\u0131n b\u00fct\u00fcn s\u00f6z ve davran\u0131\u015flar\u0131n\u0131 d\u00fczeyine uygun olarak geli\u015fim s\u00fcrecine aktar\u0131r. Bireyin mutlu ve kaliteli bir ya\u015fam s\u00fcrd\u00fcrmesi onun \u00e7ocuklukta ald\u0131\u011f\u0131 e\u011fitimle do\u011frudan ba\u011flant\u0131l\u0131d\u0131r; \u00e7\u00fcnk\u00fc ya\u015fama dair ilk deneyimlerini aile ortam\u0131nda edinir. Baz\u0131 yanl\u0131\u015f kazan\u0131mlar, onun toplum taraf\u0131ndan d\u0131\u015flanmas\u0131na, k\u0131r\u0131lgan ve hassas bir ruh yap\u0131s\u0131na sahip olmas\u0131na yol a\u00e7abilir. Hatta yasal olmayan yollara sapmas\u0131na bile neden olabilece\u011fi g\u00f6z ard\u0131 edilmemelidir. <\/p>\n","protected":false},"excerpt":{"rendered":"<p>Her \u00e7ocuk, belirli bir zaman s\u00fcrecinde e\u011fitilir ve bu s\u00fcre\u00e7te yap\u0131lan hatalar\u0131n ileride d\u00fczeltilmesi \u00e7ok g\u00fc\u00e7 olabilir. \u00d6zellikle \u00e7ocuk e\u011fitiminde ilk y\u0131llar, ki\u015filik geli\u015fimi bak\u0131m\u0131ndan b\u00fcy\u00fck<span class=\"excerpt-hellip\"> [\u2026]<\/span><\/p>\n","protected":false},"featured_media":0,"template":"","meta":{"_monsterinsights_skip_tracking":false,"_monsterinsights_sitenote_active":false,"_monsterinsights_sitenote_note":"","_monsterinsights_sitenote_category":0},"product_brand":[],"product_cat":[14902,13365],"product_tag":[],"class_list":{"0":"post-689537","1":"product","2":"type-product","3":"status-publish","5":"product_cat-annelik-ve-cocuk-bakimi","6":"product_cat-saglik","7":"pa_cilt-ciltsiz","8":"pa_tur-kitap","9":"pa_yayinevi-inkilap-kitabevi","10":"pa_yazar-cetin-ozbey","12":"first","13":"instock","14":"sale","15":"shipping-taxable","16":"purchasable","17":"product-type-simple"},"_links":{"self":[{"href":"https:\/\/roveyayinevi.com.tr\/index.php\/wp-json\/wp\/v2\/product\/689537","targetHints":{"allow":["GET"]}}],"collection":[{"href":"https:\/\/roveyayinevi.com.tr\/index.php\/wp-json\/wp\/v2\/product"}],"about":[{"href":"https:\/\/roveyayinevi.com.tr\/index.php\/wp-json\/wp\/v2\/types\/product"}],"wp:attachment":[{"href":"https:\/\/roveyayinevi.com.tr\/index.php\/wp-json\/wp\/v2\/media?parent=689537"}],"wp:term":[{"taxonomy":"product_brand","embeddable":true,"href":"https:\/\/roveyayinevi.com.tr\/index.php\/wp-json\/wp\/v2\/product_brand?post=689537"},{"taxonomy":"product_cat","embeddable":true,"href":"https:\/\/roveyayinevi.com.tr\/index.php\/wp-json\/wp\/v2\/product_cat?post=689537"},{"taxonomy":"product_tag","embeddable":true,"href":"https:\/\/roveyayinevi.com.tr\/index.php\/wp-json\/wp\/v2\/product_tag?post=689537"}],"curies":[{"name":"wp","href":"https:\/\/api.w.org\/{rel}","templated":true}]}}