{"id":689536,"date":"2025-08-27T13:11:57","date_gmt":"2025-08-27T10:11:57","guid":{"rendered":"https:\/\/roveyayinevi.com.tr\/index.php\/urun\/dijital-fotografcilik\/"},"modified":"2026-04-16T01:59:18","modified_gmt":"2026-04-15T22:59:18","slug":"dijital-fotografcilik","status":"publish","type":"product","link":"https:\/\/roveyayinevi.com.tr\/index.php\/urun\/dijital-fotografcilik\/","title":{"rendered":"Dijital Foto\u011fraf\u00e7\u0131l\u0131k"},"content":{"rendered":"<p>\u00dcnl\u00fc foto\u011fraf\u00e7\u0131 ve dijital uzman\u0131 Tom Ang \u00f6zel terimlerin bulunmad\u0131\u011f\u0131 bu kitapta, dijital foto\u011fraf\u00e7\u0131l\u0131\u011f\u0131n temelleri konusunda ustala\u015fman\u0131za yard\u0131mc\u0131 oluyor. Ne t\u00fcr bir makine alman\u0131z gerekti\u011finden, foto\u011fraflar\u0131n\u0131z\u0131 internette yay\u0131nlamaya kadar, ihtiya\u00e7 duydu\u011funuzdan daha fazla bilgiyi i\u00e7eren bu kitab\u0131 ke\u015ffedin. <\/p>\n","protected":false},"excerpt":{"rendered":"<p>\u00dcnl\u00fc foto\u011fraf\u00e7\u0131 ve dijital uzman\u0131 Tom Ang \u00f6zel terimlerin bulunmad\u0131\u011f\u0131 bu kitapta, dijital foto\u011fraf\u00e7\u0131l\u0131\u011f\u0131n temelleri konusunda ustala\u015fman\u0131za yard\u0131mc\u0131 oluyor. Ne t\u00fcr bir makine alman\u0131z gerekti\u011finden, foto\u011fraflar\u0131n\u0131z\u0131<span class=\"excerpt-hellip\"> [\u2026]<\/span><\/p>\n","protected":false},"featured_media":0,"template":"","meta":{"_monsterinsights_skip_tracking":false,"_monsterinsights_sitenote_active":false,"_monsterinsights_sitenote_note":"","_monsterinsights_sitenote_category":0},"product_brand":[],"product_cat":[12409,12408],"product_tag":[],"class_list":{"0":"post-689536","1":"product","2":"type-product","3":"status-publish","5":"product_cat-fotograf-sinema-tiyatro","6":"product_cat-sanat","7":"pa_cilt-ciltsiz","8":"pa_tur-kitap","9":"pa_yayinevi-inkilap-kitabevi","10":"pa_yazar-tom-ang","12":"first","13":"instock","14":"sale","15":"shipping-taxable","16":"purchasable","17":"product-type-simple"},"_links":{"self":[{"href":"https:\/\/roveyayinevi.com.tr\/index.php\/wp-json\/wp\/v2\/product\/689536","targetHints":{"allow":["GET"]}}],"collection":[{"href":"https:\/\/roveyayinevi.com.tr\/index.php\/wp-json\/wp\/v2\/product"}],"about":[{"href":"https:\/\/roveyayinevi.com.tr\/index.php\/wp-json\/wp\/v2\/types\/product"}],"wp:attachment":[{"href":"https:\/\/roveyayinevi.com.tr\/index.php\/wp-json\/wp\/v2\/media?parent=689536"}],"wp:term":[{"taxonomy":"product_brand","embeddable":true,"href":"https:\/\/roveyayinevi.com.tr\/index.php\/wp-json\/wp\/v2\/product_brand?post=689536"},{"taxonomy":"product_cat","embeddable":true,"href":"https:\/\/roveyayinevi.com.tr\/index.php\/wp-json\/wp\/v2\/product_cat?post=689536"},{"taxonomy":"product_tag","embeddable":true,"href":"https:\/\/roveyayinevi.com.tr\/index.php\/wp-json\/wp\/v2\/product_tag?post=689536"}],"curies":[{"name":"wp","href":"https:\/\/api.w.org\/{rel}","templated":true}]}}